{"id":8103,"date":"2025-05-30T18:00:45","date_gmt":"2025-05-30T23:00:45","guid":{"rendered":"https:\/\/vinylcolors.co\/new\/?page_id=8103"},"modified":"2026-03-03T12:49:53","modified_gmt":"2026-03-03T17:49:53","slug":"quienes-somos","status":"publish","type":"page","link":"http:\/\/vinylcolors.co\/en\/nuestra-compania\/quienes-somos\/","title":{"rendered":"Qui\u00e9nes somos"},"content":{"rendered":"<div class=\"wpb-content-wrapper\"><div data-vc-full-width=\"true\" data-vc-full-width-init=\"false\" class=\"vc_row wpb_row vc_row-fluid vc_column-gap-35 vc_row-o-equal-height vc_row-o-content-middle vc_row-flex\"><div class=\"wpb_column vc_column_container vc_col-sm-6\"><div class=\"vc_column-inner\"><div class=\"wpb_wrapper\"><div class=\"wpb_single_image tbay-addon wpb_content_element vc_align_center\">\r\n\t\t\r\n\t\t<figure class=\"wpb_wrapper vc_figure\">\r\n\t\t\t<div class=\"vc_single_image-wrapper   vc_box_border_grey\"><img loading=\"lazy\" decoding=\"async\" width=\"1000\" height=\"1000\" src=\"http:\/\/vinylcolors.co\/wp-content\/uploads\/2025\/05\/Vinyl-Colors-png.avif\" class=\"vc_single_image-img attachment-full\" alt=\"distribuidor de vinilos VINYL COLORS\" title=\"Vinyl-Colors-png\" \/><\/div>\r\n\t\t<\/figure>\r\n\t<\/div><\/div><\/div><\/div><div class=\"wpb_column vc_column_container vc_col-sm-6\"><div class=\"vc_column-inner\"><div class=\"wpb_wrapper\">\n\t<div class=\"wpb_text_column wpb_content_element\" >\n\t\t<div class=\"wpb_wrapper\">\n\t\t\t<p>Si te preguntas qu\u00e9 venden en Vinyl Colors, aqu\u00ed te lo explicamos.<\/p>\n<h1 class=\"titulos-secciones\" style=\"text-align: justify;\">Somos Vinyl-Color\u00b4s<\/h1>\n<p style=\"text-align: justify;\">En\u00a0<em>Vinyl-Color\u00b4s<\/em>\u00a0nos hemos caracterizado por ser una importadora l\u00edder en el mercado en el suministro de insumos para\u00a0<b>PUBLICIDAD<\/b>, tales como: y tambi\u00e9n por la variedad que venden en Vinyl Colors.<\/p>\n<h2 class=\"h2categorias\"><strong>\u2013 \u00a0Vinilo textil<\/strong><\/h2>\n<h2 class=\"h2categorias\"><strong>\u2013\u00a0 Vinilo de corte<\/strong><\/h2>\n<h2 class=\"h2categorias\"><strong>\u2013\u00a0 Vinilo decorativo<\/strong><\/h2>\n<h2 class=\"h2categorias\"><strong>\u2013\u00a0 Polarizado<br \/>\n<\/strong><\/h2>\n<h2 class=\"h2categorias\"><strong>\u2013\u00a0 Vinilo Wrap<br \/>\n<\/strong><\/h2>\n<h2 class=\"h2categorias\"><strong>\u2013\u00a0 PPF\u00a0<\/strong><\/h2>\n<h2 class=\"h2categorias\"><strong>\u2013\u00a0 Materiales para impresi\u00f3n digital<\/strong><\/h2>\n<h2 class=\"h2categorias\"><strong>\u2013\u00a0 Fibra para veh\u00edculo termoformable<\/strong>, <i>e<\/i>ntre muchos m\u00e1s. Por eso, si te preguntas qu\u00e9 venden en Vinyl Colors, aqu\u00ed tienes algunas de las opciones m\u00e1s populares.<\/h2>\n<p style=\"text-align: justify;\">Garantiz\u00e1ndole productos de alta calidad e innovaci\u00f3n, con una trayectoria de m\u00e1s de 10 a\u00f1os en el mercado, pretendemos desarrollar un acompa\u00f1amiento como proveedores y asesor\u00eda en este medio. Como valor agregado avalamos el tiempo de entrega de nuestros productos y prestamos un servicio postventa a nuestros clientes a nivel nacional.<\/p>\n\n\t\t<\/div>\n\t<\/div>\n<\/div><\/div><\/div><\/div><div class=\"vc_row-full-width vc_clearfix\"><\/div>\n<\/div>","protected":false},"excerpt":{"rendered":"Si te preguntas qu\u00e9 venden en Vinyl Colors, aqu\u00ed te lo explicamos. Somos Vinyl-Color\u00b4s En\u00a0Vinyl-Color\u00b4s\u00a0nos hemos caracterizado por ser una importadora l\u00edder en el mercado en el suministro de insumos para\u00a0PUBLICIDAD, tales como: y tambi\u00e9n por la variedad que venden en Vinyl Colors. \u2013 \u00a0Vinilo textil \u2013\u00a0 Vinilo de corte \u2013\u00a0 Vinilo decorativo \u2013\u00a0 Polarizado &hellip; <a href=\"http:\/\/vinylcolors.co\/en\/nuestra-compania\/quienes-somos\/\" class=\"more-link\">Continue reading <span class=\"screen-reader-text\">Qui\u00e9nes somos<\/span><\/a>","protected":false},"author":1,"featured_media":8169,"parent":8098,"menu_order":0,"comment_status":"closed","ping_status":"closed","template":"","meta":{"inline_featured_image":false,"footnotes":""},"class_list":["post-8103","page","type-page","status-publish","has-post-thumbnail","hentry"],"yoast_head":"<!-- This site is optimized with the Yoast SEO Premium plugin v27.1 (Yoast SEO v27.3) - https:\/\/yoast.com\/product\/yoast-seo-premium-wordpress\/ -->\n<title>Que venden en Vinyl Colors para publicidad, forrar carros, ppf wrap - Vinyl Colors<\/title>\n<meta name=\"description\" content=\"En Vinyl Colors ofrecemos insumos para publicidad, polarizado vinilo wrap, ppf. Conoce qu\u00e9 venden y donde est\u00e1n ubicados.\" \/>\n<meta name=\"robots\" content=\"index, follow, max-snippet:-1, max-image-preview:large, max-video-preview:-1\" \/>\n<link rel=\"canonical\" href=\"http:\/\/vinylcolors.co\/en\/nuestra-compania\/quienes-somos\/\" \/>\n<meta property=\"og:locale\" content=\"en_US\" \/>\n<meta property=\"og:type\" content=\"article\" \/>\n<meta property=\"og:title\" content=\"Qui\u00e9nes somos\" \/>\n<meta property=\"og:description\" content=\"En Vinyl Colors ofrecemos insumos para publicidad, polarizado vinilo wrap, ppf. Conoce qu\u00e9 venden y donde est\u00e1n ubicados.\" \/>\n<meta property=\"og:url\" content=\"http:\/\/vinylcolors.co\/en\/nuestra-compania\/quienes-somos\/\" \/>\n<meta property=\"og:site_name\" content=\"Vinyl Colors\" \/>\n<meta property=\"article:publisher\" content=\"https:\/\/www.facebook.com\/vinyl.color\" \/>\n<meta property=\"article:modified_time\" content=\"2026-03-03T17:49:53+00:00\" \/>\n<meta name=\"twitter:card\" content=\"summary_large_image\" \/>\n<meta name=\"twitter:label1\" content=\"Est. reading time\" \/>\n\t<meta name=\"twitter:data1\" content=\"1 minute\" \/>\n<script type=\"application\/ld+json\" class=\"yoast-schema-graph\">{\"@context\":\"https:\\\/\\\/schema.org\",\"@graph\":[{\"@type\":\"WebPage\",\"@id\":\"http:\\\/\\\/vinylcolors.co\\\/en\\\/nuestra-compania\\\/quienes-somos\\\/\",\"url\":\"http:\\\/\\\/vinylcolors.co\\\/en\\\/nuestra-compania\\\/quienes-somos\\\/\",\"name\":\"Que venden en Vinyl Colors para publicidad, forrar carros, ppf wrap - Vinyl Colors\",\"isPartOf\":{\"@id\":\"https:\\\/\\\/vinylcolors.co\\\/#website\"},\"primaryImageOfPage\":{\"@id\":\"http:\\\/\\\/vinylcolors.co\\\/en\\\/nuestra-compania\\\/quienes-somos\\\/#primaryimage\"},\"image\":{\"@id\":\"http:\\\/\\\/vinylcolors.co\\\/en\\\/nuestra-compania\\\/quienes-somos\\\/#primaryimage\"},\"thumbnailUrl\":\"http:\\\/\\\/vinylcolors.co\\\/wp-content\\\/uploads\\\/2025\\\/05\\\/Vinyl-Colors-png.avif\",\"datePublished\":\"2025-05-30T23:00:45+00:00\",\"dateModified\":\"2026-03-03T17:49:53+00:00\",\"description\":\"En Vinyl Colors ofrecemos insumos para publicidad, polarizado vinilo wrap, ppf. Conoce qu\u00e9 venden y donde est\u00e1n ubicados.\",\"breadcrumb\":{\"@id\":\"http:\\\/\\\/vinylcolors.co\\\/en\\\/nuestra-compania\\\/quienes-somos\\\/#breadcrumb\"},\"inLanguage\":\"en-US\",\"potentialAction\":[{\"@type\":\"ReadAction\",\"target\":[\"http:\\\/\\\/vinylcolors.co\\\/en\\\/nuestra-compania\\\/quienes-somos\\\/\"]}]},{\"@type\":\"ImageObject\",\"inLanguage\":\"en-US\",\"@id\":\"http:\\\/\\\/vinylcolors.co\\\/en\\\/nuestra-compania\\\/quienes-somos\\\/#primaryimage\",\"url\":\"http:\\\/\\\/vinylcolors.co\\\/wp-content\\\/uploads\\\/2025\\\/05\\\/Vinyl-Colors-png.avif\",\"contentUrl\":\"http:\\\/\\\/vinylcolors.co\\\/wp-content\\\/uploads\\\/2025\\\/05\\\/Vinyl-Colors-png.avif\",\"width\":1000,\"height\":1000,\"caption\":\"distribuidor de vinilos VINYL COLORS\"},{\"@type\":\"BreadcrumbList\",\"@id\":\"http:\\\/\\\/vinylcolors.co\\\/en\\\/nuestra-compania\\\/quienes-somos\\\/#breadcrumb\",\"itemListElement\":[{\"@type\":\"ListItem\",\"position\":1,\"name\":\"Inicio\",\"item\":\"https:\\\/\\\/vinylcolors.co\\\/en\\\/\"},{\"@type\":\"ListItem\",\"position\":2,\"name\":\"Nuestra compa\u00f1\u00eda\",\"item\":\"https:\\\/\\\/vinylcolors.co\\\/en\\\/nuestra-compania\\\/\"},{\"@type\":\"ListItem\",\"position\":3,\"name\":\"Qui\u00e9nes somos\"}]},{\"@type\":\"WebSite\",\"@id\":\"https:\\\/\\\/vinylcolors.co\\\/#website\",\"url\":\"https:\\\/\\\/vinylcolors.co\\\/\",\"name\":\"Vinyl Colors\",\"description\":\"Competimos con calidad, servicio, y los mejores precios\",\"publisher\":{\"@id\":\"https:\\\/\\\/vinylcolors.co\\\/#organization\"},\"potentialAction\":[{\"@type\":\"SearchAction\",\"target\":{\"@type\":\"EntryPoint\",\"urlTemplate\":\"https:\\\/\\\/vinylcolors.co\\\/?s={search_term_string}\"},\"query-input\":{\"@type\":\"PropertyValueSpecification\",\"valueRequired\":true,\"valueName\":\"search_term_string\"}}],\"inLanguage\":\"en-US\"},{\"@type\":[\"Organization\",\"Place\"],\"@id\":\"https:\\\/\\\/vinylcolors.co\\\/#organization\",\"name\":\"Vinyl Colors\",\"url\":\"https:\\\/\\\/vinylcolors.co\\\/\",\"logo\":{\"@id\":\"http:\\\/\\\/vinylcolors.co\\\/en\\\/nuestra-compania\\\/quienes-somos\\\/#local-main-organization-logo\"},\"image\":{\"@id\":\"http:\\\/\\\/vinylcolors.co\\\/en\\\/nuestra-compania\\\/quienes-somos\\\/#local-main-organization-logo\"},\"sameAs\":[\"https:\\\/\\\/www.facebook.com\\\/vinyl.color\",\"https:\\\/\\\/www.instagram.com\\\/vinyl.colors\\\/\"],\"telephone\":[],\"openingHoursSpecification\":[{\"@type\":\"OpeningHoursSpecification\",\"dayOfWeek\":[\"Monday\",\"Tuesday\",\"Wednesday\",\"Thursday\",\"Friday\",\"Saturday\",\"Sunday\"],\"opens\":\"09:00\",\"closes\":\"17:00\"}]},{\"@type\":\"ImageObject\",\"inLanguage\":\"en-US\",\"@id\":\"http:\\\/\\\/vinylcolors.co\\\/en\\\/nuestra-compania\\\/quienes-somos\\\/#local-main-organization-logo\",\"url\":\"http:\\\/\\\/vinylcolors.co\\\/wp-content\\\/uploads\\\/2025\\\/05\\\/logo-vinyl-colors.png\",\"contentUrl\":\"http:\\\/\\\/vinylcolors.co\\\/wp-content\\\/uploads\\\/2025\\\/05\\\/logo-vinyl-colors.png\",\"width\":500,\"height\":83,\"caption\":\"Vinyl Colors\"}]}<\/script>\n<!-- \/ Yoast SEO Premium plugin. -->","yoast_head_json":{"title":"Que venden en Vinyl Colors para publicidad, forrar carros, ppf wrap - Vinyl Colors","description":"En Vinyl Colors ofrecemos insumos para publicidad, polarizado vinilo wrap, ppf. Conoce qu\u00e9 venden y donde est\u00e1n ubicados.","robots":{"index":"index","follow":"follow","max-snippet":"max-snippet:-1","max-image-preview":"max-image-preview:large","max-video-preview":"max-video-preview:-1"},"canonical":"http:\/\/vinylcolors.co\/en\/nuestra-compania\/quienes-somos\/","og_locale":"en_US","og_type":"article","og_title":"Qui\u00e9nes somos","og_description":"En Vinyl Colors ofrecemos insumos para publicidad, polarizado vinilo wrap, ppf. Conoce qu\u00e9 venden y donde est\u00e1n ubicados.","og_url":"http:\/\/vinylcolors.co\/en\/nuestra-compania\/quienes-somos\/","og_site_name":"Vinyl Colors","article_publisher":"https:\/\/www.facebook.com\/vinyl.color","article_modified_time":"2026-03-03T17:49:53+00:00","twitter_card":"summary_large_image","twitter_misc":{"Est. reading time":"1 minute"},"schema":{"@context":"https:\/\/schema.org","@graph":[{"@type":"WebPage","@id":"http:\/\/vinylcolors.co\/en\/nuestra-compania\/quienes-somos\/","url":"http:\/\/vinylcolors.co\/en\/nuestra-compania\/quienes-somos\/","name":"Que venden en Vinyl Colors para publicidad, forrar carros, ppf wrap - Vinyl Colors","isPartOf":{"@id":"https:\/\/vinylcolors.co\/#website"},"primaryImageOfPage":{"@id":"http:\/\/vinylcolors.co\/en\/nuestra-compania\/quienes-somos\/#primaryimage"},"image":{"@id":"http:\/\/vinylcolors.co\/en\/nuestra-compania\/quienes-somos\/#primaryimage"},"thumbnailUrl":"http:\/\/vinylcolors.co\/wp-content\/uploads\/2025\/05\/Vinyl-Colors-png.avif","datePublished":"2025-05-30T23:00:45+00:00","dateModified":"2026-03-03T17:49:53+00:00","description":"En Vinyl Colors ofrecemos insumos para publicidad, polarizado vinilo wrap, ppf. Conoce qu\u00e9 venden y donde est\u00e1n ubicados.","breadcrumb":{"@id":"http:\/\/vinylcolors.co\/en\/nuestra-compania\/quienes-somos\/#breadcrumb"},"inLanguage":"en-US","potentialAction":[{"@type":"ReadAction","target":["http:\/\/vinylcolors.co\/en\/nuestra-compania\/quienes-somos\/"]}]},{"@type":"ImageObject","inLanguage":"en-US","@id":"http:\/\/vinylcolors.co\/en\/nuestra-compania\/quienes-somos\/#primaryimage","url":"http:\/\/vinylcolors.co\/wp-content\/uploads\/2025\/05\/Vinyl-Colors-png.avif","contentUrl":"http:\/\/vinylcolors.co\/wp-content\/uploads\/2025\/05\/Vinyl-Colors-png.avif","width":1000,"height":1000,"caption":"distribuidor de vinilos VINYL COLORS"},{"@type":"BreadcrumbList","@id":"http:\/\/vinylcolors.co\/en\/nuestra-compania\/quienes-somos\/#breadcrumb","itemListElement":[{"@type":"ListItem","position":1,"name":"Inicio","item":"https:\/\/vinylcolors.co\/en\/"},{"@type":"ListItem","position":2,"name":"Nuestra compa\u00f1\u00eda","item":"https:\/\/vinylcolors.co\/en\/nuestra-compania\/"},{"@type":"ListItem","position":3,"name":"Qui\u00e9nes somos"}]},{"@type":"WebSite","@id":"https:\/\/vinylcolors.co\/#website","url":"https:\/\/vinylcolors.co\/","name":"Vinyl Colors","description":"Competimos con calidad, servicio, y los mejores precios","publisher":{"@id":"https:\/\/vinylcolors.co\/#organization"},"potentialAction":[{"@type":"SearchAction","target":{"@type":"EntryPoint","urlTemplate":"https:\/\/vinylcolors.co\/?s={search_term_string}"},"query-input":{"@type":"PropertyValueSpecification","valueRequired":true,"valueName":"search_term_string"}}],"inLanguage":"en-US"},{"@type":["Organization","Place"],"@id":"https:\/\/vinylcolors.co\/#organization","name":"Vinyl Colors","url":"https:\/\/vinylcolors.co\/","logo":{"@id":"http:\/\/vinylcolors.co\/en\/nuestra-compania\/quienes-somos\/#local-main-organization-logo"},"image":{"@id":"http:\/\/vinylcolors.co\/en\/nuestra-compania\/quienes-somos\/#local-main-organization-logo"},"sameAs":["https:\/\/www.facebook.com\/vinyl.color","https:\/\/www.instagram.com\/vinyl.colors\/"],"telephone":[],"openingHoursSpecification":[{"@type":"OpeningHoursSpecification","dayOfWeek":["Monday","Tuesday","Wednesday","Thursday","Friday","Saturday","Sunday"],"opens":"09:00","closes":"17:00"}]},{"@type":"ImageObject","inLanguage":"en-US","@id":"http:\/\/vinylcolors.co\/en\/nuestra-compania\/quienes-somos\/#local-main-organization-logo","url":"http:\/\/vinylcolors.co\/wp-content\/uploads\/2025\/05\/logo-vinyl-colors.png","contentUrl":"http:\/\/vinylcolors.co\/wp-content\/uploads\/2025\/05\/logo-vinyl-colors.png","width":500,"height":83,"caption":"Vinyl Colors"}]}},"_links":{"self":[{"href":"http:\/\/vinylcolors.co\/en\/wp-json\/wp\/v2\/pages\/8103","targetHints":{"allow":["GET"]}}],"collection":[{"href":"http:\/\/vinylcolors.co\/en\/wp-json\/wp\/v2\/pages"}],"about":[{"href":"http:\/\/vinylcolors.co\/en\/wp-json\/wp\/v2\/types\/page"}],"author":[{"embeddable":true,"href":"http:\/\/vinylcolors.co\/en\/wp-json\/wp\/v2\/users\/1"}],"replies":[{"embeddable":true,"href":"http:\/\/vinylcolors.co\/en\/wp-json\/wp\/v2\/comments?post=8103"}],"version-history":[{"count":17,"href":"http:\/\/vinylcolors.co\/en\/wp-json\/wp\/v2\/pages\/8103\/revisions"}],"predecessor-version":[{"id":10442,"href":"http:\/\/vinylcolors.co\/en\/wp-json\/wp\/v2\/pages\/8103\/revisions\/10442"}],"up":[{"embeddable":true,"href":"http:\/\/vinylcolors.co\/en\/wp-json\/wp\/v2\/pages\/8098"}],"wp:featuredmedia":[{"embeddable":true,"href":"http:\/\/vinylcolors.co\/en\/wp-json\/wp\/v2\/media\/8169"}],"wp:attachment":[{"href":"http:\/\/vinylcolors.co\/en\/wp-json\/wp\/v2\/media?parent=8103"}],"curies":[{"name":"wp","href":"https:\/\/api.w.org\/{rel}","templated":true}]}}