{"id":8125,"date":"2025-05-30T23:22:05","date_gmt":"2025-05-31T04:22:05","guid":{"rendered":"https:\/\/h3j.aec.mytemp.website\/new\/?page_id=8125"},"modified":"2025-08-10T12:05:35","modified_gmt":"2025-08-10T17:05:35","slug":"contactenos","status":"publish","type":"page","link":"https:\/\/vinylcolors.co\/en\/nuestra-compania\/contactenos\/","title":{"rendered":"Cont\u00e1ctenos"},"content":{"rendered":"<div class=\"wpb-content-wrapper\"><div class=\"vc_row wpb_row vc_row-fluid\"><div class=\"wpb_column vc_column_container vc_col-sm-12\"><div class=\"vc_column-inner\"><div class=\"wpb_wrapper\">\n\t<div class=\"wpb_text_column wpb_content_element\" >\n\t\t<div class=\"wpb_wrapper\">\n\t\t\t<h1>Cont\u00e1ctenos<\/h1>\n\n\t\t<\/div>\n\t<\/div>\n<\/div><\/div><\/div><\/div><div class=\"vc_row wpb_row vc_row-fluid vc_custom_1542600293676\"><div class=\"contact-wrapper wpb_column vc_column_container vc_col-sm-12 vc_col-md-6\"><div class=\"vc_column-inner\"><div class=\"wpb_wrapper\">\n\t<div class=\"wpb_text_column wpb_content_element\" >\n\t\t<div class=\"wpb_wrapper\">\n\t\t\t<ul class=\"contact-info\">\n<li><span class=\"head\"><i class=\"linear-icon-telephone\"><\/i>Ll\u00e1manos:<\/span>57 1 826 9746<\/li>\n<li><span class=\"head\"><i class=\"linear-icon-envelope\"><\/i>Email:<\/span>info@h3j.aec.mytemp.website<\/li>\n<li><span class=\"head\"><i class=\"linear-icon-map-marker\"><\/i>Direcci\u00f3n:<\/span>Vinyl-Colors Colombia SAS<br \/>\nAutopista Medell\u00edn Kil\u00f3metro 7 costado occidental<br \/>\nCelta Trade Park lote 58 Bodega B<br \/>\nFunza, Cundinamarca, Colombia<\/li>\n<\/ul>\n\n\t\t<\/div>\n\t<\/div>\n<div class=\"tbay-addon tbay-addon-social  has-icon\">\r\n\t        <h3 class=\"tbay-addon-title\">\r\n                            <span>Follow Us:<\/span>\r\n                                <\/h3>\r\n        <div class=\"tbay-addon-content\">\r\n    \t\t\t\r\n\t\t\t\t\r\n\t\t\t<ul class=\"social list-inline style2\">\r\n\t\t\t\t\t\t\t\t\t\t<li>\r\n\t\t\t\t\t\t\t<a target=\"_blank\" href=\"#\" class=\"facebook\"><i class=\"zmdi zmdi-facebook\"><\/i><\/a>\r\n\t\t\t\t\t\t<\/li>\r\n\t\t\t\t\t\t\t\t\t\t<li>\r\n\t\t\t\t\t\t\t<a target=\"_blank\" href=\"#\" class=\"twitter\"><i class=\"zmdi zmdi-twitter\"><\/i><\/a>\r\n\t\t\t\t\t\t<\/li>\r\n\t\t\t\t\t\t\t\t\t\t<li>\r\n\t\t\t\t\t\t\t<a target=\"_blank\" href=\"#\" class=\"instagram\"><i class=\"zmdi zmdi-instagram\"><\/i><\/a>\r\n\t\t\t\t\t\t<\/li>\r\n\t\t\t\t\t\t\t\t\t\t<li>\r\n\t\t\t\t\t\t\t<a target=\"_blank\" href=\"#\" class=\"pinterest\"><i class=\"zmdi zmdi-pinterest\"><\/i><\/a>\r\n\t\t\t\t\t\t<\/li>\r\n\t\t\t\t\t\t\t<\/ul>\r\n\r\n\t\t\t<\/div>\r\n<\/div><\/div><\/div><\/div><div class=\"wpb_column vc_column_container vc_col-sm-12 vc_col-md-6\"><div class=\"vc_column-inner\"><div class=\"wpb_wrapper\"><div class=\"wpb_gmaps_widget wpb_content_element\"><div class=\"wpb_wrapper\"><div class=\"wpb_map_wraper\"><iframe src=\"https:\/\/www.google.com\/maps\/embed?pb=!1m18!1m12!1m3!1d1987.9968831085948!2d-74.17719196170982!3d4.771029671719225!2m3!1f0!2f0!3f0!3m2!1i1024!2i768!4f13.1!3m3!1m2!1s0x8e3f8235cef6c701%3A0x8f8919c571278961!2sEnt.%20Celta%20Trade%20Park%2C%20Funza%2C%20Cundinamarca!5e0!3m2!1ses-419!2sco!4v1754322844533!5m2!1ses-419!2sco\" width=\"600\" height=\"444\" style=\"border:0;\" allowfullscreen=\"\" loading=\"lazy\" referrerpolicy=\"no-referrer-when-downgrade\"><\/iframe><\/div><\/div><\/div><\/div><\/div><\/div><\/div><div class=\"vc_row wpb_row vc_row-fluid contact-detail vc_custom_1551779781200\"><div class=\"wpb_column vc_column_container vc_col-sm-12 vc_col-md-12\"><div class=\"vc_column-inner\"><div class=\"wpb_wrapper\">\r\n<div class=\"tbay-addon tbay-addon-text-heading\">\r\n\t        <h3 class=\"tbay-addon-title\" >\r\n                            <span>Get In Touch<\/span>\r\n                                        <span class=\"subtitle\">Your email address will not be published. Required fields are marked (*)<\/span>\r\n                    <\/h3>\r\n            <\/div>\n<div class=\"wpcf7 no-js\" id=\"wpcf7-f8227-o1\" lang=\"es-ES\" dir=\"ltr\" data-wpcf7-id=\"8227\">\n<div class=\"screen-reader-response\"><p role=\"status\" aria-live=\"polite\" aria-atomic=\"true\"><\/p> <ul><\/ul><\/div>\n<form action=\"\/en\/wp-json\/wp\/v2\/pages\/8125#wpcf7-f8227-o1\" method=\"post\" class=\"wpcf7-form init\" aria-label=\"Formulario de contacto\" novalidate=\"novalidate\" data-status=\"init\" data-trp-original-action=\"\/en\/wp-json\/wp\/v2\/pages\/8125#wpcf7-f8227-o1\">\n<fieldset class=\"hidden-fields-container\"><input type=\"hidden\" name=\"_wpcf7\" value=\"8227\" \/><input type=\"hidden\" name=\"_wpcf7_version\" value=\"6.1.5\" \/><input type=\"hidden\" name=\"_wpcf7_locale\" value=\"es_ES\" \/><input type=\"hidden\" name=\"_wpcf7_unit_tag\" value=\"wpcf7-f8227-o1\" \/><input type=\"hidden\" name=\"_wpcf7_container_post\" value=\"0\" \/><input type=\"hidden\" name=\"_wpcf7_posted_data_hash\" value=\"\" \/><input type=\"hidden\" name=\"_wpcf7_recaptcha_response\" value=\"\" \/>\n<\/fieldset>\n<div class=\"form-horizontal row\">\n\t<div class=\"col-md-4\">\n\t\t<p><label for=\"name\">Nombre<span class=\"required\">*<\/span>:<\/label><br \/>\n<span class=\"wpcf7-form-control-wrap\" data-name=\"nombre\"><input size=\"40\" maxlength=\"400\" class=\"wpcf7-form-control wpcf7-text wpcf7-validates-as-required required form-control\" id=\"your_name\" aria-required=\"true\" aria-invalid=\"false\" value=\"\" type=\"text\" name=\"nombre\" \/><\/span>\n\t\t<\/p>\n\t<\/div>\n\t<div class=\"col-md-4\">\n\t\t<p><label class=\"control-label\" for=\"email\">Correo electr\u00f3nico<span class=\"required\">*<\/span>:<\/label><br \/>\n<span class=\"wpcf7-form-control-wrap\" data-name=\"email-257\"><input size=\"40\" maxlength=\"400\" class=\"wpcf7-form-control wpcf7-email wpcf7-validates-as-required wpcf7-text wpcf7-validates-as-email required\" id=\"your_email\" aria-required=\"true\" aria-invalid=\"false\" value=\"\" type=\"email\" name=\"email-257\" \/><\/span>\n\t\t<\/p>\n\t<\/div>\n\t<div class=\"col-md-4\">\n\t\t<p><label for=\"name\">Asunto<span class=\"required\">*<\/span>:<\/label><br \/>\n<span class=\"wpcf7-form-control-wrap\" data-name=\"asunto\"><input size=\"40\" maxlength=\"400\" class=\"wpcf7-form-control wpcf7-text wpcf7-validates-as-required required form-subject\" id=\"your_subject\" aria-required=\"true\" aria-invalid=\"false\" value=\"\" type=\"text\" name=\"asunto\" \/><\/span>\n\t\t<\/p>\n\t<\/div>\n\t<div class=\"col-md-12\">\n\t\t<p><label class=\"control-label\" for=\"message\">Mensaje<span class=\"required\">*<\/span>:<\/label><br \/>\n<span class=\"wpcf7-form-control-wrap\" data-name=\"mensaje\"><textarea cols=\"40\" rows=\"10\" maxlength=\"2000\" class=\"wpcf7-form-control wpcf7-textarea required\" id=\"your_message\" aria-invalid=\"false\" name=\"mensaje\"><\/textarea><\/span>\n\t\t<\/p>\n\t<\/div>\n\t<div class=\"col-md-2 col-md-offset-10\">\n\t\t<p><input class=\"wpcf7-form-control wpcf7-submit has-spinner btn btn-default\" type=\"submit\" value=\"Enviar\" \/>\n\t\t<\/p>\n\t<\/div>\n<\/div><div class=\"wpcf7-response-output\" aria-hidden=\"true\"><\/div>\n<input type=\"hidden\" name=\"trp-form-language\" value=\"en\"\/><\/form>\n<\/div>\n<\/div><\/div><\/div><\/div>\n<\/div>","protected":false},"excerpt":{"rendered":"Cont\u00e1ctenos Ll\u00e1manos:57 1 826 9746 Email:info@h3j.aec.mytemp.website Direcci\u00f3n:Vinyl-Colors Colombia SAS Autopista Medell\u00edn Kil\u00f3metro 7 costado occidental Celta Trade Park lote 58 Bodega B Funza, Cundinamarca, Colombia Follow Us: Get In Touch Your email address will not be published. Required fields are marked (*) Nombre*: Correo electr\u00f3nico*: Asunto*: Mensaje*:","protected":false},"author":1,"featured_media":0,"parent":8098,"menu_order":0,"comment_status":"closed","ping_status":"closed","template":"","meta":{"inline_featured_image":false,"footnotes":""},"class_list":["post-8125","page","type-page","status-publish","hentry"],"yoast_head":"<!-- This site is optimized with the Yoast SEO Premium plugin v27.3 (Yoast SEO v27.3) - https:\/\/yoast.com\/product\/yoast-seo-premium-wordpress\/ -->\n<title>Cont\u00e1ctenos - Vinyl Colors<\/title>\n<meta name=\"description\" content=\"Nuestro equipo de asesores en Vinyl Colors est\u00e1 listo para atenderte y resolver tus inquietudes. Ll\u00e1manos al +57 1 826 9746 y recibe la mejor atenci\u00f3n para tus proyectos en vinil y corte.Preguntar a ChatGPT\" \/>\n<meta name=\"robots\" content=\"index, follow, max-snippet:-1, max-image-preview:large, max-video-preview:-1\" \/>\n<link rel=\"canonical\" href=\"https:\/\/vinylcolors.co\/en\/nuestra-compania\/contactenos\/\" \/>\n<meta property=\"og:locale\" content=\"en_US\" \/>\n<meta property=\"og:type\" content=\"article\" \/>\n<meta property=\"og:title\" content=\"Cont\u00e1ctenos\" \/>\n<meta property=\"og:description\" content=\"Nuestro equipo de asesores en Vinyl Colors est\u00e1 listo para atenderte y resolver tus inquietudes. Ll\u00e1manos al +57 1 826 9746 y recibe la mejor atenci\u00f3n para tus proyectos en vinil y corte.Preguntar a ChatGPT\" \/>\n<meta property=\"og:url\" content=\"https:\/\/vinylcolors.co\/en\/nuestra-compania\/contactenos\/\" \/>\n<meta property=\"og:site_name\" content=\"Vinyl Colors\" \/>\n<meta property=\"article:publisher\" content=\"https:\/\/www.facebook.com\/vinyl.color\" \/>\n<meta property=\"article:modified_time\" content=\"2025-08-10T17:05:35+00:00\" \/>\n<meta name=\"twitter:card\" content=\"summary_large_image\" \/>\n<meta name=\"twitter:label1\" content=\"Est. reading time\" \/>\n\t<meta name=\"twitter:data1\" content=\"1 minute\" \/>\n<script type=\"application\/ld+json\" class=\"yoast-schema-graph\">{\"@context\":\"https:\\\/\\\/schema.org\",\"@graph\":[{\"@type\":\"WebPage\",\"@id\":\"https:\\\/\\\/vinylcolors.co\\\/nuestra-compania\\\/contactenos\\\/\",\"url\":\"https:\\\/\\\/vinylcolors.co\\\/nuestra-compania\\\/contactenos\\\/\",\"name\":\"Cont\u00e1ctenos - Vinyl Colors\",\"isPartOf\":{\"@id\":\"https:\\\/\\\/vinylcolors.co\\\/en\\\/#website\"},\"datePublished\":\"2025-05-31T04:22:05+00:00\",\"dateModified\":\"2025-08-10T17:05:35+00:00\",\"description\":\"Nuestro equipo de asesores en Vinyl Colors est\u00e1 listo para atenderte y resolver tus inquietudes. Ll\u00e1manos al +57 1 826 9746 y recibe la mejor atenci\u00f3n para tus proyectos en vinil y corte.Preguntar a ChatGPT\",\"breadcrumb\":{\"@id\":\"https:\\\/\\\/vinylcolors.co\\\/nuestra-compania\\\/contactenos\\\/#breadcrumb\"},\"inLanguage\":\"en-US\",\"potentialAction\":[{\"@type\":\"ReadAction\",\"target\":[\"https:\\\/\\\/vinylcolors.co\\\/nuestra-compania\\\/contactenos\\\/\"]}]},{\"@type\":\"BreadcrumbList\",\"@id\":\"https:\\\/\\\/vinylcolors.co\\\/nuestra-compania\\\/contactenos\\\/#breadcrumb\",\"itemListElement\":[{\"@type\":\"ListItem\",\"position\":1,\"name\":\"Inicio\",\"item\":\"https:\\\/\\\/vinylcolors.co\\\/en\\\/\"},{\"@type\":\"ListItem\",\"position\":2,\"name\":\"Nuestra compa\u00f1\u00eda\",\"item\":\"https:\\\/\\\/vinylcolors.co\\\/nuestra-compania\\\/\"},{\"@type\":\"ListItem\",\"position\":3,\"name\":\"Cont\u00e1ctenos\"}]},{\"@type\":\"WebSite\",\"@id\":\"https:\\\/\\\/vinylcolors.co\\\/en\\\/#website\",\"url\":\"https:\\\/\\\/vinylcolors.co\\\/en\\\/\",\"name\":\"Vinyl Colors\",\"description\":\"Competimos con calidad, servicio, y los mejores precios\",\"publisher\":{\"@id\":\"https:\\\/\\\/vinylcolors.co\\\/en\\\/#organization\"},\"potentialAction\":[{\"@type\":\"SearchAction\",\"target\":{\"@type\":\"EntryPoint\",\"urlTemplate\":\"https:\\\/\\\/vinylcolors.co\\\/en\\\/?s={search_term_string}\"},\"query-input\":{\"@type\":\"PropertyValueSpecification\",\"valueRequired\":true,\"valueName\":\"search_term_string\"}}],\"inLanguage\":\"en-US\"},{\"@type\":[\"Organization\",\"Place\"],\"@id\":\"https:\\\/\\\/vinylcolors.co\\\/en\\\/#organization\",\"name\":\"Vinyl Colors\",\"url\":\"https:\\\/\\\/vinylcolors.co\\\/en\\\/\",\"logo\":{\"@id\":\"https:\\\/\\\/vinylcolors.co\\\/nuestra-compania\\\/contactenos\\\/#local-main-organization-logo\"},\"image\":{\"@id\":\"https:\\\/\\\/vinylcolors.co\\\/nuestra-compania\\\/contactenos\\\/#local-main-organization-logo\"},\"sameAs\":[\"https:\\\/\\\/www.facebook.com\\\/vinyl.color\",\"https:\\\/\\\/www.instagram.com\\\/vinyl.colors\\\/\"],\"telephone\":[],\"openingHoursSpecification\":[{\"@type\":\"OpeningHoursSpecification\",\"dayOfWeek\":[\"Monday\",\"Tuesday\",\"Wednesday\",\"Thursday\",\"Friday\",\"Saturday\",\"Sunday\"],\"opens\":\"09:00\",\"closes\":\"17:00\"}]},{\"@type\":\"ImageObject\",\"inLanguage\":\"en-US\",\"@id\":\"https:\\\/\\\/vinylcolors.co\\\/nuestra-compania\\\/contactenos\\\/#local-main-organization-logo\",\"url\":\"https:\\\/\\\/vinylcolors.co\\\/wp-content\\\/uploads\\\/2025\\\/05\\\/logo-vinyl-colors.png\",\"contentUrl\":\"https:\\\/\\\/vinylcolors.co\\\/wp-content\\\/uploads\\\/2025\\\/05\\\/logo-vinyl-colors.png\",\"width\":500,\"height\":83,\"caption\":\"Vinyl Colors\"}]}<\/script>\n<!-- \/ Yoast SEO Premium plugin. -->","yoast_head_json":{"title":"Cont\u00e1ctenos - Vinyl Colors","description":"Nuestro equipo de asesores en Vinyl Colors est\u00e1 listo para atenderte y resolver tus inquietudes. Ll\u00e1manos al +57 1 826 9746 y recibe la mejor atenci\u00f3n para tus proyectos en vinil y corte.Preguntar a ChatGPT","robots":{"index":"index","follow":"follow","max-snippet":"max-snippet:-1","max-image-preview":"max-image-preview:large","max-video-preview":"max-video-preview:-1"},"canonical":"https:\/\/vinylcolors.co\/en\/nuestra-compania\/contactenos\/","og_locale":"en_US","og_type":"article","og_title":"Cont\u00e1ctenos","og_description":"Nuestro equipo de asesores en Vinyl Colors est\u00e1 listo para atenderte y resolver tus inquietudes. Ll\u00e1manos al +57 1 826 9746 y recibe la mejor atenci\u00f3n para tus proyectos en vinil y corte.Preguntar a ChatGPT","og_url":"https:\/\/vinylcolors.co\/en\/nuestra-compania\/contactenos\/","og_site_name":"Vinyl Colors","article_publisher":"https:\/\/www.facebook.com\/vinyl.color","article_modified_time":"2025-08-10T17:05:35+00:00","twitter_card":"summary_large_image","twitter_misc":{"Est. reading time":"1 minute"},"schema":{"@context":"https:\/\/schema.org","@graph":[{"@type":"WebPage","@id":"https:\/\/vinylcolors.co\/nuestra-compania\/contactenos\/","url":"https:\/\/vinylcolors.co\/nuestra-compania\/contactenos\/","name":"Cont\u00e1ctenos - Vinyl Colors","isPartOf":{"@id":"https:\/\/vinylcolors.co\/en\/#website"},"datePublished":"2025-05-31T04:22:05+00:00","dateModified":"2025-08-10T17:05:35+00:00","description":"Nuestro equipo de asesores en Vinyl Colors est\u00e1 listo para atenderte y resolver tus inquietudes. Ll\u00e1manos al +57 1 826 9746 y recibe la mejor atenci\u00f3n para tus proyectos en vinil y corte.Preguntar a ChatGPT","breadcrumb":{"@id":"https:\/\/vinylcolors.co\/nuestra-compania\/contactenos\/#breadcrumb"},"inLanguage":"en-US","potentialAction":[{"@type":"ReadAction","target":["https:\/\/vinylcolors.co\/nuestra-compania\/contactenos\/"]}]},{"@type":"BreadcrumbList","@id":"https:\/\/vinylcolors.co\/nuestra-compania\/contactenos\/#breadcrumb","itemListElement":[{"@type":"ListItem","position":1,"name":"Inicio","item":"https:\/\/vinylcolors.co\/en\/"},{"@type":"ListItem","position":2,"name":"Nuestra compa\u00f1\u00eda","item":"https:\/\/vinylcolors.co\/nuestra-compania\/"},{"@type":"ListItem","position":3,"name":"Cont\u00e1ctenos"}]},{"@type":"WebSite","@id":"https:\/\/vinylcolors.co\/en\/#website","url":"https:\/\/vinylcolors.co\/en\/","name":"Vinyl Colors","description":"Competimos con calidad, servicio, y los mejores precios","publisher":{"@id":"https:\/\/vinylcolors.co\/en\/#organization"},"potentialAction":[{"@type":"SearchAction","target":{"@type":"EntryPoint","urlTemplate":"https:\/\/vinylcolors.co\/en\/?s={search_term_string}"},"query-input":{"@type":"PropertyValueSpecification","valueRequired":true,"valueName":"search_term_string"}}],"inLanguage":"en-US"},{"@type":["Organization","Place"],"@id":"https:\/\/vinylcolors.co\/en\/#organization","name":"Vinyl Colors","url":"https:\/\/vinylcolors.co\/en\/","logo":{"@id":"https:\/\/vinylcolors.co\/nuestra-compania\/contactenos\/#local-main-organization-logo"},"image":{"@id":"https:\/\/vinylcolors.co\/nuestra-compania\/contactenos\/#local-main-organization-logo"},"sameAs":["https:\/\/www.facebook.com\/vinyl.color","https:\/\/www.instagram.com\/vinyl.colors\/"],"telephone":[],"openingHoursSpecification":[{"@type":"OpeningHoursSpecification","dayOfWeek":["Monday","Tuesday","Wednesday","Thursday","Friday","Saturday","Sunday"],"opens":"09:00","closes":"17:00"}]},{"@type":"ImageObject","inLanguage":"en-US","@id":"https:\/\/vinylcolors.co\/nuestra-compania\/contactenos\/#local-main-organization-logo","url":"https:\/\/vinylcolors.co\/wp-content\/uploads\/2025\/05\/logo-vinyl-colors.png","contentUrl":"https:\/\/vinylcolors.co\/wp-content\/uploads\/2025\/05\/logo-vinyl-colors.png","width":500,"height":83,"caption":"Vinyl Colors"}]}},"_links":{"self":[{"href":"https:\/\/vinylcolors.co\/en\/wp-json\/wp\/v2\/pages\/8125","targetHints":{"allow":["GET"]}}],"collection":[{"href":"https:\/\/vinylcolors.co\/en\/wp-json\/wp\/v2\/pages"}],"about":[{"href":"https:\/\/vinylcolors.co\/en\/wp-json\/wp\/v2\/types\/page"}],"author":[{"embeddable":true,"href":"https:\/\/vinylcolors.co\/en\/wp-json\/wp\/v2\/users\/1"}],"replies":[{"embeddable":true,"href":"https:\/\/vinylcolors.co\/en\/wp-json\/wp\/v2\/comments?post=8125"}],"version-history":[{"count":7,"href":"https:\/\/vinylcolors.co\/en\/wp-json\/wp\/v2\/pages\/8125\/revisions"}],"predecessor-version":[{"id":8567,"href":"https:\/\/vinylcolors.co\/en\/wp-json\/wp\/v2\/pages\/8125\/revisions\/8567"}],"up":[{"embeddable":true,"href":"https:\/\/vinylcolors.co\/en\/wp-json\/wp\/v2\/pages\/8098"}],"wp:attachment":[{"href":"https:\/\/vinylcolors.co\/en\/wp-json\/wp\/v2\/media?parent=8125"}],"curies":[{"name":"wp","href":"https:\/\/api.w.org\/{rel}","templated":true}]}}