{"id":8135,"date":"2025-05-30T23:53:43","date_gmt":"2025-05-31T04:53:43","guid":{"rendered":"https:\/\/h3j.aec.mytemp.website\/new\/?page_id=8135"},"modified":"2025-08-10T12:18:41","modified_gmt":"2025-08-10T17:18:41","slug":"politica-de-privacidad","status":"publish","type":"page","link":"https:\/\/vinylcolors.co\/en\/https-vinylcolors-co\/politica-de-privacidad\/","title":{"rendered":"Pol\u00edtica de privacidad"},"content":{"rendered":"<div class=\"wpb-content-wrapper\"><div class=\"vc_row wpb_row vc_row-fluid\"><div class=\"wpb_column vc_column_container vc_col-sm-12\"><div class=\"vc_column-inner\"><div class=\"wpb_wrapper\">\n\t<div class=\"wpb_text_column wpb_content_element\" >\n\t\t<div class=\"wpb_wrapper\">\n\t\t\t<h1>Pol\u00edtica de privacidad<\/h1>\n\n\t\t<\/div>\n\t<\/div>\n<\/div><\/div><\/div><\/div><div class=\"vc_row wpb_row vc_row-fluid\"><div class=\"wpb_column vc_column_container vc_col-sm-12\"><div class=\"vc_column-inner\"><div class=\"wpb_wrapper\">\n\t<div class=\"wpb_text_column wpb_content_element\" >\n\t\t<div class=\"wpb_wrapper\">\n\t\t\t<p style=\"text-align: justify;\">En Vinyl Colors, respetamos y valoramos la privacidad de nuestros clientes, usuarios y visitantes. Esta Pol\u00edtica de Privacidad detalla c\u00f3mo recopilamos, utilizamos y protegemos tu informaci\u00f3n personal al interactuar con nuestros servicios en l\u00ednea, incluyendo nuestro sitio web, redes sociales y otros canales digitales.<\/p>\n\n\t\t<\/div>\n\t<\/div>\n<\/div><\/div><\/div><\/div><div class=\"vc_row wpb_row vc_row-fluid\"><div class=\"wpb_column vc_column_container vc_col-sm-1\"><div class=\"vc_column-inner\"><div class=\"wpb_wrapper\"><\/div><\/div><\/div><div class=\"wpb_column vc_column_container vc_col-sm-10\"><div class=\"vc_column-inner\"><div class=\"wpb_wrapper\">\n\t<div class=\"wpb_text_column wpb_content_element\" >\n\t\t<div class=\"wpb_wrapper\">\n\t\t\t<ol style=\"text-align: justify;\">\n<li><strong> Informaci\u00f3n que recopilamos<\/strong><\/li>\n<\/ol>\n<ul style=\"text-align: justify;\">\n<li><strong>Informaci\u00f3n personal proporcionada directamente por usted:<\/strong>\n<ul>\n<li>Nombre, correo electr\u00f3nico, n\u00famero de tel\u00e9fono, direcci\u00f3n de env\u00edo y detalles de pago al realizar una compra.<\/li>\n<li>Informaci\u00f3n compartida al suscribirte a nuestro bolet\u00edn informativo o participar en concursos.<\/li>\n<\/ul>\n<\/li>\n<\/ul>\n<ul style=\"text-align: justify;\">\n<li><strong>Informaci\u00f3n autom\u00e1tica:<\/strong>\n<ul>\n<li>Datos de navegaci\u00f3n como direcci\u00f3n IP, tipo de dispositivo y comportamiento en nuestro sitio web mediante cookies y tecnolog\u00edas similares.<\/li>\n<\/ul>\n<\/li>\n<\/ul>\n<ul style=\"text-align: justify;\">\n<li><strong>Interacciones en redes sociales:<\/strong>\n<ul>\n<li>Informaci\u00f3n compartida al interactuar con nuestras publicaciones, anuncios enviar mensajes directos.<\/li>\n<\/ul>\n<\/li>\n<\/ul>\n<ol style=\"text-align: justify;\" start=\"2\">\n<li><strong> C\u00f3mo usamos la informaci\u00f3n<\/strong><\/li>\n<\/ol>\n<ul style=\"text-align: justify;\">\n<li>Procesar pedidos y realizar entregas.<\/li>\n<li>Brindar soporte al cliente y responder a consultas.<\/li>\n<li>Personalizar experiencias de usuario en nuestro sitio web y plataformas.<\/li>\n<li>Enviar comunicaciones promocionales y boletines informativos, siempre con su consentimiento.<\/li>\n<li>Mejorar nuestros productos, servicios y estrategias de marketing bas\u00e1ndonos en an\u00e1lisis de datos.<\/li>\n<\/ul>\n<ol style=\"text-align: justify;\" start=\"3\">\n<li><strong> Compartir informaci\u00f3n con terceros<\/strong><\/li>\n<\/ol>\n<ul style=\"text-align: justify;\">\n<li><strong>No vendemos ni compartimos tu informaci\u00f3n personal con terceros para fines comerciales. Solo compartimos tus datos con:<\/strong>\n<ul>\n<li>Proveedores de servicios que nos apoyan en log\u00edstica, marketing y pagos seguros.<\/li>\n<li>Autoridades legales cuando sea requerido por ley.<\/li>\n<\/ul>\n<\/li>\n<\/ul>\n<ol style=\"text-align: justify;\" start=\"4\">\n<li><strong> Seguridad de tu informaci\u00f3n<\/strong><\/li>\n<\/ol>\n<ul style=\"text-align: justify;\">\n<li>Implementamos medidas t\u00e9cnicas y organizativas para proteger tu informaci\u00f3n contra accesos no autorizados, p\u00e9rdidas o alteraciones.<\/li>\n<li>Ciframos los datos sensibles, como la informaci\u00f3n de pago, durante las transacciones.<\/li>\n<\/ul>\n<ol style=\"text-align: justify;\" start=\"5\">\n<li><strong> Tus derechos<\/strong><\/li>\n<\/ol>\n<ul style=\"text-align: justify;\">\n<li>Acceder, corregir o eliminar tus datos personales.<\/li>\n<li>Retirar tu consentimiento para recibir comunicaciones promocionales en cualquier momento.<\/li>\n<li>Solicitar la limitaci\u00f3n del procesamiento de tus datos en ciertas circunstancias.<\/li>\n<\/ul>\n<ol style=\"text-align: justify;\" start=\"6\">\n<li><strong> Uso de cookies<\/strong><\/li>\n<\/ol>\n<ul style=\"text-align: justify;\">\n<li>Utilizamos cookies para mejorar la experiencia en nuestro sitio web. Puedes configurar tu navegador para rechazar las cookies, aunque esto podr\u00eda limitar algunas funcionalidades.<\/li>\n<\/ul>\n<ol style=\"text-align: justify;\" start=\"7\">\n<li><strong> Cambios en esta pol\u00edtica<\/strong><\/li>\n<\/ol>\n<ul style=\"text-align: justify;\">\n<li>Vinyl Colors se reserva el derecho de actualizar esta Pol\u00edtica de Privacidad. Te notificaremos sobre cambios importantes a trav\u00e9s de nuestro sitio web o canales pertinentes.<\/li>\n<\/ul>\n<ol style=\"text-align: justify;\" start=\"8\">\n<li><strong> Contacto<\/strong><\/li>\n<\/ol>\n<ul>\n<li>Si tienes preguntas o inquietudes acerca de esta pol\u00edtica o sobre c\u00f3mo gestionamos tu informaci\u00f3n, puedes contactarnos en:\n<ul>\n<li style=\"text-align: justify;\">Correo electr\u00f3nico: Ventas@h3j.aec.mytemp.website<\/li>\n<li style=\"text-align: justify;\">Tel\u00e9fono: 3103155588<\/li>\n<li style=\"text-align: justify;\">Direcci\u00f3n: KM 7 PARQUE INDUSTRIAL CELTA TRADE PARK LT 58 BOD B<\/li>\n<\/ul>\n<\/li>\n<\/ul>\n\n\t\t<\/div>\n\t<\/div>\n<\/div><\/div><\/div><div class=\"wpb_column vc_column_container vc_col-sm-1\"><div class=\"vc_column-inner\"><div class=\"wpb_wrapper\"><\/div><\/div><\/div><\/div>\n<\/div>","protected":false},"excerpt":{"rendered":"Pol\u00edtica de privacidad En Vinyl Colors, respetamos y valoramos la privacidad de nuestros clientes, usuarios y visitantes. Esta Pol\u00edtica de Privacidad detalla c\u00f3mo recopilamos, utilizamos y protegemos tu informaci\u00f3n personal al interactuar con nuestros servicios en l\u00ednea, incluyendo nuestro sitio web, redes sociales y otros canales digitales. Informaci\u00f3n que recopilamos Informaci\u00f3n personal proporcionada directamente por &hellip; <a href=\"https:\/\/vinylcolors.co\/en\/https-vinylcolors-co\/politica-de-privacidad\/\" class=\"more-link\">Continue reading <span class=\"screen-reader-text\">Pol\u00edtica de privacidad<\/span><\/a>","protected":false},"author":1,"featured_media":0,"parent":8087,"menu_order":0,"comment_status":"closed","ping_status":"closed","template":"","meta":{"inline_featured_image":false,"footnotes":""},"class_list":["post-8135","page","type-page","status-publish","hentry"],"yoast_head":"<!-- This site is optimized with the Yoast SEO Premium plugin v27.5 (Yoast SEO v27.5) - https:\/\/yoast.com\/product\/yoast-seo-premium-wordpress\/ -->\n<title>Pol\u00edtica de privacidad - Vinyl Colors<\/title>\n<meta name=\"description\" content=\"En Vinyl-Colors protegemos tu informaci\u00f3n personal cumpliendo con la normativa vigente en Colombia. Conoce c\u00f3mo recopilamos, usamos y resguardamos tus datos.\" \/>\n<meta name=\"robots\" content=\"index, follow, max-snippet:-1, max-image-preview:large, max-video-preview:-1\" \/>\n<link rel=\"canonical\" href=\"https:\/\/vinylcolors.co\/en\/https-vinylcolors-co\/politica-de-privacidad\/\" \/>\n<meta property=\"og:locale\" content=\"en_US\" \/>\n<meta property=\"og:type\" content=\"article\" \/>\n<meta property=\"og:title\" content=\"Pol\u00edtica de privacidad\" \/>\n<meta property=\"og:description\" content=\"En Vinyl-Colors protegemos tu informaci\u00f3n personal cumpliendo con la normativa vigente en Colombia. Conoce c\u00f3mo recopilamos, usamos y resguardamos tus datos.\" \/>\n<meta property=\"og:url\" content=\"https:\/\/vinylcolors.co\/en\/https-vinylcolors-co\/politica-de-privacidad\/\" \/>\n<meta property=\"og:site_name\" content=\"Vinyl Colors\" \/>\n<meta property=\"article:publisher\" content=\"https:\/\/www.facebook.com\/vinyl.color\" \/>\n<meta property=\"article:modified_time\" content=\"2025-08-10T17:18:41+00:00\" \/>\n<meta name=\"twitter:card\" content=\"summary_large_image\" \/>\n<meta name=\"twitter:label1\" content=\"Est. reading time\" \/>\n\t<meta name=\"twitter:data1\" content=\"2 minutes\" \/>\n<script type=\"application\/ld+json\" class=\"yoast-schema-graph\">{\"@context\":\"https:\\\/\\\/schema.org\",\"@graph\":[{\"@type\":\"WebPage\",\"@id\":\"https:\\\/\\\/vinylcolors.co\\\/en\\\/https-vinylcolors-co\\\/politica-de-privacidad\\\/\",\"url\":\"https:\\\/\\\/vinylcolors.co\\\/en\\\/https-vinylcolors-co\\\/politica-de-privacidad\\\/\",\"name\":\"Pol\u00edtica de privacidad - Vinyl Colors\",\"isPartOf\":{\"@id\":\"https:\\\/\\\/vinylcolors.co\\\/en\\\/#website\"},\"datePublished\":\"2025-05-31T04:53:43+00:00\",\"dateModified\":\"2025-08-10T17:18:41+00:00\",\"description\":\"En Vinyl-Colors protegemos tu informaci\u00f3n personal cumpliendo con la normativa vigente en Colombia. Conoce c\u00f3mo recopilamos, usamos y resguardamos tus datos.\",\"breadcrumb\":{\"@id\":\"https:\\\/\\\/vinylcolors.co\\\/en\\\/https-vinylcolors-co\\\/politica-de-privacidad\\\/#breadcrumb\"},\"inLanguage\":\"en-US\",\"potentialAction\":[{\"@type\":\"ReadAction\",\"target\":[\"https:\\\/\\\/vinylcolors.co\\\/en\\\/https-vinylcolors-co\\\/politica-de-privacidad\\\/\"]}]},{\"@type\":\"BreadcrumbList\",\"@id\":\"https:\\\/\\\/vinylcolors.co\\\/en\\\/https-vinylcolors-co\\\/politica-de-privacidad\\\/#breadcrumb\",\"itemListElement\":[{\"@type\":\"ListItem\",\"position\":1,\"name\":\"Inicio\",\"item\":\"https:\\\/\\\/vinylcolors.co\\\/en\\\/\"},{\"@type\":\"ListItem\",\"position\":2,\"name\":\"Vinyl Colors\",\"item\":\"https:\\\/\\\/vinylcolors.co\\\/en\\\/\"},{\"@type\":\"ListItem\",\"position\":3,\"name\":\"Pol\u00edtica de privacidad\"}]},{\"@type\":\"WebSite\",\"@id\":\"https:\\\/\\\/vinylcolors.co\\\/en\\\/#website\",\"url\":\"https:\\\/\\\/vinylcolors.co\\\/en\\\/\",\"name\":\"Vinyl Colors\",\"description\":\"Competimos con calidad, servicio, y los mejores precios\",\"publisher\":{\"@id\":\"https:\\\/\\\/vinylcolors.co\\\/en\\\/#organization\"},\"potentialAction\":[{\"@type\":\"SearchAction\",\"target\":{\"@type\":\"EntryPoint\",\"urlTemplate\":\"https:\\\/\\\/vinylcolors.co\\\/en\\\/?s={search_term_string}\"},\"query-input\":{\"@type\":\"PropertyValueSpecification\",\"valueRequired\":true,\"valueName\":\"search_term_string\"}}],\"inLanguage\":\"en-US\"},{\"@type\":[\"Organization\",\"Place\"],\"@id\":\"https:\\\/\\\/vinylcolors.co\\\/en\\\/#organization\",\"name\":\"Vinyl Colors\",\"url\":\"https:\\\/\\\/vinylcolors.co\\\/en\\\/\",\"logo\":{\"@id\":\"https:\\\/\\\/vinylcolors.co\\\/en\\\/https-vinylcolors-co\\\/politica-de-privacidad\\\/#local-main-organization-logo\"},\"image\":{\"@id\":\"https:\\\/\\\/vinylcolors.co\\\/en\\\/https-vinylcolors-co\\\/politica-de-privacidad\\\/#local-main-organization-logo\"},\"sameAs\":[\"https:\\\/\\\/www.facebook.com\\\/vinyl.color\",\"https:\\\/\\\/www.instagram.com\\\/vinyl.colors\\\/\"],\"telephone\":[],\"openingHoursSpecification\":[{\"@type\":\"OpeningHoursSpecification\",\"dayOfWeek\":[\"Monday\",\"Tuesday\",\"Wednesday\",\"Thursday\",\"Friday\",\"Saturday\",\"Sunday\"],\"opens\":\"09:00\",\"closes\":\"17:00\"}]},{\"@type\":\"ImageObject\",\"inLanguage\":\"en-US\",\"@id\":\"https:\\\/\\\/vinylcolors.co\\\/en\\\/https-vinylcolors-co\\\/politica-de-privacidad\\\/#local-main-organization-logo\",\"url\":\"https:\\\/\\\/vinylcolors.co\\\/wp-content\\\/uploads\\\/2025\\\/05\\\/logo-vinyl-colors.png\",\"contentUrl\":\"https:\\\/\\\/vinylcolors.co\\\/wp-content\\\/uploads\\\/2025\\\/05\\\/logo-vinyl-colors.png\",\"width\":500,\"height\":83,\"caption\":\"Vinyl Colors\"}]}<\/script>\n<!-- \/ Yoast SEO Premium plugin. -->","yoast_head_json":{"title":"Pol\u00edtica de privacidad - Vinyl Colors","description":"En Vinyl-Colors protegemos tu informaci\u00f3n personal cumpliendo con la normativa vigente en Colombia. Conoce c\u00f3mo recopilamos, usamos y resguardamos tus datos.","robots":{"index":"index","follow":"follow","max-snippet":"max-snippet:-1","max-image-preview":"max-image-preview:large","max-video-preview":"max-video-preview:-1"},"canonical":"https:\/\/vinylcolors.co\/en\/https-vinylcolors-co\/politica-de-privacidad\/","og_locale":"en_US","og_type":"article","og_title":"Pol\u00edtica de privacidad","og_description":"En Vinyl-Colors protegemos tu informaci\u00f3n personal cumpliendo con la normativa vigente en Colombia. Conoce c\u00f3mo recopilamos, usamos y resguardamos tus datos.","og_url":"https:\/\/vinylcolors.co\/en\/https-vinylcolors-co\/politica-de-privacidad\/","og_site_name":"Vinyl Colors","article_publisher":"https:\/\/www.facebook.com\/vinyl.color","article_modified_time":"2025-08-10T17:18:41+00:00","twitter_card":"summary_large_image","twitter_misc":{"Est. reading time":"2 minutes"},"schema":{"@context":"https:\/\/schema.org","@graph":[{"@type":"WebPage","@id":"https:\/\/vinylcolors.co\/en\/https-vinylcolors-co\/politica-de-privacidad\/","url":"https:\/\/vinylcolors.co\/en\/https-vinylcolors-co\/politica-de-privacidad\/","name":"Pol\u00edtica de privacidad - Vinyl Colors","isPartOf":{"@id":"https:\/\/vinylcolors.co\/en\/#website"},"datePublished":"2025-05-31T04:53:43+00:00","dateModified":"2025-08-10T17:18:41+00:00","description":"En Vinyl-Colors protegemos tu informaci\u00f3n personal cumpliendo con la normativa vigente en Colombia. Conoce c\u00f3mo recopilamos, usamos y resguardamos tus datos.","breadcrumb":{"@id":"https:\/\/vinylcolors.co\/en\/https-vinylcolors-co\/politica-de-privacidad\/#breadcrumb"},"inLanguage":"en-US","potentialAction":[{"@type":"ReadAction","target":["https:\/\/vinylcolors.co\/en\/https-vinylcolors-co\/politica-de-privacidad\/"]}]},{"@type":"BreadcrumbList","@id":"https:\/\/vinylcolors.co\/en\/https-vinylcolors-co\/politica-de-privacidad\/#breadcrumb","itemListElement":[{"@type":"ListItem","position":1,"name":"Inicio","item":"https:\/\/vinylcolors.co\/en\/"},{"@type":"ListItem","position":2,"name":"Vinyl Colors","item":"https:\/\/vinylcolors.co\/en\/"},{"@type":"ListItem","position":3,"name":"Pol\u00edtica de privacidad"}]},{"@type":"WebSite","@id":"https:\/\/vinylcolors.co\/en\/#website","url":"https:\/\/vinylcolors.co\/en\/","name":"Vinyl Colors","description":"Competimos con calidad, servicio, y los mejores precios","publisher":{"@id":"https:\/\/vinylcolors.co\/en\/#organization"},"potentialAction":[{"@type":"SearchAction","target":{"@type":"EntryPoint","urlTemplate":"https:\/\/vinylcolors.co\/en\/?s={search_term_string}"},"query-input":{"@type":"PropertyValueSpecification","valueRequired":true,"valueName":"search_term_string"}}],"inLanguage":"en-US"},{"@type":["Organization","Place"],"@id":"https:\/\/vinylcolors.co\/en\/#organization","name":"Vinyl Colors","url":"https:\/\/vinylcolors.co\/en\/","logo":{"@id":"https:\/\/vinylcolors.co\/en\/https-vinylcolors-co\/politica-de-privacidad\/#local-main-organization-logo"},"image":{"@id":"https:\/\/vinylcolors.co\/en\/https-vinylcolors-co\/politica-de-privacidad\/#local-main-organization-logo"},"sameAs":["https:\/\/www.facebook.com\/vinyl.color","https:\/\/www.instagram.com\/vinyl.colors\/"],"telephone":[],"openingHoursSpecification":[{"@type":"OpeningHoursSpecification","dayOfWeek":["Monday","Tuesday","Wednesday","Thursday","Friday","Saturday","Sunday"],"opens":"09:00","closes":"17:00"}]},{"@type":"ImageObject","inLanguage":"en-US","@id":"https:\/\/vinylcolors.co\/en\/https-vinylcolors-co\/politica-de-privacidad\/#local-main-organization-logo","url":"https:\/\/vinylcolors.co\/wp-content\/uploads\/2025\/05\/logo-vinyl-colors.png","contentUrl":"https:\/\/vinylcolors.co\/wp-content\/uploads\/2025\/05\/logo-vinyl-colors.png","width":500,"height":83,"caption":"Vinyl Colors"}]}},"_links":{"self":[{"href":"https:\/\/vinylcolors.co\/en\/wp-json\/wp\/v2\/pages\/8135","targetHints":{"allow":["GET"]}}],"collection":[{"href":"https:\/\/vinylcolors.co\/en\/wp-json\/wp\/v2\/pages"}],"about":[{"href":"https:\/\/vinylcolors.co\/en\/wp-json\/wp\/v2\/types\/page"}],"author":[{"embeddable":true,"href":"https:\/\/vinylcolors.co\/en\/wp-json\/wp\/v2\/users\/1"}],"replies":[{"embeddable":true,"href":"https:\/\/vinylcolors.co\/en\/wp-json\/wp\/v2\/comments?post=8135"}],"version-history":[{"count":5,"href":"https:\/\/vinylcolors.co\/en\/wp-json\/wp\/v2\/pages\/8135\/revisions"}],"predecessor-version":[{"id":8165,"href":"https:\/\/vinylcolors.co\/en\/wp-json\/wp\/v2\/pages\/8135\/revisions\/8165"}],"up":[{"embeddable":true,"href":"https:\/\/vinylcolors.co\/en\/wp-json\/wp\/v2\/pages\/8087"}],"wp:attachment":[{"href":"https:\/\/vinylcolors.co\/en\/wp-json\/wp\/v2\/media?parent=8135"}],"curies":[{"name":"wp","href":"https:\/\/api.w.org\/{rel}","templated":true}]}}