{"id":8140,"date":"2025-05-30T23:57:12","date_gmt":"2025-05-31T04:57:12","guid":{"rendered":"https:\/\/h3j.aec.mytemp.website\/new\/?page_id=8140"},"modified":"2026-03-03T11:19:31","modified_gmt":"2026-03-03T16:19:31","slug":"politica-de-cookies","status":"publish","type":"page","link":"https:\/\/vinylcolors.co\/en\/https-vinylcolors-co\/politica-de-cookies\/","title":{"rendered":"Pol\u00edtica de cookies"},"content":{"rendered":"<div class=\"wpb-content-wrapper\"><div class=\"vc_row wpb_row vc_row-fluid\"><div class=\"wpb_column vc_column_container vc_col-sm-12\"><div class=\"vc_column-inner\"><div class=\"wpb_wrapper\">\n\t<div class=\"wpb_text_column wpb_content_element\" >\n\t\t<div class=\"wpb_wrapper\">\n\t\t\t<p> Las politicas de cookies son esenciales para informar a los usuarios sobre el uso de datos en un sitio web.<\/p>\n<h1>Pol\u00edtica de cookies<\/h1>\n\n\t\t<\/div>\n\t<\/div>\n<\/div><\/div><\/div><\/div>\n<\/div>","protected":false},"excerpt":{"rendered":"Las politicas de cookies son esenciales para informar a los usuarios sobre el uso de datos en un sitio web. Pol\u00edtica de cookies","protected":false},"author":1,"featured_media":0,"parent":8087,"menu_order":0,"comment_status":"closed","ping_status":"closed","template":"","meta":{"inline_featured_image":false,"footnotes":""},"class_list":["post-8140","page","type-page","status-publish","hentry"],"yoast_head":"<!-- This site is optimized with the Yoast SEO Premium plugin v27.5 (Yoast SEO v27.5) - https:\/\/yoast.com\/product\/yoast-seo-premium-wordpress\/ -->\n<title>Pol\u00edticas de Cookies: \u00bfQu\u00e9 Son y Para Qu\u00e9 Sirven? - Vinyl Colors<\/title>\n<meta name=\"description\" content=\"Las pol\u00edticas de cookies son esenciales para entender la privacidad en l\u00ednea. Aprende m\u00e1s sobre este importante tema.\" \/>\n<meta name=\"robots\" content=\"index, follow, max-snippet:-1, max-image-preview:large, max-video-preview:-1\" \/>\n<link rel=\"canonical\" href=\"https:\/\/vinylcolors.co\/en\/https-vinylcolors-co\/politica-de-cookies\/\" \/>\n<meta property=\"og:locale\" content=\"en_US\" \/>\n<meta property=\"og:type\" content=\"article\" \/>\n<meta property=\"og:title\" content=\"Pol\u00edtica de cookies\" \/>\n<meta property=\"og:description\" content=\"Las pol\u00edticas de cookies son esenciales para entender la privacidad en l\u00ednea. Aprende m\u00e1s sobre este importante tema.\" \/>\n<meta property=\"og:url\" content=\"https:\/\/vinylcolors.co\/en\/https-vinylcolors-co\/politica-de-cookies\/\" \/>\n<meta property=\"og:site_name\" content=\"Vinyl Colors\" \/>\n<meta property=\"article:publisher\" content=\"https:\/\/www.facebook.com\/vinyl.color\" \/>\n<meta property=\"article:modified_time\" content=\"2026-03-03T16:19:31+00:00\" \/>\n<meta name=\"twitter:card\" content=\"summary_large_image\" \/>\n<meta name=\"twitter:label1\" content=\"Est. reading time\" \/>\n\t<meta name=\"twitter:data1\" content=\"1 minute\" \/>\n<script type=\"application\/ld+json\" class=\"yoast-schema-graph\">{\"@context\":\"https:\\\/\\\/schema.org\",\"@graph\":[{\"@type\":\"WebPage\",\"@id\":\"https:\\\/\\\/vinylcolors.co\\\/https-vinylcolors-co\\\/politica-de-cookies\\\/\",\"url\":\"https:\\\/\\\/vinylcolors.co\\\/https-vinylcolors-co\\\/politica-de-cookies\\\/\",\"name\":\"Pol\u00edticas de Cookies: \u00bfQu\u00e9 Son y Para Qu\u00e9 Sirven? - Vinyl Colors\",\"isPartOf\":{\"@id\":\"https:\\\/\\\/vinylcolors.co\\\/en\\\/#website\"},\"datePublished\":\"2025-05-31T04:57:12+00:00\",\"dateModified\":\"2026-03-03T16:19:31+00:00\",\"description\":\"Las pol\u00edticas de cookies son esenciales para entender la privacidad en l\u00ednea. Aprende m\u00e1s sobre este importante tema.\",\"breadcrumb\":{\"@id\":\"https:\\\/\\\/vinylcolors.co\\\/https-vinylcolors-co\\\/politica-de-cookies\\\/#breadcrumb\"},\"inLanguage\":\"en-US\",\"potentialAction\":[{\"@type\":\"ReadAction\",\"target\":[\"https:\\\/\\\/vinylcolors.co\\\/https-vinylcolors-co\\\/politica-de-cookies\\\/\"]}]},{\"@type\":\"BreadcrumbList\",\"@id\":\"https:\\\/\\\/vinylcolors.co\\\/https-vinylcolors-co\\\/politica-de-cookies\\\/#breadcrumb\",\"itemListElement\":[{\"@type\":\"ListItem\",\"position\":1,\"name\":\"Inicio\",\"item\":\"https:\\\/\\\/vinylcolors.co\\\/en\\\/\"},{\"@type\":\"ListItem\",\"position\":2,\"name\":\"Vinyl Colors\",\"item\":\"https:\\\/\\\/vinylcolors.co\\\/en\\\/\"},{\"@type\":\"ListItem\",\"position\":3,\"name\":\"Pol\u00edtica de cookies\"}]},{\"@type\":\"WebSite\",\"@id\":\"https:\\\/\\\/vinylcolors.co\\\/en\\\/#website\",\"url\":\"https:\\\/\\\/vinylcolors.co\\\/en\\\/\",\"name\":\"Vinyl Colors\",\"description\":\"Competimos con calidad, servicio, y los mejores precios\",\"publisher\":{\"@id\":\"https:\\\/\\\/vinylcolors.co\\\/en\\\/#organization\"},\"potentialAction\":[{\"@type\":\"SearchAction\",\"target\":{\"@type\":\"EntryPoint\",\"urlTemplate\":\"https:\\\/\\\/vinylcolors.co\\\/en\\\/?s={search_term_string}\"},\"query-input\":{\"@type\":\"PropertyValueSpecification\",\"valueRequired\":true,\"valueName\":\"search_term_string\"}}],\"inLanguage\":\"en-US\"},{\"@type\":[\"Organization\",\"Place\"],\"@id\":\"https:\\\/\\\/vinylcolors.co\\\/en\\\/#organization\",\"name\":\"Vinyl Colors\",\"url\":\"https:\\\/\\\/vinylcolors.co\\\/en\\\/\",\"logo\":{\"@id\":\"https:\\\/\\\/vinylcolors.co\\\/https-vinylcolors-co\\\/politica-de-cookies\\\/#local-main-organization-logo\"},\"image\":{\"@id\":\"https:\\\/\\\/vinylcolors.co\\\/https-vinylcolors-co\\\/politica-de-cookies\\\/#local-main-organization-logo\"},\"sameAs\":[\"https:\\\/\\\/www.facebook.com\\\/vinyl.color\",\"https:\\\/\\\/www.instagram.com\\\/vinyl.colors\\\/\"],\"telephone\":[],\"openingHoursSpecification\":[{\"@type\":\"OpeningHoursSpecification\",\"dayOfWeek\":[\"Monday\",\"Tuesday\",\"Wednesday\",\"Thursday\",\"Friday\",\"Saturday\",\"Sunday\"],\"opens\":\"09:00\",\"closes\":\"17:00\"}]},{\"@type\":\"ImageObject\",\"inLanguage\":\"en-US\",\"@id\":\"https:\\\/\\\/vinylcolors.co\\\/https-vinylcolors-co\\\/politica-de-cookies\\\/#local-main-organization-logo\",\"url\":\"https:\\\/\\\/vinylcolors.co\\\/wp-content\\\/uploads\\\/2025\\\/05\\\/logo-vinyl-colors.png\",\"contentUrl\":\"https:\\\/\\\/vinylcolors.co\\\/wp-content\\\/uploads\\\/2025\\\/05\\\/logo-vinyl-colors.png\",\"width\":500,\"height\":83,\"caption\":\"Vinyl Colors\"}]}<\/script>\n<!-- \/ Yoast SEO Premium plugin. -->","yoast_head_json":{"title":"Pol\u00edticas de Cookies: \u00bfQu\u00e9 Son y Para Qu\u00e9 Sirven? - Vinyl Colors","description":"Las pol\u00edticas de cookies son esenciales para entender la privacidad en l\u00ednea. Aprende m\u00e1s sobre este importante tema.","robots":{"index":"index","follow":"follow","max-snippet":"max-snippet:-1","max-image-preview":"max-image-preview:large","max-video-preview":"max-video-preview:-1"},"canonical":"https:\/\/vinylcolors.co\/en\/https-vinylcolors-co\/politica-de-cookies\/","og_locale":"en_US","og_type":"article","og_title":"Pol\u00edtica de cookies","og_description":"Las pol\u00edticas de cookies son esenciales para entender la privacidad en l\u00ednea. Aprende m\u00e1s sobre este importante tema.","og_url":"https:\/\/vinylcolors.co\/en\/https-vinylcolors-co\/politica-de-cookies\/","og_site_name":"Vinyl Colors","article_publisher":"https:\/\/www.facebook.com\/vinyl.color","article_modified_time":"2026-03-03T16:19:31+00:00","twitter_card":"summary_large_image","twitter_misc":{"Est. reading time":"1 minute"},"schema":{"@context":"https:\/\/schema.org","@graph":[{"@type":"WebPage","@id":"https:\/\/vinylcolors.co\/https-vinylcolors-co\/politica-de-cookies\/","url":"https:\/\/vinylcolors.co\/https-vinylcolors-co\/politica-de-cookies\/","name":"Pol\u00edticas de Cookies: \u00bfQu\u00e9 Son y Para Qu\u00e9 Sirven? - Vinyl Colors","isPartOf":{"@id":"https:\/\/vinylcolors.co\/en\/#website"},"datePublished":"2025-05-31T04:57:12+00:00","dateModified":"2026-03-03T16:19:31+00:00","description":"Las pol\u00edticas de cookies son esenciales para entender la privacidad en l\u00ednea. Aprende m\u00e1s sobre este importante tema.","breadcrumb":{"@id":"https:\/\/vinylcolors.co\/https-vinylcolors-co\/politica-de-cookies\/#breadcrumb"},"inLanguage":"en-US","potentialAction":[{"@type":"ReadAction","target":["https:\/\/vinylcolors.co\/https-vinylcolors-co\/politica-de-cookies\/"]}]},{"@type":"BreadcrumbList","@id":"https:\/\/vinylcolors.co\/https-vinylcolors-co\/politica-de-cookies\/#breadcrumb","itemListElement":[{"@type":"ListItem","position":1,"name":"Inicio","item":"https:\/\/vinylcolors.co\/en\/"},{"@type":"ListItem","position":2,"name":"Vinyl Colors","item":"https:\/\/vinylcolors.co\/en\/"},{"@type":"ListItem","position":3,"name":"Pol\u00edtica de cookies"}]},{"@type":"WebSite","@id":"https:\/\/vinylcolors.co\/en\/#website","url":"https:\/\/vinylcolors.co\/en\/","name":"Vinyl Colors","description":"Competimos con calidad, servicio, y los mejores precios","publisher":{"@id":"https:\/\/vinylcolors.co\/en\/#organization"},"potentialAction":[{"@type":"SearchAction","target":{"@type":"EntryPoint","urlTemplate":"https:\/\/vinylcolors.co\/en\/?s={search_term_string}"},"query-input":{"@type":"PropertyValueSpecification","valueRequired":true,"valueName":"search_term_string"}}],"inLanguage":"en-US"},{"@type":["Organization","Place"],"@id":"https:\/\/vinylcolors.co\/en\/#organization","name":"Vinyl Colors","url":"https:\/\/vinylcolors.co\/en\/","logo":{"@id":"https:\/\/vinylcolors.co\/https-vinylcolors-co\/politica-de-cookies\/#local-main-organization-logo"},"image":{"@id":"https:\/\/vinylcolors.co\/https-vinylcolors-co\/politica-de-cookies\/#local-main-organization-logo"},"sameAs":["https:\/\/www.facebook.com\/vinyl.color","https:\/\/www.instagram.com\/vinyl.colors\/"],"telephone":[],"openingHoursSpecification":[{"@type":"OpeningHoursSpecification","dayOfWeek":["Monday","Tuesday","Wednesday","Thursday","Friday","Saturday","Sunday"],"opens":"09:00","closes":"17:00"}]},{"@type":"ImageObject","inLanguage":"en-US","@id":"https:\/\/vinylcolors.co\/https-vinylcolors-co\/politica-de-cookies\/#local-main-organization-logo","url":"https:\/\/vinylcolors.co\/wp-content\/uploads\/2025\/05\/logo-vinyl-colors.png","contentUrl":"https:\/\/vinylcolors.co\/wp-content\/uploads\/2025\/05\/logo-vinyl-colors.png","width":500,"height":83,"caption":"Vinyl Colors"}]}},"_links":{"self":[{"href":"https:\/\/vinylcolors.co\/en\/wp-json\/wp\/v2\/pages\/8140","targetHints":{"allow":["GET"]}}],"collection":[{"href":"https:\/\/vinylcolors.co\/en\/wp-json\/wp\/v2\/pages"}],"about":[{"href":"https:\/\/vinylcolors.co\/en\/wp-json\/wp\/v2\/types\/page"}],"author":[{"embeddable":true,"href":"https:\/\/vinylcolors.co\/en\/wp-json\/wp\/v2\/users\/1"}],"replies":[{"embeddable":true,"href":"https:\/\/vinylcolors.co\/en\/wp-json\/wp\/v2\/comments?post=8140"}],"version-history":[{"count":2,"href":"https:\/\/vinylcolors.co\/en\/wp-json\/wp\/v2\/pages\/8140\/revisions"}],"predecessor-version":[{"id":10436,"href":"https:\/\/vinylcolors.co\/en\/wp-json\/wp\/v2\/pages\/8140\/revisions\/10436"}],"up":[{"embeddable":true,"href":"https:\/\/vinylcolors.co\/en\/wp-json\/wp\/v2\/pages\/8087"}],"wp:attachment":[{"href":"https:\/\/vinylcolors.co\/en\/wp-json\/wp\/v2\/media?parent=8140"}],"curies":[{"name":"wp","href":"https:\/\/api.w.org\/{rel}","templated":true}]}}