{"id":8145,"date":"2025-05-31T00:06:38","date_gmt":"2025-05-31T05:06:38","guid":{"rendered":"https:\/\/h3j.aec.mytemp.website\/new\/?page_id=8145"},"modified":"2025-08-04T09:27:02","modified_gmt":"2025-08-04T14:27:02","slug":"preguntas-frecuentes","status":"publish","type":"page","link":"https:\/\/vinylcolors.co\/en\/https-vinylcolors-co\/preguntas-frecuentes\/","title":{"rendered":"Preguntas frecuentes"},"content":{"rendered":"<div class=\"wpb-content-wrapper\"><div class=\"vc_row wpb_row vc_row-fluid\"><div class=\"wpb_column vc_column_container vc_col-sm-12\"><div class=\"vc_column-inner\"><div class=\"wpb_wrapper\">\n\t<div class=\"wpb_text_column wpb_content_element\" >\n\t\t<div class=\"wpb_wrapper\">\n\t\t\t<h1>Preguntas frecuentes<\/h1>\n\n\t\t<\/div>\n\t<\/div>\n<\/div><\/div><\/div><\/div><div class=\"vc_row wpb_row vc_row-fluid\"><div class=\"wpb_column vc_column_container vc_col-sm-12\"><div class=\"vc_column-inner\"><div class=\"wpb_wrapper\">\n\t<div class=\"wpb_text_column wpb_content_element\" >\n\t\t<div class=\"wpb_wrapper\">\n\t\t\t<p><\/p>\n\n\t\t<\/div>\n\t<\/div>\n<\/div><\/div><\/div><\/div><div class=\"vc_row wpb_row vc_row-fluid faq\"><div class=\"wpb_column vc_column_container vc_col-sm-12\"><div class=\"vc_column-inner\"><div class=\"wpb_wrapper\"><div class=\"vc_tta-container\" data-vc-action=\"collapse\"><div class=\"vc_general vc_tta vc_tta-accordion vc_tta-color-grey vc_tta-style-classic vc_tta-shape-rounded vc_tta-o-shape-group vc_tta-controls-align-default\"><div class=\"vc_tta-panels-container\"><div class=\"vc_tta-panels\"><div class=\"vc_tta-panel vc_active\" id=\"1555037920486-ed14e79d-d44b\" data-vc-content=\".vc_tta-panel-body\"><div class=\"vc_tta-panel-heading\"><h4 class=\"vc_tta-panel-title vc_tta-controls-icon-position-right\"><a href=\"#1555037920486-ed14e79d-d44b\" data-vc-accordion data-vc-container=\".vc_tta-container\"><span class=\"vc_tta-title-text\">\u00bfDebo registrarme para poder comprar en vinylcolors.co?<\/span><i class=\"vc_tta-controls-icon vc_tta-controls-icon-chevron\"><\/i><\/a><\/h4><\/div><div class=\"vc_tta-panel-body\">\n\t<div class=\"wpb_text_column wpb_content_element\" >\n\t\t<div class=\"wpb_wrapper\">\n\t\t\t<p style=\"text-align: justify;\">S\u00ed, aunque puedes agregar los productos que quieras al carrito de compras sin estar registrado. Cuando realices el proceso de compra, debes ingresar tus datos personales, as\u00ed como el m\u00e9todo de env\u00edo y tu medio de pago.<\/p>\n\n\t\t<\/div>\n\t<\/div>\n<\/div><\/div><div class=\"vc_tta-panel\" id=\"1748738062790-007cc30d-7958\" data-vc-content=\".vc_tta-panel-body\"><div class=\"vc_tta-panel-heading\"><h4 class=\"vc_tta-panel-title vc_tta-controls-icon-position-right\"><a href=\"#1748738062790-007cc30d-7958\" data-vc-accordion data-vc-container=\".vc_tta-container\"><span class=\"vc_tta-title-text\">\u00bfEncuentro los mismos productos tanto en tienda f\u00edsica como en vinylcolors.co?<\/span><i class=\"vc_tta-controls-icon vc_tta-controls-icon-chevron\"><\/i><\/a><\/h4><\/div><div class=\"vc_tta-panel-body\">\n\t<div class=\"wpb_text_column wpb_content_element\" >\n\t\t<div class=\"wpb_wrapper\">\n\t\t\t<p style=\"text-align: justify;\">S\u00ed, el cat\u00e1logo es el mismo. Sin embargo, para recibir informaci\u00f3n sobre la disponibilidad de productos en nuestras tiendas, puedes comunicarte a nuestra l\u00ednea de servicio al cliente + 57 (601) 826 9746.<\/p>\n\n\t\t<\/div>\n\t<\/div>\n<\/div><\/div><div class=\"vc_tta-panel\" id=\"1748738814699-56845666-8ba2\" data-vc-content=\".vc_tta-panel-body\"><div class=\"vc_tta-panel-heading\"><h4 class=\"vc_tta-panel-title vc_tta-controls-icon-position-right\"><a href=\"#1748738814699-56845666-8ba2\" data-vc-accordion data-vc-container=\".vc_tta-container\"><span class=\"vc_tta-title-text\">\u00bfLos precios mostrados incluyen IVA?<\/span><i class=\"vc_tta-controls-icon vc_tta-controls-icon-chevron\"><\/i><\/a><\/h4><\/div><div class=\"vc_tta-panel-body\">\n\t<div class=\"wpb_text_column wpb_content_element\" >\n\t\t<div class=\"wpb_wrapper\">\n\t\t\t<p style=\"text-align: justify;\">No, todos los precios que ves en nuestro sitio web no incluyen el IVA. Ser\u00e1 sumado en la cuenta total.<\/p>\n\n\t\t<\/div>\n\t<\/div>\n<\/div><\/div><div class=\"vc_tta-panel\" id=\"1748739043305-3de720b5-acbc\" data-vc-content=\".vc_tta-panel-body\"><div class=\"vc_tta-panel-heading\"><h4 class=\"vc_tta-panel-title vc_tta-controls-icon-position-right\"><a href=\"#1748739043305-3de720b5-acbc\" data-vc-accordion data-vc-container=\".vc_tta-container\"><span class=\"vc_tta-title-text\">\u00bfPuedo comprar m\u00e1s de una unidad del mismo art\u00edculo?<\/span><i class=\"vc_tta-controls-icon vc_tta-controls-icon-chevron\"><\/i><\/a><\/h4><\/div><div class=\"vc_tta-panel-body\">\n\t<div class=\"wpb_text_column wpb_content_element\" >\n\t\t<div class=\"wpb_wrapper\">\n\t\t\t<p style=\"text-align: justify;\">S\u00ed, como cliente no tienes un l\u00edmite de unidades por producto.<\/p>\n\n\t\t<\/div>\n\t<\/div>\n<\/div><\/div><\/div><\/div><\/div><\/div><\/div><\/div><\/div><\/div><div class=\"vc_row wpb_row vc_row-fluid still-ques vc_custom_1748740369489\"><div class=\"wpb_column vc_column_container vc_col-sm-12\"><div class=\"vc_column-inner\"><div class=\"wpb_wrapper\">\r\n<div class=\"tbay-addon tbay-addon-text-heading\">\r\n\t        <h3 class=\"tbay-addon-title\" >\r\n                            <span>\u00bfA\u00fan tienes dudas? D\u00e9jalas aqu\u00ed.<\/span>\r\n                                        <span class=\"subtitle\">Su direcci\u00f3n de correo electr\u00f3nico no ser\u00e1 publicada. Los campos obligatorios est\u00e1n marcados (*).<\/span>\r\n                    <\/h3>\r\n            <\/div>\n<div class=\"wpcf7 no-js\" id=\"wpcf7-f8227-o1\" lang=\"es-ES\" dir=\"ltr\" data-wpcf7-id=\"8227\">\n<div class=\"screen-reader-response\"><p role=\"status\" aria-live=\"polite\" aria-atomic=\"true\"><\/p> <ul><\/ul><\/div>\n<form action=\"\/en\/wp-json\/wp\/v2\/pages\/8145#wpcf7-f8227-o1\" method=\"post\" class=\"wpcf7-form init\" aria-label=\"Formulario de contacto\" novalidate=\"novalidate\" data-status=\"init\" data-trp-original-action=\"\/en\/wp-json\/wp\/v2\/pages\/8145#wpcf7-f8227-o1\">\n<fieldset class=\"hidden-fields-container\"><input type=\"hidden\" name=\"_wpcf7\" value=\"8227\" \/><input type=\"hidden\" name=\"_wpcf7_version\" value=\"6.1.5\" \/><input type=\"hidden\" name=\"_wpcf7_locale\" value=\"es_ES\" \/><input type=\"hidden\" name=\"_wpcf7_unit_tag\" value=\"wpcf7-f8227-o1\" \/><input type=\"hidden\" name=\"_wpcf7_container_post\" value=\"0\" \/><input type=\"hidden\" name=\"_wpcf7_posted_data_hash\" value=\"\" \/><input type=\"hidden\" name=\"_wpcf7_recaptcha_response\" value=\"\" \/>\n<\/fieldset>\n<div class=\"form-horizontal row\">\n\t<div class=\"col-md-4\">\n\t\t<p><label for=\"name\">Nombre<span class=\"required\">*<\/span>:<\/label><br \/>\n<span class=\"wpcf7-form-control-wrap\" data-name=\"nombre\"><input size=\"40\" maxlength=\"400\" class=\"wpcf7-form-control wpcf7-text wpcf7-validates-as-required required form-control\" id=\"your_name\" aria-required=\"true\" aria-invalid=\"false\" value=\"\" type=\"text\" name=\"nombre\" \/><\/span>\n\t\t<\/p>\n\t<\/div>\n\t<div class=\"col-md-4\">\n\t\t<p><label class=\"control-label\" for=\"email\">Correo electr\u00f3nico<span class=\"required\">*<\/span>:<\/label><br \/>\n<span class=\"wpcf7-form-control-wrap\" data-name=\"email-257\"><input size=\"40\" maxlength=\"400\" class=\"wpcf7-form-control wpcf7-email wpcf7-validates-as-required wpcf7-text wpcf7-validates-as-email required\" id=\"your_email\" aria-required=\"true\" aria-invalid=\"false\" value=\"\" type=\"email\" name=\"email-257\" \/><\/span>\n\t\t<\/p>\n\t<\/div>\n\t<div class=\"col-md-4\">\n\t\t<p><label for=\"name\">Asunto<span class=\"required\">*<\/span>:<\/label><br \/>\n<span class=\"wpcf7-form-control-wrap\" data-name=\"asunto\"><input size=\"40\" maxlength=\"400\" class=\"wpcf7-form-control wpcf7-text wpcf7-validates-as-required required form-subject\" id=\"your_subject\" aria-required=\"true\" aria-invalid=\"false\" value=\"\" type=\"text\" name=\"asunto\" \/><\/span>\n\t\t<\/p>\n\t<\/div>\n\t<div class=\"col-md-12\">\n\t\t<p><label class=\"control-label\" for=\"message\">Mensaje<span class=\"required\">*<\/span>:<\/label><br \/>\n<span class=\"wpcf7-form-control-wrap\" data-name=\"mensaje\"><textarea cols=\"40\" rows=\"10\" maxlength=\"2000\" class=\"wpcf7-form-control wpcf7-textarea required\" id=\"your_message\" aria-invalid=\"false\" name=\"mensaje\"><\/textarea><\/span>\n\t\t<\/p>\n\t<\/div>\n\t<div class=\"col-md-2 col-md-offset-10\">\n\t\t<p><input class=\"wpcf7-form-control wpcf7-submit has-spinner btn btn-default\" type=\"submit\" value=\"Enviar\" \/>\n\t\t<\/p>\n\t<\/div>\n<\/div><div class=\"wpcf7-response-output\" aria-hidden=\"true\"><\/div>\n<input type=\"hidden\" name=\"trp-form-language\" value=\"en\"\/><\/form>\n<\/div>\n<\/div><\/div><\/div><\/div>\n<\/div>","protected":false},"excerpt":{"rendered":"Preguntas frecuentes \u00bfDebo registrarme para poder comprar en vinylcolors.co? S\u00ed, aunque puedes agregar los productos que quieras al carrito de compras sin estar registrado. Cuando realices el proceso de compra, debes ingresar tus datos personales, as\u00ed como el m\u00e9todo de env\u00edo y tu medio de pago. \u00bfEncuentro los mismos productos tanto en tienda f\u00edsica como &hellip; <a href=\"https:\/\/vinylcolors.co\/en\/https-vinylcolors-co\/preguntas-frecuentes\/\" class=\"more-link\">Continue reading <span class=\"screen-reader-text\">Preguntas frecuentes<\/span><\/a>","protected":false},"author":1,"featured_media":0,"parent":8087,"menu_order":0,"comment_status":"closed","ping_status":"closed","template":"","meta":{"inline_featured_image":false,"footnotes":""},"class_list":["post-8145","page","type-page","status-publish","hentry"],"yoast_head":"<!-- This site is optimized with the Yoast SEO Premium plugin v27.3 (Yoast SEO v27.3) - https:\/\/yoast.com\/product\/yoast-seo-premium-wordpress\/ -->\n<title>Preguntas frecuentes - Vinyl Colors<\/title>\n<meta name=\"robots\" content=\"index, follow, max-snippet:-1, max-image-preview:large, max-video-preview:-1\" \/>\n<link rel=\"canonical\" href=\"https:\/\/vinylcolors.co\/en\/https-vinylcolors-co\/preguntas-frecuentes\/\" \/>\n<meta property=\"og:locale\" content=\"en_US\" \/>\n<meta property=\"og:type\" content=\"article\" \/>\n<meta property=\"og:title\" content=\"Preguntas frecuentes\" \/>\n<meta property=\"og:url\" content=\"https:\/\/vinylcolors.co\/en\/https-vinylcolors-co\/preguntas-frecuentes\/\" \/>\n<meta property=\"og:site_name\" content=\"Vinyl Colors\" \/>\n<meta property=\"article:publisher\" content=\"https:\/\/www.facebook.com\/vinyl.color\" \/>\n<meta property=\"article:modified_time\" content=\"2025-08-04T14:27:02+00:00\" \/>\n<meta name=\"twitter:card\" content=\"summary_large_image\" \/>\n<meta name=\"twitter:label1\" content=\"Est. reading time\" \/>\n\t<meta name=\"twitter:data1\" content=\"1 minute\" \/>\n<script type=\"application\/ld+json\" class=\"yoast-schema-graph\">{\"@context\":\"https:\\\/\\\/schema.org\",\"@graph\":[{\"@type\":\"WebPage\",\"@id\":\"https:\\\/\\\/vinylcolors.co\\\/https-vinylcolors-co\\\/preguntas-frecuentes\\\/\",\"url\":\"https:\\\/\\\/vinylcolors.co\\\/https-vinylcolors-co\\\/preguntas-frecuentes\\\/\",\"name\":\"Preguntas frecuentes - Vinyl Colors\",\"isPartOf\":{\"@id\":\"https:\\\/\\\/vinylcolors.co\\\/en\\\/#website\"},\"datePublished\":\"2025-05-31T05:06:38+00:00\",\"dateModified\":\"2025-08-04T14:27:02+00:00\",\"breadcrumb\":{\"@id\":\"https:\\\/\\\/vinylcolors.co\\\/https-vinylcolors-co\\\/preguntas-frecuentes\\\/#breadcrumb\"},\"inLanguage\":\"en-US\",\"potentialAction\":[{\"@type\":\"ReadAction\",\"target\":[\"https:\\\/\\\/vinylcolors.co\\\/https-vinylcolors-co\\\/preguntas-frecuentes\\\/\"]}]},{\"@type\":\"BreadcrumbList\",\"@id\":\"https:\\\/\\\/vinylcolors.co\\\/https-vinylcolors-co\\\/preguntas-frecuentes\\\/#breadcrumb\",\"itemListElement\":[{\"@type\":\"ListItem\",\"position\":1,\"name\":\"Inicio\",\"item\":\"https:\\\/\\\/vinylcolors.co\\\/en\\\/\"},{\"@type\":\"ListItem\",\"position\":2,\"name\":\"Vinyl Colors\",\"item\":\"https:\\\/\\\/vinylcolors.co\\\/en\\\/\"},{\"@type\":\"ListItem\",\"position\":3,\"name\":\"Preguntas frecuentes\"}]},{\"@type\":\"WebSite\",\"@id\":\"https:\\\/\\\/vinylcolors.co\\\/en\\\/#website\",\"url\":\"https:\\\/\\\/vinylcolors.co\\\/en\\\/\",\"name\":\"Vinyl Colors\",\"description\":\"Competimos con calidad, servicio, y los mejores precios\",\"publisher\":{\"@id\":\"https:\\\/\\\/vinylcolors.co\\\/en\\\/#organization\"},\"potentialAction\":[{\"@type\":\"SearchAction\",\"target\":{\"@type\":\"EntryPoint\",\"urlTemplate\":\"https:\\\/\\\/vinylcolors.co\\\/en\\\/?s={search_term_string}\"},\"query-input\":{\"@type\":\"PropertyValueSpecification\",\"valueRequired\":true,\"valueName\":\"search_term_string\"}}],\"inLanguage\":\"en-US\"},{\"@type\":[\"Organization\",\"Place\"],\"@id\":\"https:\\\/\\\/vinylcolors.co\\\/en\\\/#organization\",\"name\":\"Vinyl Colors\",\"url\":\"https:\\\/\\\/vinylcolors.co\\\/en\\\/\",\"logo\":{\"@id\":\"https:\\\/\\\/vinylcolors.co\\\/https-vinylcolors-co\\\/preguntas-frecuentes\\\/#local-main-organization-logo\"},\"image\":{\"@id\":\"https:\\\/\\\/vinylcolors.co\\\/https-vinylcolors-co\\\/preguntas-frecuentes\\\/#local-main-organization-logo\"},\"sameAs\":[\"https:\\\/\\\/www.facebook.com\\\/vinyl.color\",\"https:\\\/\\\/www.instagram.com\\\/vinyl.colors\\\/\"],\"telephone\":[],\"openingHoursSpecification\":[{\"@type\":\"OpeningHoursSpecification\",\"dayOfWeek\":[\"Monday\",\"Tuesday\",\"Wednesday\",\"Thursday\",\"Friday\",\"Saturday\",\"Sunday\"],\"opens\":\"09:00\",\"closes\":\"17:00\"}]},{\"@type\":\"ImageObject\",\"inLanguage\":\"en-US\",\"@id\":\"https:\\\/\\\/vinylcolors.co\\\/https-vinylcolors-co\\\/preguntas-frecuentes\\\/#local-main-organization-logo\",\"url\":\"https:\\\/\\\/vinylcolors.co\\\/wp-content\\\/uploads\\\/2025\\\/05\\\/logo-vinyl-colors.png\",\"contentUrl\":\"https:\\\/\\\/vinylcolors.co\\\/wp-content\\\/uploads\\\/2025\\\/05\\\/logo-vinyl-colors.png\",\"width\":500,\"height\":83,\"caption\":\"Vinyl Colors\"}]}<\/script>\n<!-- \/ Yoast SEO Premium plugin. -->","yoast_head_json":{"title":"Preguntas frecuentes - Vinyl Colors","robots":{"index":"index","follow":"follow","max-snippet":"max-snippet:-1","max-image-preview":"max-image-preview:large","max-video-preview":"max-video-preview:-1"},"canonical":"https:\/\/vinylcolors.co\/en\/https-vinylcolors-co\/preguntas-frecuentes\/","og_locale":"en_US","og_type":"article","og_title":"Preguntas frecuentes","og_url":"https:\/\/vinylcolors.co\/en\/https-vinylcolors-co\/preguntas-frecuentes\/","og_site_name":"Vinyl Colors","article_publisher":"https:\/\/www.facebook.com\/vinyl.color","article_modified_time":"2025-08-04T14:27:02+00:00","twitter_card":"summary_large_image","twitter_misc":{"Est. reading time":"1 minute"},"schema":{"@context":"https:\/\/schema.org","@graph":[{"@type":"WebPage","@id":"https:\/\/vinylcolors.co\/https-vinylcolors-co\/preguntas-frecuentes\/","url":"https:\/\/vinylcolors.co\/https-vinylcolors-co\/preguntas-frecuentes\/","name":"Preguntas frecuentes - Vinyl Colors","isPartOf":{"@id":"https:\/\/vinylcolors.co\/en\/#website"},"datePublished":"2025-05-31T05:06:38+00:00","dateModified":"2025-08-04T14:27:02+00:00","breadcrumb":{"@id":"https:\/\/vinylcolors.co\/https-vinylcolors-co\/preguntas-frecuentes\/#breadcrumb"},"inLanguage":"en-US","potentialAction":[{"@type":"ReadAction","target":["https:\/\/vinylcolors.co\/https-vinylcolors-co\/preguntas-frecuentes\/"]}]},{"@type":"BreadcrumbList","@id":"https:\/\/vinylcolors.co\/https-vinylcolors-co\/preguntas-frecuentes\/#breadcrumb","itemListElement":[{"@type":"ListItem","position":1,"name":"Inicio","item":"https:\/\/vinylcolors.co\/en\/"},{"@type":"ListItem","position":2,"name":"Vinyl Colors","item":"https:\/\/vinylcolors.co\/en\/"},{"@type":"ListItem","position":3,"name":"Preguntas frecuentes"}]},{"@type":"WebSite","@id":"https:\/\/vinylcolors.co\/en\/#website","url":"https:\/\/vinylcolors.co\/en\/","name":"Vinyl Colors","description":"Competimos con calidad, servicio, y los mejores precios","publisher":{"@id":"https:\/\/vinylcolors.co\/en\/#organization"},"potentialAction":[{"@type":"SearchAction","target":{"@type":"EntryPoint","urlTemplate":"https:\/\/vinylcolors.co\/en\/?s={search_term_string}"},"query-input":{"@type":"PropertyValueSpecification","valueRequired":true,"valueName":"search_term_string"}}],"inLanguage":"en-US"},{"@type":["Organization","Place"],"@id":"https:\/\/vinylcolors.co\/en\/#organization","name":"Vinyl Colors","url":"https:\/\/vinylcolors.co\/en\/","logo":{"@id":"https:\/\/vinylcolors.co\/https-vinylcolors-co\/preguntas-frecuentes\/#local-main-organization-logo"},"image":{"@id":"https:\/\/vinylcolors.co\/https-vinylcolors-co\/preguntas-frecuentes\/#local-main-organization-logo"},"sameAs":["https:\/\/www.facebook.com\/vinyl.color","https:\/\/www.instagram.com\/vinyl.colors\/"],"telephone":[],"openingHoursSpecification":[{"@type":"OpeningHoursSpecification","dayOfWeek":["Monday","Tuesday","Wednesday","Thursday","Friday","Saturday","Sunday"],"opens":"09:00","closes":"17:00"}]},{"@type":"ImageObject","inLanguage":"en-US","@id":"https:\/\/vinylcolors.co\/https-vinylcolors-co\/preguntas-frecuentes\/#local-main-organization-logo","url":"https:\/\/vinylcolors.co\/wp-content\/uploads\/2025\/05\/logo-vinyl-colors.png","contentUrl":"https:\/\/vinylcolors.co\/wp-content\/uploads\/2025\/05\/logo-vinyl-colors.png","width":500,"height":83,"caption":"Vinyl Colors"}]}},"_links":{"self":[{"href":"https:\/\/vinylcolors.co\/en\/wp-json\/wp\/v2\/pages\/8145","targetHints":{"allow":["GET"]}}],"collection":[{"href":"https:\/\/vinylcolors.co\/en\/wp-json\/wp\/v2\/pages"}],"about":[{"href":"https:\/\/vinylcolors.co\/en\/wp-json\/wp\/v2\/types\/page"}],"author":[{"embeddable":true,"href":"https:\/\/vinylcolors.co\/en\/wp-json\/wp\/v2\/users\/1"}],"replies":[{"embeddable":true,"href":"https:\/\/vinylcolors.co\/en\/wp-json\/wp\/v2\/comments?post=8145"}],"version-history":[{"count":13,"href":"https:\/\/vinylcolors.co\/en\/wp-json\/wp\/v2\/pages\/8145\/revisions"}],"predecessor-version":[{"id":8230,"href":"https:\/\/vinylcolors.co\/en\/wp-json\/wp\/v2\/pages\/8145\/revisions\/8230"}],"up":[{"embeddable":true,"href":"https:\/\/vinylcolors.co\/en\/wp-json\/wp\/v2\/pages\/8087"}],"wp:attachment":[{"href":"https:\/\/vinylcolors.co\/en\/wp-json\/wp\/v2\/media?parent=8145"}],"curies":[{"name":"wp","href":"https:\/\/api.w.org\/{rel}","templated":true}]}}