{"id":10072,"date":"2025-12-04T15:56:17","date_gmt":"2025-12-04T20:56:17","guid":{"rendered":"https:\/\/h3j.aec.mytemp.website\/?post_type=product&#038;p=10072"},"modified":"2026-04-27T11:08:14","modified_gmt":"2026-04-27T16:08:14","slug":"vinilo-de-corte-traslucido-verde-81","status":"publish","type":"product","link":"https:\/\/vinylcolors.co\/en\/product\/vinilo-de-corte-traslucido-verde-81\/","title":{"rendered":"Vinilo de corte Trasl\u00f9cido VERDE-81"},"content":{"rendered":"<p>El VINILO TRASLUCIDO SM5 ofrece un <strong data-start=\"1512\" data-end=\"1540\">acabado mate transl\u00facido<\/strong> para una distribuci\u00f3n uniforme de la luz. Adem\u00e1s, VINILO TRASLUCIDO SM5 es reconocido por su calidad en aplicaciones profesionales y resulta perfecto para quienes buscan vinilo trasl\u00facido SM5 en proyectos exigentes.<\/p>\n<ul>\n<li data-start=\"1627\" data-end=\"1704\">\n<p data-start=\"1629\" data-end=\"1704\"><strong data-start=\"1632\" data-end=\"1702\">Ideal para corte con plotter y aplicaciones gr\u00e1ficas profesionales<\/strong>. Por supuesto, esta caracter\u00edstica del vinilo trasl\u00facido SM5 lo convierte en referente en la industria publicitaria.<\/p>\n<\/li>\n<li data-start=\"1706\" data-end=\"1889\">\n<p data-start=\"1708\" data-end=\"1727\">\ud83d\udd06 Perfecto para:<\/p>\n<ul data-start=\"1730\" data-end=\"1889\">\n<li data-start=\"1730\" data-end=\"1746\">\n<p data-start=\"1732\" data-end=\"1746\">Cajas de luz<\/p>\n<\/li>\n<li data-start=\"1749\" data-end=\"1769\">\n<p data-start=\"1751\" data-end=\"1769\">Avisos acr\u00edlicos<\/p>\n<\/li>\n<li data-start=\"1772\" data-end=\"1803\">\n<p data-start=\"1774\" data-end=\"1803\">Se\u00f1alizaci\u00f3n retroiluminada<\/p>\n<\/li>\n<li data-start=\"1806\" data-end=\"1889\">\n<p data-start=\"1808\" data-end=\"1889\">Aplicaciones publicitarias iluminadas<\/p>\n<\/li>\n<\/ul>\n<\/li>\n<\/ul>\n<p><strong data-start=\"1896\" data-end=\"1908\">Espesor:<\/strong> 0.245 mm \/ 245 micras.<\/p>\n<p><strong data-start=\"1981\" data-end=\"1991\">Liner:<\/strong> 0.140 mm.<\/p>\n<p><strong data-start=\"2051\" data-end=\"2067\">Durabilidad:<\/strong> 5 a\u00f1os en aplicaciones exteriores e interiores.<\/p>\n<p><strong data-start=\"2165\" data-end=\"2180\">Elongaci\u00f3n:<\/strong> 150%, ideal para superficies planas o ligeramente curvas.<\/p>\n<ul data-start=\"2317\" data-end=\"2404\">\n<li data-start=\"2317\" data-end=\"2339\">\n<p data-start=\"2319\" data-end=\"2339\">Calor: hasta 80 \u00b0C<\/p>\n<\/li>\n<li data-start=\"2342\" data-end=\"2404\">\n<p data-start=\"2344\" data-end=\"2404\">Fr\u00edo: hasta 5 \u00b0C<\/p>\n<\/li>\n<\/ul>\n<p><strong data-start=\"2488\" data-end=\"2510\">Formato:<\/strong> rollo de 1.22 m de anchoFinalmente, VINILO TRASLUCIDO SM5 facilita la se&amp;ntilde;alizaci&amp;oacute;n retroiluminada en espacios comerciales. Por otro lado, el VINILO TRASLUCIDO SM5 destaca por su durabilidad en entornos tanto interiores como exteriores. Como resultado, VINILO TRASLUCIDO SM5 es una opci\u00f3n ideal para aplicaciones publicitarias iluminadas.<\/p>","protected":false},"excerpt":{"rendered":"<p>El <strong data-start=\"372\" data-end=\"403\">Vinilo de Corte Transl\u00facido<\/strong> es una soluci\u00f3n profesional dise\u00f1ada para aplicaciones donde la transmisi\u00f3n de luz controlada es esencial. Gracias a su acabado <strong data-start=\"532\" data-end=\"552\">mate transl\u00facido<\/strong>, permite que la iluminaci\u00f3n posterior se distribuya de manera uniforme, logrando un efecto visual limpio, brillante y sin puntos de luz visibles.<\/p>\n<p>&nbsp;<\/p>\n<p>Este material est\u00e1 dise\u00f1ado para uso en <strong data-start=\"740\" data-end=\"767\">interiores y exteriores<\/strong>, ofreciendo estabilidad, durabilidad y excelente desempe\u00f1o en aplicaciones de larga vida, ideal\u00a0para cajas luminosas, letreros publicitarios, avisos en acr\u00edlico, se\u00f1alizaci\u00f3n comercial, exhibidores y decoraci\u00f3n de vitrinas.<\/p>","protected":false},"featured_media":10073,"comment_status":"open","ping_status":"closed","template":"","meta":{"inline_featured_image":false},"product_brand":[102],"product_cat":[122],"product_tag":[],"class_list":{"0":"post-10072","1":"product","2":"type-product","3":"status-publish","4":"has-post-thumbnail","6":"product_brand-vinyl-colors","7":"product_cat-traslucido","8":"pa_acabado-mate","9":"pa_ancho-de-corte-122-cm","10":"pa_color-amarillo","11":"pa_color-amarillo-sol","12":"pa_color-azul","13":"pa_color-azul-navy","14":"pa_color-azul-oscuro","15":"pa_color-blanco","16":"pa_color-fucsia","17":"pa_color-naranja","18":"pa_color-negro","19":"pa_color-rojo","20":"pa_color-verde","21":"pa_color-verde-biche","24":"instock","25":"taxable","26":"shipping-taxable","27":"product-type-simple"},"yoast_head":"<!-- This site is optimized with the Yoast SEO Premium plugin v27.4 (Yoast SEO v27.4) - https:\/\/yoast.com\/product\/yoast-seo-premium-wordpress\/ -->\n<title>Vinilo de corte Trasl\u00f9cido VERDE-81 - Vinyl Colors<\/title>\n<meta name=\"description\" content=\"Consigue una distribuci\u00f3n uniforme de la luz con el VINILO TRASLUCIDO SM5, ideal para aplicaciones gr\u00e1ficas profesionales. \u00a1Haz tu pedido ahora!\" \/>\n<meta name=\"robots\" content=\"index, follow, max-snippet:-1, max-image-preview:large, max-video-preview:-1\" \/>\n<link rel=\"canonical\" href=\"https:\/\/vinylcolors.co\/en\/product\/vinilo-de-corte-traslucido-verde-81\/\" \/>\n<meta property=\"og:locale\" content=\"en_US\" \/>\n<meta property=\"og:type\" content=\"article\" \/>\n<meta property=\"og:title\" content=\"Vinilo de corte Trasl\u00f9cido VERDE-81\" \/>\n<meta property=\"og:description\" content=\"Consigue una distribuci\u00f3n uniforme de la luz con el VINILO TRASLUCIDO SM5, ideal para aplicaciones gr\u00e1ficas profesionales. \u00a1Haz tu pedido ahora!\" \/>\n<meta property=\"og:url\" content=\"https:\/\/vinylcolors.co\/en\/product\/vinilo-de-corte-traslucido-verde-81\/\" \/>\n<meta property=\"og:site_name\" content=\"Vinyl Colors\" \/>\n<meta property=\"article:publisher\" content=\"https:\/\/www.facebook.com\/vinyl.color\" \/>\n<meta property=\"article:modified_time\" content=\"2026-04-27T16:08:14+00:00\" \/>\n<meta property=\"og:image\" content=\"http:\/\/vinylcolors.co\/wp-content\/uploads\/2025\/12\/SENALPERFILEVERDE.jpg\" \/>\n\t<meta property=\"og:image:width\" content=\"1536\" \/>\n\t<meta property=\"og:image:height\" content=\"1024\" \/>\n\t<meta property=\"og:image:type\" content=\"image\/jpeg\" \/>\n<meta name=\"twitter:card\" content=\"summary_large_image\" \/>\n<meta name=\"twitter:label1\" content=\"Price\" \/>\n\t<meta name=\"twitter:data1\" content=\"\" \/>\n\t<meta name=\"twitter:label2\" content=\"Availability\" \/>\n\t<meta name=\"twitter:data2\" content=\"In stock\" \/>\n<script type=\"application\/ld+json\" class=\"yoast-schema-graph\">{\"@context\":\"https:\\\/\\\/schema.org\",\"@graph\":[{\"@type\":\"WebPage\",\"@id\":\"https:\\\/\\\/vinylcolors.co\\\/product\\\/vinilo-de-corte-traslucido-verde-81\\\/\",\"url\":\"https:\\\/\\\/vinylcolors.co\\\/product\\\/vinilo-de-corte-traslucido-verde-81\\\/\",\"name\":\"Vinilo de corte Trasl\u00f9cido VERDE-81 - Vinyl Colors\",\"isPartOf\":{\"@id\":\"https:\\\/\\\/vinylcolors.co\\\/en\\\/#website\"},\"primaryImageOfPage\":{\"@id\":\"https:\\\/\\\/vinylcolors.co\\\/product\\\/vinilo-de-corte-traslucido-verde-81\\\/#primaryimage\"},\"image\":{\"@id\":\"https:\\\/\\\/vinylcolors.co\\\/product\\\/vinilo-de-corte-traslucido-verde-81\\\/#primaryimage\"},\"thumbnailUrl\":\"https:\\\/\\\/vinylcolors.co\\\/wp-content\\\/uploads\\\/2025\\\/12\\\/SENALPERFILEVERDE.jpg\",\"datePublished\":\"2025-12-04T20:56:17+00:00\",\"dateModified\":\"2026-04-27T16:08:14+00:00\",\"description\":\"Consigue una distribuci\u00f3n uniforme de la luz con el VINILO TRASLUCIDO SM5, ideal para aplicaciones gr\u00e1ficas profesionales. \u00a1Haz tu pedido ahora!\",\"breadcrumb\":{\"@id\":\"https:\\\/\\\/vinylcolors.co\\\/product\\\/vinilo-de-corte-traslucido-verde-81\\\/#breadcrumb\"},\"inLanguage\":\"en-US\",\"potentialAction\":[{\"@type\":\"ReadAction\",\"target\":[\"https:\\\/\\\/vinylcolors.co\\\/product\\\/vinilo-de-corte-traslucido-verde-81\\\/\"]}]},{\"@type\":\"ImageObject\",\"inLanguage\":\"en-US\",\"@id\":\"https:\\\/\\\/vinylcolors.co\\\/product\\\/vinilo-de-corte-traslucido-verde-81\\\/#primaryimage\",\"url\":\"https:\\\/\\\/vinylcolors.co\\\/wp-content\\\/uploads\\\/2025\\\/12\\\/SENALPERFILEVERDE.jpg\",\"contentUrl\":\"https:\\\/\\\/vinylcolors.co\\\/wp-content\\\/uploads\\\/2025\\\/12\\\/SENALPERFILEVERDE.jpg\",\"width\":1536,\"height\":1024},{\"@type\":\"BreadcrumbList\",\"@id\":\"https:\\\/\\\/vinylcolors.co\\\/product\\\/vinilo-de-corte-traslucido-verde-81\\\/#breadcrumb\",\"itemListElement\":[{\"@type\":\"ListItem\",\"position\":1,\"name\":\"Inicio\",\"item\":\"https:\\\/\\\/vinylcolors.co\\\/en\\\/\"},{\"@type\":\"ListItem\",\"position\":2,\"name\":\"Shop\",\"item\":\"https:\\\/\\\/vinylcolors.co\\\/en\\\/shop\\\/\"},{\"@type\":\"ListItem\",\"position\":3,\"name\":\"Vinilo de corte Trasl\u00f9cido VERDE-81\"}]},{\"@type\":\"WebSite\",\"@id\":\"https:\\\/\\\/vinylcolors.co\\\/en\\\/#website\",\"url\":\"https:\\\/\\\/vinylcolors.co\\\/en\\\/\",\"name\":\"Vinyl Colors\",\"description\":\"Competimos con calidad, servicio, y los mejores precios\",\"publisher\":{\"@id\":\"https:\\\/\\\/vinylcolors.co\\\/en\\\/#organization\"},\"potentialAction\":[{\"@type\":\"SearchAction\",\"target\":{\"@type\":\"EntryPoint\",\"urlTemplate\":\"https:\\\/\\\/vinylcolors.co\\\/en\\\/?s={search_term_string}\"},\"query-input\":{\"@type\":\"PropertyValueSpecification\",\"valueRequired\":true,\"valueName\":\"search_term_string\"}}],\"inLanguage\":\"en-US\"},{\"@type\":[\"Organization\",\"Place\"],\"@id\":\"https:\\\/\\\/vinylcolors.co\\\/en\\\/#organization\",\"name\":\"Vinyl Colors\",\"url\":\"https:\\\/\\\/vinylcolors.co\\\/en\\\/\",\"logo\":{\"@id\":\"https:\\\/\\\/vinylcolors.co\\\/product\\\/vinilo-de-corte-traslucido-verde-81\\\/#local-main-organization-logo\"},\"image\":{\"@id\":\"https:\\\/\\\/vinylcolors.co\\\/product\\\/vinilo-de-corte-traslucido-verde-81\\\/#local-main-organization-logo\"},\"sameAs\":[\"https:\\\/\\\/www.facebook.com\\\/vinyl.color\",\"https:\\\/\\\/www.instagram.com\\\/vinyl.colors\\\/\"],\"telephone\":[],\"openingHoursSpecification\":[{\"@type\":\"OpeningHoursSpecification\",\"dayOfWeek\":[\"Monday\",\"Tuesday\",\"Wednesday\",\"Thursday\",\"Friday\",\"Saturday\",\"Sunday\"],\"opens\":\"09:00\",\"closes\":\"17:00\"}]},{\"@type\":\"ImageObject\",\"inLanguage\":\"en-US\",\"@id\":\"https:\\\/\\\/vinylcolors.co\\\/product\\\/vinilo-de-corte-traslucido-verde-81\\\/#local-main-organization-logo\",\"url\":\"https:\\\/\\\/vinylcolors.co\\\/wp-content\\\/uploads\\\/2025\\\/05\\\/logo-vinyl-colors.png\",\"contentUrl\":\"https:\\\/\\\/vinylcolors.co\\\/wp-content\\\/uploads\\\/2025\\\/05\\\/logo-vinyl-colors.png\",\"width\":500,\"height\":83,\"caption\":\"Vinyl Colors\"}]}<\/script>\n<meta property=\"product:price:currency\" content=\"COP\" \/>\n<meta property=\"og:availability\" content=\"instock\" \/>\n<meta property=\"product:availability\" content=\"instock\" \/>\n<meta property=\"product:retailer_item_id\" content=\"SM5-81\" \/>\n<meta property=\"product:condition\" content=\"new\" \/>\n<!-- \/ Yoast SEO Premium plugin. -->","yoast_head_json":{"title":"Vinilo de corte Trasl\u00f9cido VERDE-81 - Vinyl Colors","description":"Consigue una distribuci\u00f3n uniforme de la luz con el VINILO TRASLUCIDO SM5, ideal para aplicaciones gr\u00e1ficas profesionales. \u00a1Haz tu pedido ahora!","robots":{"index":"index","follow":"follow","max-snippet":"max-snippet:-1","max-image-preview":"max-image-preview:large","max-video-preview":"max-video-preview:-1"},"canonical":"https:\/\/vinylcolors.co\/en\/product\/vinilo-de-corte-traslucido-verde-81\/","og_locale":"en_US","og_type":"article","og_title":"Vinilo de corte Trasl\u00f9cido VERDE-81","og_description":"Consigue una distribuci\u00f3n uniforme de la luz con el VINILO TRASLUCIDO SM5, ideal para aplicaciones gr\u00e1ficas profesionales. \u00a1Haz tu pedido ahora!","og_url":"https:\/\/vinylcolors.co\/en\/product\/vinilo-de-corte-traslucido-verde-81\/","og_site_name":"Vinyl Colors","article_publisher":"https:\/\/www.facebook.com\/vinyl.color","article_modified_time":"2026-04-27T16:08:14+00:00","og_image":[{"width":1536,"height":1024,"url":"http:\/\/vinylcolors.co\/wp-content\/uploads\/2025\/12\/SENALPERFILEVERDE.jpg","type":"image\/jpeg"}],"twitter_card":"summary_large_image","twitter_misc":{"Price":"","Availability":"In stock"},"schema":{"@context":"https:\/\/schema.org","@graph":[{"@type":"WebPage","@id":"https:\/\/vinylcolors.co\/product\/vinilo-de-corte-traslucido-verde-81\/","url":"https:\/\/vinylcolors.co\/product\/vinilo-de-corte-traslucido-verde-81\/","name":"Vinilo de corte Trasl\u00f9cido VERDE-81 - Vinyl Colors","isPartOf":{"@id":"https:\/\/vinylcolors.co\/en\/#website"},"primaryImageOfPage":{"@id":"https:\/\/vinylcolors.co\/product\/vinilo-de-corte-traslucido-verde-81\/#primaryimage"},"image":{"@id":"https:\/\/vinylcolors.co\/product\/vinilo-de-corte-traslucido-verde-81\/#primaryimage"},"thumbnailUrl":"https:\/\/vinylcolors.co\/wp-content\/uploads\/2025\/12\/SENALPERFILEVERDE.jpg","datePublished":"2025-12-04T20:56:17+00:00","dateModified":"2026-04-27T16:08:14+00:00","description":"Consigue una distribuci\u00f3n uniforme de la luz con el VINILO TRASLUCIDO SM5, ideal para aplicaciones gr\u00e1ficas profesionales. \u00a1Haz tu pedido ahora!","breadcrumb":{"@id":"https:\/\/vinylcolors.co\/product\/vinilo-de-corte-traslucido-verde-81\/#breadcrumb"},"inLanguage":"en-US","potentialAction":[{"@type":"ReadAction","target":["https:\/\/vinylcolors.co\/product\/vinilo-de-corte-traslucido-verde-81\/"]}]},{"@type":"ImageObject","inLanguage":"en-US","@id":"https:\/\/vinylcolors.co\/product\/vinilo-de-corte-traslucido-verde-81\/#primaryimage","url":"https:\/\/vinylcolors.co\/wp-content\/uploads\/2025\/12\/SENALPERFILEVERDE.jpg","contentUrl":"https:\/\/vinylcolors.co\/wp-content\/uploads\/2025\/12\/SENALPERFILEVERDE.jpg","width":1536,"height":1024},{"@type":"BreadcrumbList","@id":"https:\/\/vinylcolors.co\/product\/vinilo-de-corte-traslucido-verde-81\/#breadcrumb","itemListElement":[{"@type":"ListItem","position":1,"name":"Inicio","item":"https:\/\/vinylcolors.co\/en\/"},{"@type":"ListItem","position":2,"name":"Shop","item":"https:\/\/vinylcolors.co\/en\/shop\/"},{"@type":"ListItem","position":3,"name":"Vinilo de corte Trasl\u00f9cido VERDE-81"}]},{"@type":"WebSite","@id":"https:\/\/vinylcolors.co\/en\/#website","url":"https:\/\/vinylcolors.co\/en\/","name":"Vinyl Colors","description":"Competimos con calidad, servicio, y los mejores precios","publisher":{"@id":"https:\/\/vinylcolors.co\/en\/#organization"},"potentialAction":[{"@type":"SearchAction","target":{"@type":"EntryPoint","urlTemplate":"https:\/\/vinylcolors.co\/en\/?s={search_term_string}"},"query-input":{"@type":"PropertyValueSpecification","valueRequired":true,"valueName":"search_term_string"}}],"inLanguage":"en-US"},{"@type":["Organization","Place"],"@id":"https:\/\/vinylcolors.co\/en\/#organization","name":"Vinyl Colors","url":"https:\/\/vinylcolors.co\/en\/","logo":{"@id":"https:\/\/vinylcolors.co\/product\/vinilo-de-corte-traslucido-verde-81\/#local-main-organization-logo"},"image":{"@id":"https:\/\/vinylcolors.co\/product\/vinilo-de-corte-traslucido-verde-81\/#local-main-organization-logo"},"sameAs":["https:\/\/www.facebook.com\/vinyl.color","https:\/\/www.instagram.com\/vinyl.colors\/"],"telephone":[],"openingHoursSpecification":[{"@type":"OpeningHoursSpecification","dayOfWeek":["Monday","Tuesday","Wednesday","Thursday","Friday","Saturday","Sunday"],"opens":"09:00","closes":"17:00"}]},{"@type":"ImageObject","inLanguage":"en-US","@id":"https:\/\/vinylcolors.co\/product\/vinilo-de-corte-traslucido-verde-81\/#local-main-organization-logo","url":"https:\/\/vinylcolors.co\/wp-content\/uploads\/2025\/05\/logo-vinyl-colors.png","contentUrl":"https:\/\/vinylcolors.co\/wp-content\/uploads\/2025\/05\/logo-vinyl-colors.png","width":500,"height":83,"caption":"Vinyl Colors"}]},"product_price_currency":"COP","og_availability":"instock","product_availability":"instock","product_retailer_item_id":"SM5-81","product_condition":"new"},"_links":{"self":[{"href":"https:\/\/vinylcolors.co\/en\/wp-json\/wp\/v2\/product\/10072","targetHints":{"allow":["GET"]}}],"collection":[{"href":"https:\/\/vinylcolors.co\/en\/wp-json\/wp\/v2\/product"}],"about":[{"href":"https:\/\/vinylcolors.co\/en\/wp-json\/wp\/v2\/types\/product"}],"replies":[{"embeddable":true,"href":"https:\/\/vinylcolors.co\/en\/wp-json\/wp\/v2\/comments?post=10072"}],"wp:featuredmedia":[{"embeddable":true,"href":"https:\/\/vinylcolors.co\/en\/wp-json\/wp\/v2\/media\/10073"}],"wp:attachment":[{"href":"https:\/\/vinylcolors.co\/en\/wp-json\/wp\/v2\/media?parent=10072"}],"wp:term":[{"taxonomy":"product_brand","embeddable":true,"href":"https:\/\/vinylcolors.co\/en\/wp-json\/wp\/v2\/product_brand?post=10072"},{"taxonomy":"product_cat","embeddable":true,"href":"https:\/\/vinylcolors.co\/en\/wp-json\/wp\/v2\/product_cat?post=10072"},{"taxonomy":"product_tag","embeddable":true,"href":"https:\/\/vinylcolors.co\/en\/wp-json\/wp\/v2\/product_tag?post=10072"}],"curies":[{"name":"wp","href":"https:\/\/api.w.org\/{rel}","templated":true}]}}