{"id":10079,"date":"2025-12-04T16:17:05","date_gmt":"2025-12-04T21:17:05","guid":{"rendered":"https:\/\/h3j.aec.mytemp.website\/?post_type=product&#038;p=10079"},"modified":"2026-04-27T11:08:23","modified_gmt":"2026-04-27T16:08:23","slug":"vinilo-de-corte-traslucido-verde-85","status":"publish","type":"product","link":"https:\/\/vinylcolors.co\/en\/product\/vinilo-de-corte-traslucido-verde-85\/","title":{"rendered":"Vinilo de corte Trasl\u00f9cido VERDE-85"},"content":{"rendered":"<p><strong data-start=\"1512\" data-end=\"1540\">Acabado mate transl\u00facido<\/strong> para una distribuci\u00f3n uniforme de la luz. El VINILO TRASLUCIDO SM5 es una excelente opci\u00f3n para quienes buscan este tipo de acabado.<\/p>\n<ul>\n<li data-start=\"1627\" data-end=\"1704\">\n<p data-start=\"1629\" data-end=\"1704\"><strong data-start=\"1632\" data-end=\"1702\">Ideal para corte con plotter y aplicaciones gr\u00e1ficas profesionales<\/strong><\/p>\n<\/li>\n<li data-start=\"1706\" data-end=\"1889\">\n<p data-start=\"1708\" data-end=\"1727\">\ud83d\udd06 Perfecto para:<\/p>\n<ul data-start=\"1730\" data-end=\"1889\">\n<li data-start=\"1730\" data-end=\"1746\">\n<p data-start=\"1732\" data-end=\"1746\">Cajas de luz<\/p>\n<\/li>\n<li data-start=\"1749\" data-end=\"1769\">\n<p data-start=\"1751\" data-end=\"1769\">Avisos acr\u00edlicos<\/p>\n<\/li>\n<li data-start=\"1772\" data-end=\"1803\">\n<p data-start=\"1774\" data-end=\"1803\">Se\u00f1alizaci\u00f3n retroiluminada<\/p>\n<\/li>\n<li data-start=\"1806\" data-end=\"1889\">\n<p data-start=\"1808\" data-end=\"1889\">Aplicaciones publicitarias iluminadas<\/p>\n<\/li>\n<\/ul>\n<\/li>\n<\/ul>\n<p><strong data-start=\"1896\" data-end=\"1908\">Espesor:<\/strong> 0.245 mm \/ 245 micras<\/p>\n<p><strong data-start=\"1981\" data-end=\"1991\">Liner:<\/strong> 0.140 mm<\/p>\n<p><strong data-start=\"2051\" data-end=\"2067\">Durabilidad:<\/strong> 5 a\u00f1os en aplicaciones exteriores e interiores<\/p>\n<p><strong data-start=\"2165\" data-end=\"2180\">Elongaci\u00f3n:<\/strong> 150%, ideal para superficies planas o ligeramente curvas<\/p>\n<p data-start=\"2285\" data-end=\"2314\"><strong data-start=\"2288\" data-end=\"2312\">Resistencia t\u00e9rmica:<\/strong><\/p>\n<ul data-start=\"2317\" data-end=\"2404\">\n<li data-start=\"2317\" data-end=\"2339\">\n<p data-start=\"2319\" data-end=\"2339\">Calor: hasta 80 \u00b0C<\/p>\n<\/li>\n<li data-start=\"2342\" data-end=\"2404\">\n<p data-start=\"2344\" data-end=\"2404\">Fr\u00edo: hasta 5 \u00b0C<\/p>\n<\/li>\n<\/ul>\n<p><strong data-start=\"2488\" data-end=\"2510\">Formato:<\/strong> rollo de 1.22 m de ancho<\/p>","protected":false},"excerpt":{"rendered":"<p>El <strong data-start=\"372\" data-end=\"403\">Vinilo de Corte Transl\u00facido<\/strong> es una soluci\u00f3n profesional dise\u00f1ada para aplicaciones donde la transmisi\u00f3n de luz controlada es esencial. Gracias a su acabado <strong data-start=\"532\" data-end=\"552\">mate transl\u00facido<\/strong>, permite que la iluminaci\u00f3n posterior se distribuya de manera uniforme, logrando un efecto visual limpio, brillante y sin puntos de luz visibles.<\/p>\n<p>&nbsp;<\/p>\n<p>Este material est\u00e1 dise\u00f1ado para uso en <strong data-start=\"740\" data-end=\"767\">interiores y exteriores<\/strong>, ofreciendo estabilidad, durabilidad y excelente desempe\u00f1o en aplicaciones de larga vida, ideal\u00a0para cajas luminosas, letreros publicitarios, avisos en acr\u00edlico, se\u00f1alizaci\u00f3n comercial, exhibidores y decoraci\u00f3n de vitrinas.<\/p>","protected":false},"featured_media":10077,"comment_status":"open","ping_status":"closed","template":"","meta":{"inline_featured_image":false},"product_brand":[102],"product_cat":[122],"product_tag":[],"class_list":{"0":"post-10079","1":"product","2":"type-product","3":"status-publish","4":"has-post-thumbnail","6":"product_brand-vinyl-colors","7":"product_cat-traslucido","8":"pa_acabado-mate","9":"pa_ancho-de-corte-122-cm","10":"pa_color-amarillo","11":"pa_color-amarillo-sol","12":"pa_color-azul","13":"pa_color-azul-navy","14":"pa_color-azul-oscuro","15":"pa_color-blanco","16":"pa_color-fucsia","17":"pa_color-naranja","18":"pa_color-negro","19":"pa_color-rojo","20":"pa_color-verde","21":"pa_color-verde-biche","24":"instock","25":"taxable","26":"shipping-taxable","27":"product-type-simple"},"yoast_head":"<!-- This site is optimized with the Yoast SEO Premium plugin v27.4 (Yoast SEO v27.4) - https:\/\/yoast.com\/product\/yoast-seo-premium-wordpress\/ -->\n<title>Vinilo de corte Trasl\u00f9cido VERDE-85 - Vinyl Colors<\/title>\n<meta name=\"description\" content=\"Transforma tus proyectos con el VINILO TRASLUCIDO VERDE SM5, ideal para luces, se\u00f1ales y gr\u00e1ficos. \u00a1Cons\u00edguelo ahora y brilla! \ud83d\udd06\" \/>\n<meta name=\"robots\" content=\"index, follow, max-snippet:-1, max-image-preview:large, max-video-preview:-1\" \/>\n<link rel=\"canonical\" href=\"https:\/\/vinylcolors.co\/en\/product\/vinilo-de-corte-traslucido-verde-85\/\" \/>\n<meta property=\"og:locale\" content=\"en_US\" \/>\n<meta property=\"og:type\" content=\"article\" \/>\n<meta property=\"og:title\" content=\"Vinilo de corte Trasl\u00f9cido VERDE-85\" \/>\n<meta property=\"og:description\" content=\"Transforma tus proyectos con el VINILO TRASLUCIDO VERDE SM5, ideal para luces, se\u00f1ales y gr\u00e1ficos. \u00a1Cons\u00edguelo ahora y brilla! \ud83d\udd06\" \/>\n<meta property=\"og:url\" content=\"https:\/\/vinylcolors.co\/en\/product\/vinilo-de-corte-traslucido-verde-85\/\" \/>\n<meta property=\"og:site_name\" content=\"Vinyl Colors\" \/>\n<meta property=\"article:publisher\" content=\"https:\/\/www.facebook.com\/vinyl.color\" \/>\n<meta property=\"article:modified_time\" content=\"2026-04-27T16:08:23+00:00\" \/>\n<meta property=\"og:image\" content=\"http:\/\/vinylcolors.co\/wp-content\/uploads\/2025\/12\/SENALPERFILEVERDEOSCURO.jpg\" \/>\n\t<meta property=\"og:image:width\" content=\"1536\" \/>\n\t<meta property=\"og:image:height\" content=\"1024\" \/>\n\t<meta property=\"og:image:type\" content=\"image\/jpeg\" \/>\n<meta name=\"twitter:card\" content=\"summary_large_image\" \/>\n<meta name=\"twitter:label1\" content=\"Price\" \/>\n\t<meta name=\"twitter:data1\" content=\"\" \/>\n\t<meta name=\"twitter:label2\" content=\"Availability\" \/>\n\t<meta name=\"twitter:data2\" content=\"In stock\" \/>\n<script type=\"application\/ld+json\" class=\"yoast-schema-graph\">{\"@context\":\"https:\\\/\\\/schema.org\",\"@graph\":[{\"@type\":\"WebPage\",\"@id\":\"https:\\\/\\\/vinylcolors.co\\\/product\\\/vinilo-de-corte-traslucido-verde-85\\\/\",\"url\":\"https:\\\/\\\/vinylcolors.co\\\/product\\\/vinilo-de-corte-traslucido-verde-85\\\/\",\"name\":\"Vinilo de corte Trasl\u00f9cido VERDE-85 - Vinyl Colors\",\"isPartOf\":{\"@id\":\"https:\\\/\\\/vinylcolors.co\\\/en\\\/#website\"},\"primaryImageOfPage\":{\"@id\":\"https:\\\/\\\/vinylcolors.co\\\/product\\\/vinilo-de-corte-traslucido-verde-85\\\/#primaryimage\"},\"image\":{\"@id\":\"https:\\\/\\\/vinylcolors.co\\\/product\\\/vinilo-de-corte-traslucido-verde-85\\\/#primaryimage\"},\"thumbnailUrl\":\"https:\\\/\\\/vinylcolors.co\\\/wp-content\\\/uploads\\\/2025\\\/12\\\/SENALPERFILEVERDEOSCURO.jpg\",\"datePublished\":\"2025-12-04T21:17:05+00:00\",\"dateModified\":\"2026-04-27T16:08:23+00:00\",\"description\":\"Transforma tus proyectos con el VINILO TRASLUCIDO VERDE SM5, ideal para luces, se\u00f1ales y gr\u00e1ficos. \u00a1Cons\u00edguelo ahora y brilla! \ud83d\udd06\",\"breadcrumb\":{\"@id\":\"https:\\\/\\\/vinylcolors.co\\\/product\\\/vinilo-de-corte-traslucido-verde-85\\\/#breadcrumb\"},\"inLanguage\":\"en-US\",\"potentialAction\":[{\"@type\":\"ReadAction\",\"target\":[\"https:\\\/\\\/vinylcolors.co\\\/product\\\/vinilo-de-corte-traslucido-verde-85\\\/\"]}]},{\"@type\":\"ImageObject\",\"inLanguage\":\"en-US\",\"@id\":\"https:\\\/\\\/vinylcolors.co\\\/product\\\/vinilo-de-corte-traslucido-verde-85\\\/#primaryimage\",\"url\":\"https:\\\/\\\/vinylcolors.co\\\/wp-content\\\/uploads\\\/2025\\\/12\\\/SENALPERFILEVERDEOSCURO.jpg\",\"contentUrl\":\"https:\\\/\\\/vinylcolors.co\\\/wp-content\\\/uploads\\\/2025\\\/12\\\/SENALPERFILEVERDEOSCURO.jpg\",\"width\":1536,\"height\":1024},{\"@type\":\"BreadcrumbList\",\"@id\":\"https:\\\/\\\/vinylcolors.co\\\/product\\\/vinilo-de-corte-traslucido-verde-85\\\/#breadcrumb\",\"itemListElement\":[{\"@type\":\"ListItem\",\"position\":1,\"name\":\"Inicio\",\"item\":\"https:\\\/\\\/vinylcolors.co\\\/en\\\/\"},{\"@type\":\"ListItem\",\"position\":2,\"name\":\"Shop\",\"item\":\"https:\\\/\\\/vinylcolors.co\\\/en\\\/shop\\\/\"},{\"@type\":\"ListItem\",\"position\":3,\"name\":\"Vinilo de corte Trasl\u00f9cido VERDE-85\"}]},{\"@type\":\"WebSite\",\"@id\":\"https:\\\/\\\/vinylcolors.co\\\/en\\\/#website\",\"url\":\"https:\\\/\\\/vinylcolors.co\\\/en\\\/\",\"name\":\"Vinyl Colors\",\"description\":\"Competimos con calidad, servicio, y los mejores precios\",\"publisher\":{\"@id\":\"https:\\\/\\\/vinylcolors.co\\\/en\\\/#organization\"},\"potentialAction\":[{\"@type\":\"SearchAction\",\"target\":{\"@type\":\"EntryPoint\",\"urlTemplate\":\"https:\\\/\\\/vinylcolors.co\\\/en\\\/?s={search_term_string}\"},\"query-input\":{\"@type\":\"PropertyValueSpecification\",\"valueRequired\":true,\"valueName\":\"search_term_string\"}}],\"inLanguage\":\"en-US\"},{\"@type\":[\"Organization\",\"Place\"],\"@id\":\"https:\\\/\\\/vinylcolors.co\\\/en\\\/#organization\",\"name\":\"Vinyl Colors\",\"url\":\"https:\\\/\\\/vinylcolors.co\\\/en\\\/\",\"logo\":{\"@id\":\"https:\\\/\\\/vinylcolors.co\\\/product\\\/vinilo-de-corte-traslucido-verde-85\\\/#local-main-organization-logo\"},\"image\":{\"@id\":\"https:\\\/\\\/vinylcolors.co\\\/product\\\/vinilo-de-corte-traslucido-verde-85\\\/#local-main-organization-logo\"},\"sameAs\":[\"https:\\\/\\\/www.facebook.com\\\/vinyl.color\",\"https:\\\/\\\/www.instagram.com\\\/vinyl.colors\\\/\"],\"telephone\":[],\"openingHoursSpecification\":[{\"@type\":\"OpeningHoursSpecification\",\"dayOfWeek\":[\"Monday\",\"Tuesday\",\"Wednesday\",\"Thursday\",\"Friday\",\"Saturday\",\"Sunday\"],\"opens\":\"09:00\",\"closes\":\"17:00\"}]},{\"@type\":\"ImageObject\",\"inLanguage\":\"en-US\",\"@id\":\"https:\\\/\\\/vinylcolors.co\\\/product\\\/vinilo-de-corte-traslucido-verde-85\\\/#local-main-organization-logo\",\"url\":\"https:\\\/\\\/vinylcolors.co\\\/wp-content\\\/uploads\\\/2025\\\/05\\\/logo-vinyl-colors.png\",\"contentUrl\":\"https:\\\/\\\/vinylcolors.co\\\/wp-content\\\/uploads\\\/2025\\\/05\\\/logo-vinyl-colors.png\",\"width\":500,\"height\":83,\"caption\":\"Vinyl Colors\"}]}<\/script>\n<meta property=\"product:price:currency\" content=\"COP\" \/>\n<meta property=\"og:availability\" content=\"instock\" \/>\n<meta property=\"product:availability\" content=\"instock\" \/>\n<meta property=\"product:retailer_item_id\" content=\"SM5-85\" \/>\n<meta property=\"product:condition\" content=\"new\" \/>\n<!-- \/ Yoast SEO Premium plugin. -->","yoast_head_json":{"title":"Vinilo de corte Trasl\u00f9cido VERDE-85 - Vinyl Colors","description":"Transforma tus proyectos con el VINILO TRASLUCIDO VERDE SM5, ideal para luces, se\u00f1ales y gr\u00e1ficos. \u00a1Cons\u00edguelo ahora y brilla! \ud83d\udd06","robots":{"index":"index","follow":"follow","max-snippet":"max-snippet:-1","max-image-preview":"max-image-preview:large","max-video-preview":"max-video-preview:-1"},"canonical":"https:\/\/vinylcolors.co\/en\/product\/vinilo-de-corte-traslucido-verde-85\/","og_locale":"en_US","og_type":"article","og_title":"Vinilo de corte Trasl\u00f9cido VERDE-85","og_description":"Transforma tus proyectos con el VINILO TRASLUCIDO VERDE SM5, ideal para luces, se\u00f1ales y gr\u00e1ficos. \u00a1Cons\u00edguelo ahora y brilla! \ud83d\udd06","og_url":"https:\/\/vinylcolors.co\/en\/product\/vinilo-de-corte-traslucido-verde-85\/","og_site_name":"Vinyl Colors","article_publisher":"https:\/\/www.facebook.com\/vinyl.color","article_modified_time":"2026-04-27T16:08:23+00:00","og_image":[{"width":1536,"height":1024,"url":"http:\/\/vinylcolors.co\/wp-content\/uploads\/2025\/12\/SENALPERFILEVERDEOSCURO.jpg","type":"image\/jpeg"}],"twitter_card":"summary_large_image","twitter_misc":{"Price":"","Availability":"In stock"},"schema":{"@context":"https:\/\/schema.org","@graph":[{"@type":"WebPage","@id":"https:\/\/vinylcolors.co\/product\/vinilo-de-corte-traslucido-verde-85\/","url":"https:\/\/vinylcolors.co\/product\/vinilo-de-corte-traslucido-verde-85\/","name":"Vinilo de corte Trasl\u00f9cido VERDE-85 - Vinyl Colors","isPartOf":{"@id":"https:\/\/vinylcolors.co\/en\/#website"},"primaryImageOfPage":{"@id":"https:\/\/vinylcolors.co\/product\/vinilo-de-corte-traslucido-verde-85\/#primaryimage"},"image":{"@id":"https:\/\/vinylcolors.co\/product\/vinilo-de-corte-traslucido-verde-85\/#primaryimage"},"thumbnailUrl":"https:\/\/vinylcolors.co\/wp-content\/uploads\/2025\/12\/SENALPERFILEVERDEOSCURO.jpg","datePublished":"2025-12-04T21:17:05+00:00","dateModified":"2026-04-27T16:08:23+00:00","description":"Transforma tus proyectos con el VINILO TRASLUCIDO VERDE SM5, ideal para luces, se\u00f1ales y gr\u00e1ficos. \u00a1Cons\u00edguelo ahora y brilla! \ud83d\udd06","breadcrumb":{"@id":"https:\/\/vinylcolors.co\/product\/vinilo-de-corte-traslucido-verde-85\/#breadcrumb"},"inLanguage":"en-US","potentialAction":[{"@type":"ReadAction","target":["https:\/\/vinylcolors.co\/product\/vinilo-de-corte-traslucido-verde-85\/"]}]},{"@type":"ImageObject","inLanguage":"en-US","@id":"https:\/\/vinylcolors.co\/product\/vinilo-de-corte-traslucido-verde-85\/#primaryimage","url":"https:\/\/vinylcolors.co\/wp-content\/uploads\/2025\/12\/SENALPERFILEVERDEOSCURO.jpg","contentUrl":"https:\/\/vinylcolors.co\/wp-content\/uploads\/2025\/12\/SENALPERFILEVERDEOSCURO.jpg","width":1536,"height":1024},{"@type":"BreadcrumbList","@id":"https:\/\/vinylcolors.co\/product\/vinilo-de-corte-traslucido-verde-85\/#breadcrumb","itemListElement":[{"@type":"ListItem","position":1,"name":"Inicio","item":"https:\/\/vinylcolors.co\/en\/"},{"@type":"ListItem","position":2,"name":"Shop","item":"https:\/\/vinylcolors.co\/en\/shop\/"},{"@type":"ListItem","position":3,"name":"Vinilo de corte Trasl\u00f9cido VERDE-85"}]},{"@type":"WebSite","@id":"https:\/\/vinylcolors.co\/en\/#website","url":"https:\/\/vinylcolors.co\/en\/","name":"Vinyl Colors","description":"Competimos con calidad, servicio, y los mejores precios","publisher":{"@id":"https:\/\/vinylcolors.co\/en\/#organization"},"potentialAction":[{"@type":"SearchAction","target":{"@type":"EntryPoint","urlTemplate":"https:\/\/vinylcolors.co\/en\/?s={search_term_string}"},"query-input":{"@type":"PropertyValueSpecification","valueRequired":true,"valueName":"search_term_string"}}],"inLanguage":"en-US"},{"@type":["Organization","Place"],"@id":"https:\/\/vinylcolors.co\/en\/#organization","name":"Vinyl Colors","url":"https:\/\/vinylcolors.co\/en\/","logo":{"@id":"https:\/\/vinylcolors.co\/product\/vinilo-de-corte-traslucido-verde-85\/#local-main-organization-logo"},"image":{"@id":"https:\/\/vinylcolors.co\/product\/vinilo-de-corte-traslucido-verde-85\/#local-main-organization-logo"},"sameAs":["https:\/\/www.facebook.com\/vinyl.color","https:\/\/www.instagram.com\/vinyl.colors\/"],"telephone":[],"openingHoursSpecification":[{"@type":"OpeningHoursSpecification","dayOfWeek":["Monday","Tuesday","Wednesday","Thursday","Friday","Saturday","Sunday"],"opens":"09:00","closes":"17:00"}]},{"@type":"ImageObject","inLanguage":"en-US","@id":"https:\/\/vinylcolors.co\/product\/vinilo-de-corte-traslucido-verde-85\/#local-main-organization-logo","url":"https:\/\/vinylcolors.co\/wp-content\/uploads\/2025\/05\/logo-vinyl-colors.png","contentUrl":"https:\/\/vinylcolors.co\/wp-content\/uploads\/2025\/05\/logo-vinyl-colors.png","width":500,"height":83,"caption":"Vinyl Colors"}]},"product_price_currency":"COP","og_availability":"instock","product_availability":"instock","product_retailer_item_id":"SM5-85","product_condition":"new"},"_links":{"self":[{"href":"https:\/\/vinylcolors.co\/en\/wp-json\/wp\/v2\/product\/10079","targetHints":{"allow":["GET"]}}],"collection":[{"href":"https:\/\/vinylcolors.co\/en\/wp-json\/wp\/v2\/product"}],"about":[{"href":"https:\/\/vinylcolors.co\/en\/wp-json\/wp\/v2\/types\/product"}],"replies":[{"embeddable":true,"href":"https:\/\/vinylcolors.co\/en\/wp-json\/wp\/v2\/comments?post=10079"}],"wp:featuredmedia":[{"embeddable":true,"href":"https:\/\/vinylcolors.co\/en\/wp-json\/wp\/v2\/media\/10077"}],"wp:attachment":[{"href":"https:\/\/vinylcolors.co\/en\/wp-json\/wp\/v2\/media?parent=10079"}],"wp:term":[{"taxonomy":"product_brand","embeddable":true,"href":"https:\/\/vinylcolors.co\/en\/wp-json\/wp\/v2\/product_brand?post=10079"},{"taxonomy":"product_cat","embeddable":true,"href":"https:\/\/vinylcolors.co\/en\/wp-json\/wp\/v2\/product_cat?post=10079"},{"taxonomy":"product_tag","embeddable":true,"href":"https:\/\/vinylcolors.co\/en\/wp-json\/wp\/v2\/product_tag?post=10079"}],"curies":[{"name":"wp","href":"https:\/\/api.w.org\/{rel}","templated":true}]}}