{"id":10163,"date":"2025-12-11T12:42:31","date_gmt":"2025-12-11T17:42:31","guid":{"rendered":"https:\/\/h3j.aec.mytemp.website\/?post_type=product&#038;p=10163"},"modified":"2026-02-26T10:00:25","modified_gmt":"2026-02-26T15:00:25","slug":"ppf-paint-protection-film-negro-enerfilms-usa","status":"publish","type":"product","link":"https:\/\/vinylcolors.co\/en\/product\/ppf-paint-protection-film-negro-enerfilms-usa\/","title":{"rendered":"PPF Paint Protection Film negro \u2013 Enerfilms USA"},"content":{"rendered":"<p><strong>Caracter\u00edsticas principales<\/strong>Entre las opciones m\u00e1s destacadas se encuentra el PPF Standard negro Enerfilms USA, conocido por su calidad y durabilidad.<\/p>\n<ul>\n<li><strong>Estilo \u00fanico:<\/strong> Acabado <strong>negro brillante<\/strong> que destaca sobre cualquier pintura base y ofrece una apariencia premium.<\/li>\n<li><strong>Resistencia confiable:<\/strong> Construcci\u00f3n robusta en <strong>TPH<\/strong> para protecci\u00f3n contra da\u00f1os cotidianos.<\/li>\n<li><strong>Espesor \u00f3ptimo:<\/strong> 195 micras para un balance perfecto entre protecci\u00f3n y flexibilidad.<\/li>\n<li><strong>Durabilidad:<\/strong> Hasta <strong>3 a\u00f1os<\/strong> de rendimiento con buen mantenimiento.<\/li>\n<li><strong>Adhesivo removible:<\/strong> Instalaci\u00f3n profesional sencilla y extracci\u00f3n segura sin da\u00f1ar la pintura.<\/li>\n<\/ul>\n<p>&nbsp;<\/p>\n<p><strong>Especificaciones t\u00e9cnicas<\/strong><\/p>\n<table>\n<thead>\n<tr>\n<td><strong>Especificaci\u00f3n<\/strong><\/td>\n<td><strong>Detalle<\/strong><\/td>\n<\/tr>\n<\/thead>\n<tbody>\n<tr>\n<td>Material<\/td>\n<td>TPH resistente y flexible<\/td>\n<\/tr>\n<tr>\n<td>Acabado<\/td>\n<td>Negro brillante<\/td>\n<\/tr>\n<tr>\n<td>Espesor<\/td>\n<td>195 micras<\/td>\n<\/tr>\n<tr>\n<td>Durabilidad<\/td>\n<td>Hasta 3 a\u00f1os<\/td>\n<\/tr>\n<tr>\n<td>Adhesivo<\/td>\n<td>Removible<\/td>\n<\/tr>\n<tr>\n<td>Uso<\/td>\n<td>Zonas visibles y de alto impacto est\u00e9tico en carrocer\u00eda<\/td>\n<\/tr>\n<\/tbody>\n<\/table>\n<p><strong>Beneficios clave<\/strong><\/p>\n<p>\u2714 Aporta <strong>estilo decorativo y sofisticado<\/strong> al veh\u00edculo<br \/>\n\u2714 Protege contra <strong>rayones y desgaste diario<\/strong><br \/>\n\u2714 Ideal para <strong>accentos, tapas, espejos o techos<\/strong><br \/>\n\u2714 Instalaci\u00f3n y remoci\u00f3n segura para taller profesional<br \/>\n\u2714 Alta durabilidad con mantenimiento regular<\/p>\n<p>&nbsp;<\/p>\n<p><strong>Recomendado para<\/strong><\/p>\n<p>\u2714 Entusiastas del detailing que buscan un look diferencial<br \/>\n\u2714 Talleres de instalaci\u00f3n profesional de PPF<br \/>\n\u2714 Veh\u00edculos con acabados especiales o detalles negros<\/p>","protected":false},"excerpt":{"rendered":"<p>Dale a tu veh\u00edculo una <strong>protecci\u00f3n premium con estilo<\/strong> gracias al <strong>PPF Standard Negro de Enerfilms USA<\/strong>: pel\u00edcula protectora TPH con <strong>acabado negro brillante<\/strong>, ideal para resaltar dise\u00f1o y proteger superficies contra da\u00f1os menores, manteniendo un look elegante.<\/p>\n<p>El <strong>PPF Standard Negro<\/strong> de <strong>Enerfilms USA<\/strong> es una pel\u00edcula protectora para carrocer\u00eda dise\u00f1ada tanto para <strong>proteger como para estilizar<\/strong> tu veh\u00edculo. A diferencia de las pel\u00edculas transparentes, esta versi\u00f3n en <strong>negro brillante<\/strong> no solo act\u00faa como una barrera contra <strong>rayones, piedras y desgaste diario<\/strong>, sino que adem\u00e1s aporta un <strong>acabado elegante y distintivo<\/strong> que realza la est\u00e9tica general del auto.<\/p>\n<p>Fabricada con <strong>tecnolog\u00eda TPH de alta calidad<\/strong>, esta l\u00e1mina combina resistencia y flexibilidad, con un perfil visual llamativo que transforma superficies espec\u00edficas del veh\u00edculo como cap\u00f3s, techos, espejos o detalles laterales.<\/p>","protected":false},"featured_media":10165,"comment_status":"open","ping_status":"closed","template":"","meta":{"inline_featured_image":false},"product_brand":[107],"product_cat":[95,328],"product_tag":[338,333,346,343,330,349,350,348,347],"class_list":{"0":"post-10163","1":"product","2":"type-product","3":"status-publish","4":"has-post-thumbnail","6":"product_brand-enerfimls-usa","7":"product_cat-decorativo-vehicular","8":"product_cat-ppf","9":"product_tag-detailing-automotriz","10":"product_tag-pelicula-para-carro","11":"product_tag-ppf","12":"product_tag-ppf-colombia","13":"product_tag-ppf-enerfilms","14":"product_tag-ppf-negro","15":"product_tag-ppf-negro-piano","16":"product_tag-ppf-para-carros","17":"product_tag-ppf-para-motos","18":"pa_acabado-brillante","19":"pa_color-negro","20":"pa_medidas-1-52-x-17-m","23":"instock","24":"taxable","25":"shipping-taxable","26":"purchasable","27":"product-type-simple"},"yoast_head":"<!-- This site is optimized with the Yoast SEO Premium plugin v27.5 (Yoast SEO v27.5) - https:\/\/yoast.com\/product\/yoast-seo-premium-wordpress\/ -->\n<title>PPF Paint Protection Film negro \u2013 Enerfilms USA - Vinyl Colors<\/title>\n<meta name=\"description\" content=\"PPF Standard negro de Enerfilms USA. Pel\u00edcula TPH brillante, autolimpiante y con autoreparaci\u00f3n. Disponible en Vinyl Colors Colombia.\" \/>\n<meta name=\"robots\" content=\"index, follow, max-snippet:-1, max-image-preview:large, max-video-preview:-1\" \/>\n<link rel=\"canonical\" href=\"https:\/\/vinylcolors.co\/en\/product\/ppf-paint-protection-film-negro-enerfilms-usa\/\" \/>\n<meta property=\"og:locale\" content=\"en_US\" \/>\n<meta property=\"og:type\" content=\"article\" \/>\n<meta property=\"og:title\" content=\"PPF Paint Protection Film negro \u2013 Enerfilms USA\" \/>\n<meta property=\"og:description\" content=\"PPF Standard negro de Enerfilms USA. Pel\u00edcula TPH brillante, autolimpiante y con autoreparaci\u00f3n. Disponible en Vinyl Colors Colombia.\" \/>\n<meta property=\"og:url\" content=\"https:\/\/vinylcolors.co\/en\/product\/ppf-paint-protection-film-negro-enerfilms-usa\/\" \/>\n<meta property=\"og:site_name\" content=\"Vinyl Colors\" \/>\n<meta property=\"article:publisher\" content=\"https:\/\/www.facebook.com\/vinyl.color\" \/>\n<meta property=\"article:modified_time\" content=\"2026-02-26T15:00:25+00:00\" \/>\n<meta property=\"og:image\" content=\"https:\/\/vinylcolors.co\/wp-content\/uploads\/2025\/12\/PPF-NEGRO-ENERFILMS.png\" \/>\n\t<meta property=\"og:image:width\" content=\"750\" \/>\n\t<meta property=\"og:image:height\" content=\"1000\" \/>\n\t<meta property=\"og:image:type\" content=\"image\/png\" \/>\n<meta name=\"twitter:card\" content=\"summary_large_image\" \/>\n<meta name=\"twitter:label1\" content=\"Price\" \/>\n\t<meta name=\"twitter:data1\" content=\"&#036;&nbsp;1.100.000\" \/>\n\t<meta name=\"twitter:label2\" content=\"Availability\" \/>\n\t<meta name=\"twitter:data2\" content=\"In stock\" \/>\n<script type=\"application\/ld+json\" class=\"yoast-schema-graph\">{\"@context\":\"https:\\\/\\\/schema.org\",\"@graph\":[{\"@type\":\"WebPage\",\"@id\":\"https:\\\/\\\/vinylcolors.co\\\/product\\\/ppf-paint-protection-film-negro-enerfilms-usa\\\/\",\"url\":\"https:\\\/\\\/vinylcolors.co\\\/product\\\/ppf-paint-protection-film-negro-enerfilms-usa\\\/\",\"name\":\"PPF Paint Protection Film negro \u2013 Enerfilms USA - Vinyl Colors\",\"isPartOf\":{\"@id\":\"https:\\\/\\\/vinylcolors.co\\\/en\\\/#website\"},\"primaryImageOfPage\":{\"@id\":\"https:\\\/\\\/vinylcolors.co\\\/product\\\/ppf-paint-protection-film-negro-enerfilms-usa\\\/#primaryimage\"},\"image\":{\"@id\":\"https:\\\/\\\/vinylcolors.co\\\/product\\\/ppf-paint-protection-film-negro-enerfilms-usa\\\/#primaryimage\"},\"thumbnailUrl\":\"https:\\\/\\\/vinylcolors.co\\\/wp-content\\\/uploads\\\/2025\\\/12\\\/PPF-NEGRO-ENERFILMS.png\",\"datePublished\":\"2025-12-11T17:42:31+00:00\",\"dateModified\":\"2026-02-26T15:00:25+00:00\",\"description\":\"PPF Standard negro de Enerfilms USA. Pel\u00edcula TPH brillante, autolimpiante y con autoreparaci\u00f3n. Disponible en Vinyl Colors Colombia.\",\"breadcrumb\":{\"@id\":\"https:\\\/\\\/vinylcolors.co\\\/product\\\/ppf-paint-protection-film-negro-enerfilms-usa\\\/#breadcrumb\"},\"inLanguage\":\"en-US\",\"potentialAction\":[{\"@type\":\"ReadAction\",\"target\":[\"https:\\\/\\\/vinylcolors.co\\\/product\\\/ppf-paint-protection-film-negro-enerfilms-usa\\\/\"]}]},{\"@type\":\"ImageObject\",\"inLanguage\":\"en-US\",\"@id\":\"https:\\\/\\\/vinylcolors.co\\\/product\\\/ppf-paint-protection-film-negro-enerfilms-usa\\\/#primaryimage\",\"url\":\"https:\\\/\\\/vinylcolors.co\\\/wp-content\\\/uploads\\\/2025\\\/12\\\/PPF-NEGRO-ENERFILMS.png\",\"contentUrl\":\"https:\\\/\\\/vinylcolors.co\\\/wp-content\\\/uploads\\\/2025\\\/12\\\/PPF-NEGRO-ENERFILMS.png\",\"width\":750,\"height\":1000},{\"@type\":\"BreadcrumbList\",\"@id\":\"https:\\\/\\\/vinylcolors.co\\\/product\\\/ppf-paint-protection-film-negro-enerfilms-usa\\\/#breadcrumb\",\"itemListElement\":[{\"@type\":\"ListItem\",\"position\":1,\"name\":\"Inicio\",\"item\":\"https:\\\/\\\/vinylcolors.co\\\/en\\\/\"},{\"@type\":\"ListItem\",\"position\":2,\"name\":\"Shop\",\"item\":\"https:\\\/\\\/vinylcolors.co\\\/en\\\/shop\\\/\"},{\"@type\":\"ListItem\",\"position\":3,\"name\":\"PPF Paint Protection Film negro \u2013 Enerfilms USA\"}]},{\"@type\":\"WebSite\",\"@id\":\"https:\\\/\\\/vinylcolors.co\\\/en\\\/#website\",\"url\":\"https:\\\/\\\/vinylcolors.co\\\/en\\\/\",\"name\":\"Vinyl Colors\",\"description\":\"Competimos con calidad, servicio, y los mejores precios\",\"publisher\":{\"@id\":\"https:\\\/\\\/vinylcolors.co\\\/en\\\/#organization\"},\"potentialAction\":[{\"@type\":\"SearchAction\",\"target\":{\"@type\":\"EntryPoint\",\"urlTemplate\":\"https:\\\/\\\/vinylcolors.co\\\/en\\\/?s={search_term_string}\"},\"query-input\":{\"@type\":\"PropertyValueSpecification\",\"valueRequired\":true,\"valueName\":\"search_term_string\"}}],\"inLanguage\":\"en-US\"},{\"@type\":[\"Organization\",\"Place\"],\"@id\":\"https:\\\/\\\/vinylcolors.co\\\/en\\\/#organization\",\"name\":\"Vinyl Colors\",\"url\":\"https:\\\/\\\/vinylcolors.co\\\/en\\\/\",\"logo\":{\"@id\":\"https:\\\/\\\/vinylcolors.co\\\/product\\\/ppf-paint-protection-film-negro-enerfilms-usa\\\/#local-main-organization-logo\"},\"image\":{\"@id\":\"https:\\\/\\\/vinylcolors.co\\\/product\\\/ppf-paint-protection-film-negro-enerfilms-usa\\\/#local-main-organization-logo\"},\"sameAs\":[\"https:\\\/\\\/www.facebook.com\\\/vinyl.color\",\"https:\\\/\\\/www.instagram.com\\\/vinyl.colors\\\/\"],\"telephone\":[],\"openingHoursSpecification\":[{\"@type\":\"OpeningHoursSpecification\",\"dayOfWeek\":[\"Monday\",\"Tuesday\",\"Wednesday\",\"Thursday\",\"Friday\",\"Saturday\",\"Sunday\"],\"opens\":\"09:00\",\"closes\":\"17:00\"}]},{\"@type\":\"ImageObject\",\"inLanguage\":\"en-US\",\"@id\":\"https:\\\/\\\/vinylcolors.co\\\/product\\\/ppf-paint-protection-film-negro-enerfilms-usa\\\/#local-main-organization-logo\",\"url\":\"https:\\\/\\\/vinylcolors.co\\\/wp-content\\\/uploads\\\/2025\\\/05\\\/logo-vinyl-colors.png\",\"contentUrl\":\"https:\\\/\\\/vinylcolors.co\\\/wp-content\\\/uploads\\\/2025\\\/05\\\/logo-vinyl-colors.png\",\"width\":500,\"height\":83,\"caption\":\"Vinyl Colors\"}]}<\/script>\n<meta property=\"product:price:amount\" content=\"1100000\" \/>\n<meta property=\"product:price:currency\" content=\"COP\" \/>\n<meta property=\"og:availability\" content=\"instock\" \/>\n<meta property=\"product:availability\" content=\"instock\" \/>\n<meta property=\"product:condition\" content=\"new\" \/>\n<!-- \/ Yoast SEO Premium plugin. -->","yoast_head_json":{"title":"PPF Paint Protection Film negro \u2013 Enerfilms USA - Vinyl Colors","description":"PPF Standard negro de Enerfilms USA. Pel\u00edcula TPH brillante, autolimpiante y con autoreparaci\u00f3n. Disponible en Vinyl Colors Colombia.","robots":{"index":"index","follow":"follow","max-snippet":"max-snippet:-1","max-image-preview":"max-image-preview:large","max-video-preview":"max-video-preview:-1"},"canonical":"https:\/\/vinylcolors.co\/en\/product\/ppf-paint-protection-film-negro-enerfilms-usa\/","og_locale":"en_US","og_type":"article","og_title":"PPF Paint Protection Film negro \u2013 Enerfilms USA","og_description":"PPF Standard negro de Enerfilms USA. Pel\u00edcula TPH brillante, autolimpiante y con autoreparaci\u00f3n. Disponible en Vinyl Colors Colombia.","og_url":"https:\/\/vinylcolors.co\/en\/product\/ppf-paint-protection-film-negro-enerfilms-usa\/","og_site_name":"Vinyl Colors","article_publisher":"https:\/\/www.facebook.com\/vinyl.color","article_modified_time":"2026-02-26T15:00:25+00:00","og_image":[{"width":750,"height":1000,"url":"https:\/\/vinylcolors.co\/wp-content\/uploads\/2025\/12\/PPF-NEGRO-ENERFILMS.png","type":"image\/png"}],"twitter_card":"summary_large_image","twitter_misc":{"Price":"&#36;&nbsp;1.100.000","Availability":"In stock"},"schema":{"@context":"https:\/\/schema.org","@graph":[{"@type":"WebPage","@id":"https:\/\/vinylcolors.co\/product\/ppf-paint-protection-film-negro-enerfilms-usa\/","url":"https:\/\/vinylcolors.co\/product\/ppf-paint-protection-film-negro-enerfilms-usa\/","name":"PPF Paint Protection Film negro \u2013 Enerfilms USA - Vinyl Colors","isPartOf":{"@id":"https:\/\/vinylcolors.co\/en\/#website"},"primaryImageOfPage":{"@id":"https:\/\/vinylcolors.co\/product\/ppf-paint-protection-film-negro-enerfilms-usa\/#primaryimage"},"image":{"@id":"https:\/\/vinylcolors.co\/product\/ppf-paint-protection-film-negro-enerfilms-usa\/#primaryimage"},"thumbnailUrl":"https:\/\/vinylcolors.co\/wp-content\/uploads\/2025\/12\/PPF-NEGRO-ENERFILMS.png","datePublished":"2025-12-11T17:42:31+00:00","dateModified":"2026-02-26T15:00:25+00:00","description":"PPF Standard negro de Enerfilms USA. Pel\u00edcula TPH brillante, autolimpiante y con autoreparaci\u00f3n. Disponible en Vinyl Colors Colombia.","breadcrumb":{"@id":"https:\/\/vinylcolors.co\/product\/ppf-paint-protection-film-negro-enerfilms-usa\/#breadcrumb"},"inLanguage":"en-US","potentialAction":[{"@type":"ReadAction","target":["https:\/\/vinylcolors.co\/product\/ppf-paint-protection-film-negro-enerfilms-usa\/"]}]},{"@type":"ImageObject","inLanguage":"en-US","@id":"https:\/\/vinylcolors.co\/product\/ppf-paint-protection-film-negro-enerfilms-usa\/#primaryimage","url":"https:\/\/vinylcolors.co\/wp-content\/uploads\/2025\/12\/PPF-NEGRO-ENERFILMS.png","contentUrl":"https:\/\/vinylcolors.co\/wp-content\/uploads\/2025\/12\/PPF-NEGRO-ENERFILMS.png","width":750,"height":1000},{"@type":"BreadcrumbList","@id":"https:\/\/vinylcolors.co\/product\/ppf-paint-protection-film-negro-enerfilms-usa\/#breadcrumb","itemListElement":[{"@type":"ListItem","position":1,"name":"Inicio","item":"https:\/\/vinylcolors.co\/en\/"},{"@type":"ListItem","position":2,"name":"Shop","item":"https:\/\/vinylcolors.co\/en\/shop\/"},{"@type":"ListItem","position":3,"name":"PPF Paint Protection Film negro \u2013 Enerfilms USA"}]},{"@type":"WebSite","@id":"https:\/\/vinylcolors.co\/en\/#website","url":"https:\/\/vinylcolors.co\/en\/","name":"Vinyl Colors","description":"Competimos con calidad, servicio, y los mejores precios","publisher":{"@id":"https:\/\/vinylcolors.co\/en\/#organization"},"potentialAction":[{"@type":"SearchAction","target":{"@type":"EntryPoint","urlTemplate":"https:\/\/vinylcolors.co\/en\/?s={search_term_string}"},"query-input":{"@type":"PropertyValueSpecification","valueRequired":true,"valueName":"search_term_string"}}],"inLanguage":"en-US"},{"@type":["Organization","Place"],"@id":"https:\/\/vinylcolors.co\/en\/#organization","name":"Vinyl Colors","url":"https:\/\/vinylcolors.co\/en\/","logo":{"@id":"https:\/\/vinylcolors.co\/product\/ppf-paint-protection-film-negro-enerfilms-usa\/#local-main-organization-logo"},"image":{"@id":"https:\/\/vinylcolors.co\/product\/ppf-paint-protection-film-negro-enerfilms-usa\/#local-main-organization-logo"},"sameAs":["https:\/\/www.facebook.com\/vinyl.color","https:\/\/www.instagram.com\/vinyl.colors\/"],"telephone":[],"openingHoursSpecification":[{"@type":"OpeningHoursSpecification","dayOfWeek":["Monday","Tuesday","Wednesday","Thursday","Friday","Saturday","Sunday"],"opens":"09:00","closes":"17:00"}]},{"@type":"ImageObject","inLanguage":"en-US","@id":"https:\/\/vinylcolors.co\/product\/ppf-paint-protection-film-negro-enerfilms-usa\/#local-main-organization-logo","url":"https:\/\/vinylcolors.co\/wp-content\/uploads\/2025\/05\/logo-vinyl-colors.png","contentUrl":"https:\/\/vinylcolors.co\/wp-content\/uploads\/2025\/05\/logo-vinyl-colors.png","width":500,"height":83,"caption":"Vinyl Colors"}]},"product_price_amount":"1100000","product_price_currency":"COP","og_availability":"instock","product_availability":"instock","product_condition":"new"},"_links":{"self":[{"href":"https:\/\/vinylcolors.co\/en\/wp-json\/wp\/v2\/product\/10163","targetHints":{"allow":["GET"]}}],"collection":[{"href":"https:\/\/vinylcolors.co\/en\/wp-json\/wp\/v2\/product"}],"about":[{"href":"https:\/\/vinylcolors.co\/en\/wp-json\/wp\/v2\/types\/product"}],"replies":[{"embeddable":true,"href":"https:\/\/vinylcolors.co\/en\/wp-json\/wp\/v2\/comments?post=10163"}],"wp:featuredmedia":[{"embeddable":true,"href":"https:\/\/vinylcolors.co\/en\/wp-json\/wp\/v2\/media\/10165"}],"wp:attachment":[{"href":"https:\/\/vinylcolors.co\/en\/wp-json\/wp\/v2\/media?parent=10163"}],"wp:term":[{"taxonomy":"product_brand","embeddable":true,"href":"https:\/\/vinylcolors.co\/en\/wp-json\/wp\/v2\/product_brand?post=10163"},{"taxonomy":"product_cat","embeddable":true,"href":"https:\/\/vinylcolors.co\/en\/wp-json\/wp\/v2\/product_cat?post=10163"},{"taxonomy":"product_tag","embeddable":true,"href":"https:\/\/vinylcolors.co\/en\/wp-json\/wp\/v2\/product_tag?post=10163"}],"curies":[{"name":"wp","href":"https:\/\/api.w.org\/{rel}","templated":true}]}}