{"id":10342,"date":"2026-02-24T12:24:54","date_gmt":"2026-02-24T17:24:54","guid":{"rendered":"https:\/\/h3j.aec.mytemp.website\/?post_type=product&#038;p=10342"},"modified":"2026-02-24T12:35:32","modified_gmt":"2026-02-24T17:35:32","slug":"vinilo-rch03-hd-white-fireworks-teckwrap","status":"publish","type":"product","link":"https:\/\/vinylcolors.co\/en\/product\/vinilo-rch03-hd-white-fireworks-teckwrap\/","title":{"rendered":"Vinilo RCH03-HD WHITE FIREWORKS | \u2013 TeckWrap"},"content":{"rendered":"<p>Caracter\u00edsticas principales. A continuaci\u00f3n describimos las principales caracter\u00edsticas de VINILO WRAP WHITE FIREWORKS COLOMBIA.<\/p>\n<ul>\n<li>Color WHITE FIREWORKS: fuegos artificiales plata brillante, deportivo y de alta definici\u00f3n.<\/li>\n<li>Acabado brillante premium: brillo profundo y uniforme.<\/li>\n<li>Alta conformabilidad: ideal para superficies curvas y complejas.<\/li>\n<li>Tecnolog\u00eda Air Release: instalaci\u00f3n r\u00e1pida y sin burbujas.<\/li>\n<li>Resistencia UV: estabilidad de color bajo el clima colombiano.<\/li>\n<li>Adhesivo removible: remoci\u00f3n segura sin da\u00f1ar la pintura original.<\/li>\n<li>Uso automotriz profesional: wrap completo o aplicaciones parciales.<\/li>\n<\/ul>\n<p>&nbsp;<\/p>\n<p>Especificaciones t\u00e9cnicas<\/p>\n<table style=\"height: 621px\" width=\"411\">\n<thead>\n<tr>\n<td>Especificaci\u00f3n<\/td>\n<td>Detalle<\/td>\n<\/tr>\n<\/thead>\n<tbody>\n<tr>\n<td>Tipo de material<\/td>\n<td>Vinilo wrap automotriz<\/td>\n<\/tr>\n<tr>\n<td>Color<\/td>\n<td>WHITE FIREWORKS<\/td>\n<\/tr>\n<tr>\n<td>Acabado<\/td>\n<td>Brillante HD<\/td>\n<\/tr>\n<tr>\n<td>Tecnolog\u00eda<\/td>\n<td>Canales de aire (Air Release)<\/td>\n<\/tr>\n<tr>\n<td>Adhesivo<\/td>\n<td>Removible, sensible a la presi\u00f3n<\/td>\n<\/tr>\n<tr>\n<td>Aplicaci\u00f3n<\/td>\n<td>En seco<\/td>\n<\/tr>\n<tr>\n<td>Uso<\/td>\n<td>Exterior automotriz<\/td>\n<\/tr>\n<tr>\n<td>Durabilidad<\/td>\n<td>Hasta 3\u20135 a\u00f1os*<\/td>\n<\/tr>\n<tr>\n<td>Presentaci\u00f3n<\/td>\n<td>Rollos (1.52*18 M)<\/td>\n<\/tr>\n<\/tbody>\n<\/table>\n<p>*La durabilidad puede variar seg\u00fan uso, instalaci\u00f3n y mantenimiento.<\/p>\n<p>Aplicaciones recomendadas<\/p>\n<p>\u2714 Wrap completo de veh\u00edculos<br \/>\n\u2714 Proyectos deportivos y de alto impacto<br \/>\n\u2714 Cap\u00f3s, techos, espejos y detalles<br \/>\n\u2714 Veh\u00edculos de exhibici\u00f3n<br \/>\n\u2714 Talleres de wrapping en Colombia<\/p>\n<p>Beneficios clave<\/p>\n<p>\u2714 Apariencia deportiva y agresiva<br \/>\n\u2714 Color vibrante de alto impacto<br \/>\n\u2714 Protege la pintura original<br \/>\n\u2714 Instalaci\u00f3n eficiente para talleres<br \/>\n\u2714 Ideal para el mercado automotriz colombiano<\/p>","protected":false},"excerpt":{"rendered":"<p>El vinilo <strong data-start=\"972\" data-end=\"996\">RD15-HD Green Galaxy<\/strong> es una pel\u00edcula adhesiva automotriz de la serie <strong data-start=\"1045\" data-end=\"1069\">Color Shift Metallic<\/strong> de Teckwrap dise\u00f1ada para transformar tu veh\u00edculo con un <strong data-start=\"1127\" data-end=\"1162\">acabado espectacular y din\u00e1mico<\/strong> que cambia de color seg\u00fan c\u00f3mo incida la luz<\/p>\n<p>Este film especial ofrece un efecto visual de alto impacto con tonos din\u00e1micos que var\u00edan seg\u00fan la luz y el \u00e1ngulo de visi\u00f3n<\/p>\n<p>Este vinilo ofrece una excelente conformabilidad, permitiendo una instalaci\u00f3n precisa en curvas, relieves y superficies complejas. Gracias a su adhesivo con canales de liberaci\u00f3n de aire (Air Release), la aplicaci\u00f3n es m\u00e1s r\u00e1pida, limpia y sin burbujas, optimizando el trabajo en talleres de wrapping y personalizaci\u00f3n vehicular en Colombia.<\/p>\n<p>Adem\u00e1s de su valor est\u00e9tico, contribuye a proteger la pintura original frente al desgaste leve, rayones superficiales y la exposici\u00f3n constante al sol y agentes ambientales.<\/p>","protected":false},"featured_media":10343,"comment_status":"open","ping_status":"closed","template":"","meta":{"inline_featured_image":false},"product_brand":[115],"product_cat":[95,329],"product_tag":[354,372,361,378],"class_list":{"0":"post-10342","1":"product","2":"type-product","3":"status-publish","4":"has-post-thumbnail","6":"product_brand-teckwrap","7":"product_cat-decorativo-vehicular","8":"product_cat-wrap","9":"product_tag-teckwrap-colombia","10":"product_tag-vinilo-wrap-premium","11":"product_tag-vinyl-colors-colombia","12":"product_tag-wrap","13":"pa_acabado-brillante","14":"pa_medidas-1-52-x-18-m","17":"instock","18":"taxable","19":"shipping-taxable","20":"purchasable","21":"product-type-simple"},"yoast_head":"<!-- This site is optimized with the Yoast SEO Premium plugin v27.3 (Yoast SEO v27.3) - https:\/\/yoast.com\/product\/yoast-seo-premium-wordpress\/ -->\n<title>Vinilo RCH03-HD White Fireworks | Vinyl Colors<\/title>\n<meta name=\"description\" content=\"Vinilo automotriz RCH03-HD White Fireworks Super Glitter con acabado iridiscente brillante, \u00a1Consigue un estilo \u00fanico con Vinyl Colors!\" \/>\n<meta name=\"robots\" content=\"index, follow, max-snippet:-1, max-image-preview:large, max-video-preview:-1\" \/>\n<link rel=\"canonical\" href=\"https:\/\/vinylcolors.co\/en\/product\/vinilo-rch03-hd-white-fireworks-teckwrap\/\" \/>\n<meta property=\"og:locale\" content=\"en_US\" \/>\n<meta property=\"og:type\" content=\"article\" \/>\n<meta property=\"og:title\" content=\"Vinilo RCH03-HD WHITE FIREWORKS | \u2013 TeckWrap\" \/>\n<meta property=\"og:description\" content=\"Vinilo automotriz RCH03-HD White Fireworks Super Glitter con acabado iridiscente brillante, \u00a1Consigue un estilo \u00fanico con Vinyl Colors!\" \/>\n<meta property=\"og:url\" content=\"https:\/\/vinylcolors.co\/en\/product\/vinilo-rch03-hd-white-fireworks-teckwrap\/\" \/>\n<meta property=\"og:site_name\" content=\"Vinyl Colors\" \/>\n<meta property=\"article:publisher\" content=\"https:\/\/www.facebook.com\/vinyl.color\" \/>\n<meta property=\"article:modified_time\" content=\"2026-02-24T17:35:32+00:00\" \/>\n<meta property=\"og:image\" content=\"https:\/\/vinylcolors.co\/wp-content\/uploads\/2026\/02\/teckwrap-gloss-white-fireworks-rch03-hd-vinyl-wrap-rch03-hd-3m-vinyl-wrap-craft-film-car-wraps-31672546197615.webp\" \/>\n\t<meta property=\"og:image:width\" content=\"640\" \/>\n\t<meta property=\"og:image:height\" content=\"640\" \/>\n\t<meta property=\"og:image:type\" content=\"image\/webp\" \/>\n<meta name=\"twitter:card\" content=\"summary_large_image\" \/>\n<meta name=\"twitter:label1\" content=\"Price\" \/>\n\t<meta name=\"twitter:data1\" content=\"&#036;&nbsp;2.782.090\" \/>\n\t<meta name=\"twitter:label2\" content=\"Availability\" \/>\n\t<meta name=\"twitter:data2\" content=\"In stock\" \/>\n<script type=\"application\/ld+json\" class=\"yoast-schema-graph\">{\"@context\":\"https:\\\/\\\/schema.org\",\"@graph\":[{\"@type\":\"WebPage\",\"@id\":\"https:\\\/\\\/vinylcolors.co\\\/en\\\/product\\\/vinilo-rch03-hd-white-fireworks-teckwrap\\\/\",\"url\":\"https:\\\/\\\/vinylcolors.co\\\/en\\\/product\\\/vinilo-rch03-hd-white-fireworks-teckwrap\\\/\",\"name\":\"Vinilo RCH03-HD White Fireworks | Vinyl Colors\",\"isPartOf\":{\"@id\":\"https:\\\/\\\/vinylcolors.co\\\/en\\\/#website\"},\"primaryImageOfPage\":{\"@id\":\"https:\\\/\\\/vinylcolors.co\\\/en\\\/product\\\/vinilo-rch03-hd-white-fireworks-teckwrap\\\/#primaryimage\"},\"image\":{\"@id\":\"https:\\\/\\\/vinylcolors.co\\\/en\\\/product\\\/vinilo-rch03-hd-white-fireworks-teckwrap\\\/#primaryimage\"},\"thumbnailUrl\":\"https:\\\/\\\/vinylcolors.co\\\/wp-content\\\/uploads\\\/2026\\\/02\\\/teckwrap-gloss-white-fireworks-rch03-hd-vinyl-wrap-rch03-hd-3m-vinyl-wrap-craft-film-car-wraps-31672546197615.webp\",\"datePublished\":\"2026-02-24T17:24:54+00:00\",\"dateModified\":\"2026-02-24T17:35:32+00:00\",\"description\":\"Vinilo automotriz RCH03-HD White Fireworks Super Glitter con acabado iridiscente brillante, \u00a1Consigue un estilo \u00fanico con Vinyl Colors!\",\"breadcrumb\":{\"@id\":\"https:\\\/\\\/vinylcolors.co\\\/en\\\/product\\\/vinilo-rch03-hd-white-fireworks-teckwrap\\\/#breadcrumb\"},\"inLanguage\":\"en-US\",\"potentialAction\":[{\"@type\":\"ReadAction\",\"target\":[\"https:\\\/\\\/vinylcolors.co\\\/en\\\/product\\\/vinilo-rch03-hd-white-fireworks-teckwrap\\\/\"]}]},{\"@type\":\"ImageObject\",\"inLanguage\":\"en-US\",\"@id\":\"https:\\\/\\\/vinylcolors.co\\\/en\\\/product\\\/vinilo-rch03-hd-white-fireworks-teckwrap\\\/#primaryimage\",\"url\":\"https:\\\/\\\/vinylcolors.co\\\/wp-content\\\/uploads\\\/2026\\\/02\\\/teckwrap-gloss-white-fireworks-rch03-hd-vinyl-wrap-rch03-hd-3m-vinyl-wrap-craft-film-car-wraps-31672546197615.webp\",\"contentUrl\":\"https:\\\/\\\/vinylcolors.co\\\/wp-content\\\/uploads\\\/2026\\\/02\\\/teckwrap-gloss-white-fireworks-rch03-hd-vinyl-wrap-rch03-hd-3m-vinyl-wrap-craft-film-car-wraps-31672546197615.webp\",\"width\":640,\"height\":640},{\"@type\":\"BreadcrumbList\",\"@id\":\"https:\\\/\\\/vinylcolors.co\\\/en\\\/product\\\/vinilo-rch03-hd-white-fireworks-teckwrap\\\/#breadcrumb\",\"itemListElement\":[{\"@type\":\"ListItem\",\"position\":1,\"name\":\"Inicio\",\"item\":\"https:\\\/\\\/vinylcolors.co\\\/en\\\/\"},{\"@type\":\"ListItem\",\"position\":2,\"name\":\"Shop\",\"item\":\"https:\\\/\\\/vinylcolors.co\\\/en\\\/shop\\\/\"},{\"@type\":\"ListItem\",\"position\":3,\"name\":\"Vinilo RCH03-HD WHITE FIREWORKS | \u2013 TeckWrap\"}]},{\"@type\":\"WebSite\",\"@id\":\"https:\\\/\\\/vinylcolors.co\\\/en\\\/#website\",\"url\":\"https:\\\/\\\/vinylcolors.co\\\/en\\\/\",\"name\":\"Vinyl Colors\",\"description\":\"Competimos con calidad, servicio, y los mejores precios\",\"publisher\":{\"@id\":\"https:\\\/\\\/vinylcolors.co\\\/en\\\/#organization\"},\"potentialAction\":[{\"@type\":\"SearchAction\",\"target\":{\"@type\":\"EntryPoint\",\"urlTemplate\":\"https:\\\/\\\/vinylcolors.co\\\/en\\\/?s={search_term_string}\"},\"query-input\":{\"@type\":\"PropertyValueSpecification\",\"valueRequired\":true,\"valueName\":\"search_term_string\"}}],\"inLanguage\":\"en-US\"},{\"@type\":[\"Organization\",\"Place\"],\"@id\":\"https:\\\/\\\/vinylcolors.co\\\/en\\\/#organization\",\"name\":\"Vinyl Colors\",\"url\":\"https:\\\/\\\/vinylcolors.co\\\/en\\\/\",\"logo\":{\"@id\":\"https:\\\/\\\/vinylcolors.co\\\/en\\\/product\\\/vinilo-rch03-hd-white-fireworks-teckwrap\\\/#local-main-organization-logo\"},\"image\":{\"@id\":\"https:\\\/\\\/vinylcolors.co\\\/en\\\/product\\\/vinilo-rch03-hd-white-fireworks-teckwrap\\\/#local-main-organization-logo\"},\"sameAs\":[\"https:\\\/\\\/www.facebook.com\\\/vinyl.color\",\"https:\\\/\\\/www.instagram.com\\\/vinyl.colors\\\/\"],\"telephone\":[],\"openingHoursSpecification\":[{\"@type\":\"OpeningHoursSpecification\",\"dayOfWeek\":[\"Monday\",\"Tuesday\",\"Wednesday\",\"Thursday\",\"Friday\",\"Saturday\",\"Sunday\"],\"opens\":\"09:00\",\"closes\":\"17:00\"}]},{\"@type\":\"ImageObject\",\"inLanguage\":\"en-US\",\"@id\":\"https:\\\/\\\/vinylcolors.co\\\/en\\\/product\\\/vinilo-rch03-hd-white-fireworks-teckwrap\\\/#local-main-organization-logo\",\"url\":\"https:\\\/\\\/vinylcolors.co\\\/wp-content\\\/uploads\\\/2025\\\/05\\\/logo-vinyl-colors.png\",\"contentUrl\":\"https:\\\/\\\/vinylcolors.co\\\/wp-content\\\/uploads\\\/2025\\\/05\\\/logo-vinyl-colors.png\",\"width\":500,\"height\":83,\"caption\":\"Vinyl Colors\"}]}<\/script>\n<meta property=\"product:price:amount\" content=\"2782090\" \/>\n<meta property=\"product:price:currency\" content=\"COP\" \/>\n<meta property=\"og:availability\" content=\"instock\" \/>\n<meta property=\"product:availability\" content=\"instock\" \/>\n<meta property=\"product:condition\" content=\"new\" \/>\n<!-- \/ Yoast SEO Premium plugin. -->","yoast_head_json":{"title":"Vinilo RCH03-HD White Fireworks | Vinyl Colors","description":"Vinilo automotriz RCH03-HD White Fireworks Super Glitter con acabado iridiscente brillante, \u00a1Consigue un estilo \u00fanico con Vinyl Colors!","robots":{"index":"index","follow":"follow","max-snippet":"max-snippet:-1","max-image-preview":"max-image-preview:large","max-video-preview":"max-video-preview:-1"},"canonical":"https:\/\/vinylcolors.co\/en\/product\/vinilo-rch03-hd-white-fireworks-teckwrap\/","og_locale":"en_US","og_type":"article","og_title":"Vinilo RCH03-HD WHITE FIREWORKS | \u2013 TeckWrap","og_description":"Vinilo automotriz RCH03-HD White Fireworks Super Glitter con acabado iridiscente brillante, \u00a1Consigue un estilo \u00fanico con Vinyl Colors!","og_url":"https:\/\/vinylcolors.co\/en\/product\/vinilo-rch03-hd-white-fireworks-teckwrap\/","og_site_name":"Vinyl Colors","article_publisher":"https:\/\/www.facebook.com\/vinyl.color","article_modified_time":"2026-02-24T17:35:32+00:00","og_image":[{"width":640,"height":640,"url":"https:\/\/vinylcolors.co\/wp-content\/uploads\/2026\/02\/teckwrap-gloss-white-fireworks-rch03-hd-vinyl-wrap-rch03-hd-3m-vinyl-wrap-craft-film-car-wraps-31672546197615.webp","type":"image\/webp"}],"twitter_card":"summary_large_image","twitter_misc":{"Price":"&#36;&nbsp;2.782.090","Availability":"In stock"},"schema":{"@context":"https:\/\/schema.org","@graph":[{"@type":"WebPage","@id":"https:\/\/vinylcolors.co\/en\/product\/vinilo-rch03-hd-white-fireworks-teckwrap\/","url":"https:\/\/vinylcolors.co\/en\/product\/vinilo-rch03-hd-white-fireworks-teckwrap\/","name":"Vinilo RCH03-HD White Fireworks | Vinyl Colors","isPartOf":{"@id":"https:\/\/vinylcolors.co\/en\/#website"},"primaryImageOfPage":{"@id":"https:\/\/vinylcolors.co\/en\/product\/vinilo-rch03-hd-white-fireworks-teckwrap\/#primaryimage"},"image":{"@id":"https:\/\/vinylcolors.co\/en\/product\/vinilo-rch03-hd-white-fireworks-teckwrap\/#primaryimage"},"thumbnailUrl":"https:\/\/vinylcolors.co\/wp-content\/uploads\/2026\/02\/teckwrap-gloss-white-fireworks-rch03-hd-vinyl-wrap-rch03-hd-3m-vinyl-wrap-craft-film-car-wraps-31672546197615.webp","datePublished":"2026-02-24T17:24:54+00:00","dateModified":"2026-02-24T17:35:32+00:00","description":"Vinilo automotriz RCH03-HD White Fireworks Super Glitter con acabado iridiscente brillante, \u00a1Consigue un estilo \u00fanico con Vinyl Colors!","breadcrumb":{"@id":"https:\/\/vinylcolors.co\/en\/product\/vinilo-rch03-hd-white-fireworks-teckwrap\/#breadcrumb"},"inLanguage":"en-US","potentialAction":[{"@type":"ReadAction","target":["https:\/\/vinylcolors.co\/en\/product\/vinilo-rch03-hd-white-fireworks-teckwrap\/"]}]},{"@type":"ImageObject","inLanguage":"en-US","@id":"https:\/\/vinylcolors.co\/en\/product\/vinilo-rch03-hd-white-fireworks-teckwrap\/#primaryimage","url":"https:\/\/vinylcolors.co\/wp-content\/uploads\/2026\/02\/teckwrap-gloss-white-fireworks-rch03-hd-vinyl-wrap-rch03-hd-3m-vinyl-wrap-craft-film-car-wraps-31672546197615.webp","contentUrl":"https:\/\/vinylcolors.co\/wp-content\/uploads\/2026\/02\/teckwrap-gloss-white-fireworks-rch03-hd-vinyl-wrap-rch03-hd-3m-vinyl-wrap-craft-film-car-wraps-31672546197615.webp","width":640,"height":640},{"@type":"BreadcrumbList","@id":"https:\/\/vinylcolors.co\/en\/product\/vinilo-rch03-hd-white-fireworks-teckwrap\/#breadcrumb","itemListElement":[{"@type":"ListItem","position":1,"name":"Inicio","item":"https:\/\/vinylcolors.co\/en\/"},{"@type":"ListItem","position":2,"name":"Shop","item":"https:\/\/vinylcolors.co\/en\/shop\/"},{"@type":"ListItem","position":3,"name":"Vinilo RCH03-HD WHITE FIREWORKS | \u2013 TeckWrap"}]},{"@type":"WebSite","@id":"https:\/\/vinylcolors.co\/en\/#website","url":"https:\/\/vinylcolors.co\/en\/","name":"Vinyl Colors","description":"Competimos con calidad, servicio, y los mejores precios","publisher":{"@id":"https:\/\/vinylcolors.co\/en\/#organization"},"potentialAction":[{"@type":"SearchAction","target":{"@type":"EntryPoint","urlTemplate":"https:\/\/vinylcolors.co\/en\/?s={search_term_string}"},"query-input":{"@type":"PropertyValueSpecification","valueRequired":true,"valueName":"search_term_string"}}],"inLanguage":"en-US"},{"@type":["Organization","Place"],"@id":"https:\/\/vinylcolors.co\/en\/#organization","name":"Vinyl Colors","url":"https:\/\/vinylcolors.co\/en\/","logo":{"@id":"https:\/\/vinylcolors.co\/en\/product\/vinilo-rch03-hd-white-fireworks-teckwrap\/#local-main-organization-logo"},"image":{"@id":"https:\/\/vinylcolors.co\/en\/product\/vinilo-rch03-hd-white-fireworks-teckwrap\/#local-main-organization-logo"},"sameAs":["https:\/\/www.facebook.com\/vinyl.color","https:\/\/www.instagram.com\/vinyl.colors\/"],"telephone":[],"openingHoursSpecification":[{"@type":"OpeningHoursSpecification","dayOfWeek":["Monday","Tuesday","Wednesday","Thursday","Friday","Saturday","Sunday"],"opens":"09:00","closes":"17:00"}]},{"@type":"ImageObject","inLanguage":"en-US","@id":"https:\/\/vinylcolors.co\/en\/product\/vinilo-rch03-hd-white-fireworks-teckwrap\/#local-main-organization-logo","url":"https:\/\/vinylcolors.co\/wp-content\/uploads\/2025\/05\/logo-vinyl-colors.png","contentUrl":"https:\/\/vinylcolors.co\/wp-content\/uploads\/2025\/05\/logo-vinyl-colors.png","width":500,"height":83,"caption":"Vinyl Colors"}]},"product_price_amount":"2782090","product_price_currency":"COP","og_availability":"instock","product_availability":"instock","product_condition":"new"},"_links":{"self":[{"href":"https:\/\/vinylcolors.co\/en\/wp-json\/wp\/v2\/product\/10342","targetHints":{"allow":["GET"]}}],"collection":[{"href":"https:\/\/vinylcolors.co\/en\/wp-json\/wp\/v2\/product"}],"about":[{"href":"https:\/\/vinylcolors.co\/en\/wp-json\/wp\/v2\/types\/product"}],"replies":[{"embeddable":true,"href":"https:\/\/vinylcolors.co\/en\/wp-json\/wp\/v2\/comments?post=10342"}],"wp:featuredmedia":[{"embeddable":true,"href":"https:\/\/vinylcolors.co\/en\/wp-json\/wp\/v2\/media\/10343"}],"wp:attachment":[{"href":"https:\/\/vinylcolors.co\/en\/wp-json\/wp\/v2\/media?parent=10342"}],"wp:term":[{"taxonomy":"product_brand","embeddable":true,"href":"https:\/\/vinylcolors.co\/en\/wp-json\/wp\/v2\/product_brand?post=10342"},{"taxonomy":"product_cat","embeddable":true,"href":"https:\/\/vinylcolors.co\/en\/wp-json\/wp\/v2\/product_cat?post=10342"},{"taxonomy":"product_tag","embeddable":true,"href":"https:\/\/vinylcolors.co\/en\/wp-json\/wp\/v2\/product_tag?post=10342"}],"curies":[{"name":"wp","href":"https:\/\/api.w.org\/{rel}","templated":true}]}}