{"id":10394,"date":"2026-02-26T10:16:44","date_gmt":"2026-02-26T15:16:44","guid":{"rendered":"https:\/\/h3j.aec.mytemp.website\/?post_type=product&#038;p=10394"},"modified":"2026-03-03T10:15:10","modified_gmt":"2026-03-03T15:15:10","slug":"polarizado-nano-ceramico-ultra-hd-15-enerfilms-usa-2","status":"publish","type":"product","link":"https:\/\/vinylcolors.co\/en\/product\/polarizado-nano-ceramico-ultra-hd-15-enerfilms-usa-2\/","title":{"rendered":"Polarizado Nano Cer\u00e1mico Ultra HD 35% &#8211; ENERFILMS USA"},"content":{"rendered":"<h3><strong>Especificaciones t\u00e9cnicas:<\/strong><\/h3>\n<ul>\n<li><strong>Protecci\u00f3n UV y Control T\u00e9rmico:<\/strong> El Polarizado Nano Cer\u00e1mico garantiza un bloqueo del 99% de los rayos ultravioleta y un rechazo de infrarrojos (calor) del 95% (tanto a 950nm como a 1400nm). Esto protege tu piel y evita el deterioro del interior de tu auto.<\/li>\n<li><strong>Visibilidad Intermedia y Clara:<\/strong> Su transmitancia de luz visible del 35% ofrece un equilibrio perfecto entre luminosidad y reducci\u00f3n del resplandor, potenciado por su tecnolog\u00eda de nivel de neblina &#8220;Ultra HD&#8221; para una conducci\u00f3n sin distorsiones.<\/li>\n<li><strong>Confort Clim\u00e1tico:<\/strong> Alcanza una Energ\u00eda Solar Total Rechazada (TSER) del 78.6%, lo que reduce significativamente la temperatura interna frente al sol de Bogot\u00e1 y Colombia.<\/li>\n<li><strong>Resistencia y Respaldo:<\/strong> Fabricado con un espesor de 2 mm y un factor de sombra de 0.246 , este material de calidad americana cuenta con una garant\u00eda de 10 a\u00f1os.<\/li>\n<\/ul>\n<p><strong>Informaci\u00f3n adicional:<\/strong><\/p>\n<ul>\n<li><strong>Medidas (Tama\u00f1o del rollo):<\/strong> 1.52 m \/ 30 m.<\/li>\n<\/ul>\n<table>\n<thead>\n<tr>\n<td><strong>Par\u00e1metros T\u00e9cnicos<\/strong><\/td>\n<td><strong>Resultados<\/strong><\/td>\n<\/tr>\n<\/thead>\n<tbody>\n<tr>\n<td><strong>Tama\u00f1o de rollo<\/strong><\/td>\n<td>1.52 m \/ 30 m<\/td>\n<\/tr>\n<tr>\n<td><strong>Transmitancia de luz visible<\/strong><\/td>\n<td>35%<\/td>\n<\/tr>\n<tr>\n<td><strong>Rechazo de infrarrojos (950nm)<\/strong><\/td>\n<td>95%<\/td>\n<\/tr>\n<tr>\n<td><strong>Rechazo de infrarrojos (1400 nm)<\/strong><\/td>\n<td>95%<\/td>\n<\/tr>\n<tr>\n<td><strong>Rechazo ultravioleta<\/strong><\/td>\n<td>99%<\/td>\n<\/tr>\n<tr>\n<td><strong>Espesor del material principal (mm)<\/strong><\/td>\n<td>2 mm<\/td>\n<\/tr>\n<tr>\n<td><strong>Nivel de neblina<\/strong><\/td>\n<td>Ultra HD<\/td>\n<\/tr>\n<tr>\n<td><strong>Tack inicial (gf\/25 mm)<\/strong><\/td>\n<td>$500 \\le F &lt; 700$<\/td>\n<\/tr>\n<tr>\n<td><strong>Fuerza de retenci\u00f3n (gf\/25 mm)<\/strong><\/td>\n<td>$600 \\le F &lt; 1000$<\/td>\n<\/tr>\n<tr>\n<td><strong>Factor de sombra<\/strong><\/td>\n<td>0.246<\/td>\n<\/tr>\n<tr>\n<td><strong>Energ\u00eda solar total rechazada (TSER)<\/strong><\/td>\n<td>78.6%<\/td>\n<\/tr>\n<tr>\n<td><strong>Garant\u00eda<\/strong><\/td>\n<td>10 a\u00f1os<\/td>\n<\/tr>\n<\/tbody>\n<\/table>\n<blockquote><p>&nbsp;<\/p><\/blockquote>","protected":false},"excerpt":{"rendered":"<h5>Nuestro Polarizado Nano Cer\u00e1mico Ultra HD 35% de la marca ENERFILMS USA es la elecci\u00f3n id\u00f3nea para quienes conducen en Bogot\u00e1 y Colombia y desean un tono intermedio. Este nivel de polarizado al 35% permite una mayor entrada de luz natural y una visibilidad excepcional (especialmente en la noche o en d\u00edas lluviosos), manteniendo una apariencia exterior elegante y sobria. Gracias a su avanzada tecnolog\u00eda nanocer\u00e1mica, ofrece un rechazo t\u00e9rmico de alto rendimiento sin oscurecer en exceso el interior del veh\u00edculo, ideal para quienes buscan confort clim\u00e1tico y seguridad al volante.<\/h5>","protected":false},"featured_media":10397,"comment_status":"open","ping_status":"closed","template":"","meta":{"inline_featured_image":false},"product_brand":[107],"product_cat":[95,204],"product_tag":[387,386],"class_list":{"0":"post-10394","1":"product","2":"type-product","3":"status-publish","4":"has-post-thumbnail","6":"product_brand-enerfimls-usa","7":"product_cat-decorativo-vehicular","8":"product_cat-polarizado-vehicular","9":"product_tag-nanoceramico","10":"product_tag-polarizado","11":"pa_medidas-1-00-x-30-m","12":"pa_medidas-1-52-x-30-m","15":"instock","16":"taxable","17":"shipping-taxable","18":"purchasable","19":"product-type-variable"},"yoast_head":"<!-- This site is optimized with the Yoast SEO Premium plugin v27.4 (Yoast SEO v27.4) - https:\/\/yoast.com\/product\/yoast-seo-premium-wordpress\/ -->\n<title>Polarizado Nano Cer\u00e1mico 35% Ultra HD Bogot\u00e1 | Vinyl Colors<\/title>\n<meta name=\"description\" content=\"Protege tu auto en Bogot\u00e1 y Colombia con el Polarizado Nano Cer\u00e1mico 35% Ultra HD. M\u00e1xima privacidad, 100% rechazo UV y control de calor. \u00a1Compra online!\" \/>\n<meta name=\"robots\" content=\"index, follow, max-snippet:-1, max-image-preview:large, max-video-preview:-1\" \/>\n<link rel=\"canonical\" href=\"https:\/\/vinylcolors.co\/en\/product\/polarizado-nano-ceramico-ultra-hd-15-enerfilms-usa-2\/\" \/>\n<meta property=\"og:locale\" content=\"en_US\" \/>\n<meta property=\"og:type\" content=\"article\" \/>\n<meta property=\"og:title\" content=\"Polarizado Nano Cer\u00e1mico Ultra HD 35% - ENERFILMS USA\" \/>\n<meta property=\"og:description\" content=\"Protege tu auto en Bogot\u00e1 y Colombia con el Polarizado Nano Cer\u00e1mico 35% Ultra HD. M\u00e1xima privacidad, 100% rechazo UV y control de calor. \u00a1Compra online!\" \/>\n<meta property=\"og:url\" content=\"https:\/\/vinylcolors.co\/en\/product\/polarizado-nano-ceramico-ultra-hd-15-enerfilms-usa-2\/\" \/>\n<meta property=\"og:site_name\" content=\"Vinyl Colors\" \/>\n<meta property=\"article:publisher\" content=\"https:\/\/www.facebook.com\/vinyl.color\" \/>\n<meta property=\"article:modified_time\" content=\"2026-03-03T15:15:10+00:00\" \/>\n<meta property=\"og:image\" content=\"https:\/\/vinylcolors.co\/wp-content\/uploads\/2026\/02\/Polarizado-Nano-Ceramico-Ultra-HD-35-ENERFILMS-USA-35-ROLLOCAJA.png\" \/>\n\t<meta property=\"og:image:width\" content=\"750\" \/>\n\t<meta property=\"og:image:height\" content=\"1000\" \/>\n\t<meta property=\"og:image:type\" content=\"image\/png\" \/>\n<meta name=\"twitter:card\" content=\"summary_large_image\" \/>\n<meta name=\"twitter:label1\" content=\"Availability\" \/>\n\t<meta name=\"twitter:data1\" content=\"In stock\" \/>\n<script type=\"application\/ld+json\" class=\"yoast-schema-graph\">{\"@context\":\"https:\\\/\\\/schema.org\",\"@graph\":[{\"@type\":\"WebPage\",\"@id\":\"https:\\\/\\\/vinylcolors.co\\\/en\\\/product\\\/polarizado-nano-ceramico-ultra-hd-15-enerfilms-usa-2\\\/\",\"url\":\"https:\\\/\\\/vinylcolors.co\\\/en\\\/product\\\/polarizado-nano-ceramico-ultra-hd-15-enerfilms-usa-2\\\/\",\"name\":\"Polarizado Nano Cer\u00e1mico 35% Ultra HD Bogot\u00e1 | Vinyl Colors\",\"isPartOf\":{\"@id\":\"https:\\\/\\\/vinylcolors.co\\\/en\\\/#website\"},\"primaryImageOfPage\":{\"@id\":\"https:\\\/\\\/vinylcolors.co\\\/en\\\/product\\\/polarizado-nano-ceramico-ultra-hd-15-enerfilms-usa-2\\\/#primaryimage\"},\"image\":{\"@id\":\"https:\\\/\\\/vinylcolors.co\\\/en\\\/product\\\/polarizado-nano-ceramico-ultra-hd-15-enerfilms-usa-2\\\/#primaryimage\"},\"thumbnailUrl\":\"https:\\\/\\\/vinylcolors.co\\\/wp-content\\\/uploads\\\/2026\\\/02\\\/Polarizado-Nano-Ceramico-Ultra-HD-35-ENERFILMS-USA-35-ROLLOCAJA.png\",\"datePublished\":\"2026-02-26T15:16:44+00:00\",\"dateModified\":\"2026-03-03T15:15:10+00:00\",\"description\":\"Protege tu auto en Bogot\u00e1 y Colombia con el Polarizado Nano Cer\u00e1mico 35% Ultra HD. M\u00e1xima privacidad, 100% rechazo UV y control de calor. \u00a1Compra online!\",\"breadcrumb\":{\"@id\":\"https:\\\/\\\/vinylcolors.co\\\/en\\\/product\\\/polarizado-nano-ceramico-ultra-hd-15-enerfilms-usa-2\\\/#breadcrumb\"},\"inLanguage\":\"en-US\",\"potentialAction\":[{\"@type\":\"ReadAction\",\"target\":[\"https:\\\/\\\/vinylcolors.co\\\/en\\\/product\\\/polarizado-nano-ceramico-ultra-hd-15-enerfilms-usa-2\\\/\"]}]},{\"@type\":\"ImageObject\",\"inLanguage\":\"en-US\",\"@id\":\"https:\\\/\\\/vinylcolors.co\\\/en\\\/product\\\/polarizado-nano-ceramico-ultra-hd-15-enerfilms-usa-2\\\/#primaryimage\",\"url\":\"https:\\\/\\\/vinylcolors.co\\\/wp-content\\\/uploads\\\/2026\\\/02\\\/Polarizado-Nano-Ceramico-Ultra-HD-35-ENERFILMS-USA-35-ROLLOCAJA.png\",\"contentUrl\":\"https:\\\/\\\/vinylcolors.co\\\/wp-content\\\/uploads\\\/2026\\\/02\\\/Polarizado-Nano-Ceramico-Ultra-HD-35-ENERFILMS-USA-35-ROLLOCAJA.png\",\"width\":750,\"height\":1000,\"caption\":\"Polarizado Nano Cer\u00e1mico Ultra HD 35% - ENERFILMS USA\"},{\"@type\":\"BreadcrumbList\",\"@id\":\"https:\\\/\\\/vinylcolors.co\\\/en\\\/product\\\/polarizado-nano-ceramico-ultra-hd-15-enerfilms-usa-2\\\/#breadcrumb\",\"itemListElement\":[{\"@type\":\"ListItem\",\"position\":1,\"name\":\"Inicio\",\"item\":\"https:\\\/\\\/vinylcolors.co\\\/en\\\/\"},{\"@type\":\"ListItem\",\"position\":2,\"name\":\"Shop\",\"item\":\"https:\\\/\\\/vinylcolors.co\\\/en\\\/shop\\\/\"},{\"@type\":\"ListItem\",\"position\":3,\"name\":\"Polarizado Nano Cer\u00e1mico Ultra HD 35% &#8211; ENERFILMS USA\"}]},{\"@type\":\"WebSite\",\"@id\":\"https:\\\/\\\/vinylcolors.co\\\/en\\\/#website\",\"url\":\"https:\\\/\\\/vinylcolors.co\\\/en\\\/\",\"name\":\"Vinyl Colors\",\"description\":\"Competimos con calidad, servicio, y los mejores precios\",\"publisher\":{\"@id\":\"https:\\\/\\\/vinylcolors.co\\\/en\\\/#organization\"},\"potentialAction\":[{\"@type\":\"SearchAction\",\"target\":{\"@type\":\"EntryPoint\",\"urlTemplate\":\"https:\\\/\\\/vinylcolors.co\\\/en\\\/?s={search_term_string}\"},\"query-input\":{\"@type\":\"PropertyValueSpecification\",\"valueRequired\":true,\"valueName\":\"search_term_string\"}}],\"inLanguage\":\"en-US\"},{\"@type\":[\"Organization\",\"Place\"],\"@id\":\"https:\\\/\\\/vinylcolors.co\\\/en\\\/#organization\",\"name\":\"Vinyl Colors\",\"url\":\"https:\\\/\\\/vinylcolors.co\\\/en\\\/\",\"logo\":{\"@id\":\"https:\\\/\\\/vinylcolors.co\\\/en\\\/product\\\/polarizado-nano-ceramico-ultra-hd-15-enerfilms-usa-2\\\/#local-main-organization-logo\"},\"image\":{\"@id\":\"https:\\\/\\\/vinylcolors.co\\\/en\\\/product\\\/polarizado-nano-ceramico-ultra-hd-15-enerfilms-usa-2\\\/#local-main-organization-logo\"},\"sameAs\":[\"https:\\\/\\\/www.facebook.com\\\/vinyl.color\",\"https:\\\/\\\/www.instagram.com\\\/vinyl.colors\\\/\"],\"telephone\":[],\"openingHoursSpecification\":[{\"@type\":\"OpeningHoursSpecification\",\"dayOfWeek\":[\"Monday\",\"Tuesday\",\"Wednesday\",\"Thursday\",\"Friday\",\"Saturday\",\"Sunday\"],\"opens\":\"09:00\",\"closes\":\"17:00\"}]},{\"@type\":\"ImageObject\",\"inLanguage\":\"en-US\",\"@id\":\"https:\\\/\\\/vinylcolors.co\\\/en\\\/product\\\/polarizado-nano-ceramico-ultra-hd-15-enerfilms-usa-2\\\/#local-main-organization-logo\",\"url\":\"https:\\\/\\\/vinylcolors.co\\\/wp-content\\\/uploads\\\/2025\\\/05\\\/logo-vinyl-colors.png\",\"contentUrl\":\"https:\\\/\\\/vinylcolors.co\\\/wp-content\\\/uploads\\\/2025\\\/05\\\/logo-vinyl-colors.png\",\"width\":500,\"height\":83,\"caption\":\"Vinyl Colors\"}]}<\/script>\n<meta property=\"og:availability\" content=\"instock\" \/>\n<meta property=\"product:availability\" content=\"instock\" \/>\n<meta property=\"product:condition\" content=\"new\" \/>\n<!-- \/ Yoast SEO Premium plugin. -->","yoast_head_json":{"title":"Polarizado Nano Cer\u00e1mico 35% Ultra HD Bogot\u00e1 | Vinyl Colors","description":"Protege tu auto en Bogot\u00e1 y Colombia con el Polarizado Nano Cer\u00e1mico 35% Ultra HD. M\u00e1xima privacidad, 100% rechazo UV y control de calor. \u00a1Compra online!","robots":{"index":"index","follow":"follow","max-snippet":"max-snippet:-1","max-image-preview":"max-image-preview:large","max-video-preview":"max-video-preview:-1"},"canonical":"https:\/\/vinylcolors.co\/en\/product\/polarizado-nano-ceramico-ultra-hd-15-enerfilms-usa-2\/","og_locale":"en_US","og_type":"article","og_title":"Polarizado Nano Cer\u00e1mico Ultra HD 35% - ENERFILMS USA","og_description":"Protege tu auto en Bogot\u00e1 y Colombia con el Polarizado Nano Cer\u00e1mico 35% Ultra HD. M\u00e1xima privacidad, 100% rechazo UV y control de calor. \u00a1Compra online!","og_url":"https:\/\/vinylcolors.co\/en\/product\/polarizado-nano-ceramico-ultra-hd-15-enerfilms-usa-2\/","og_site_name":"Vinyl Colors","article_publisher":"https:\/\/www.facebook.com\/vinyl.color","article_modified_time":"2026-03-03T15:15:10+00:00","og_image":[{"width":750,"height":1000,"url":"https:\/\/vinylcolors.co\/wp-content\/uploads\/2026\/02\/Polarizado-Nano-Ceramico-Ultra-HD-35-ENERFILMS-USA-35-ROLLOCAJA.png","type":"image\/png"}],"twitter_card":"summary_large_image","twitter_misc":{"Availability":"In stock"},"schema":{"@context":"https:\/\/schema.org","@graph":[{"@type":"WebPage","@id":"https:\/\/vinylcolors.co\/en\/product\/polarizado-nano-ceramico-ultra-hd-15-enerfilms-usa-2\/","url":"https:\/\/vinylcolors.co\/en\/product\/polarizado-nano-ceramico-ultra-hd-15-enerfilms-usa-2\/","name":"Polarizado Nano Cer\u00e1mico 35% Ultra HD Bogot\u00e1 | Vinyl Colors","isPartOf":{"@id":"https:\/\/vinylcolors.co\/en\/#website"},"primaryImageOfPage":{"@id":"https:\/\/vinylcolors.co\/en\/product\/polarizado-nano-ceramico-ultra-hd-15-enerfilms-usa-2\/#primaryimage"},"image":{"@id":"https:\/\/vinylcolors.co\/en\/product\/polarizado-nano-ceramico-ultra-hd-15-enerfilms-usa-2\/#primaryimage"},"thumbnailUrl":"https:\/\/vinylcolors.co\/wp-content\/uploads\/2026\/02\/Polarizado-Nano-Ceramico-Ultra-HD-35-ENERFILMS-USA-35-ROLLOCAJA.png","datePublished":"2026-02-26T15:16:44+00:00","dateModified":"2026-03-03T15:15:10+00:00","description":"Protege tu auto en Bogot\u00e1 y Colombia con el Polarizado Nano Cer\u00e1mico 35% Ultra HD. M\u00e1xima privacidad, 100% rechazo UV y control de calor. \u00a1Compra online!","breadcrumb":{"@id":"https:\/\/vinylcolors.co\/en\/product\/polarizado-nano-ceramico-ultra-hd-15-enerfilms-usa-2\/#breadcrumb"},"inLanguage":"en-US","potentialAction":[{"@type":"ReadAction","target":["https:\/\/vinylcolors.co\/en\/product\/polarizado-nano-ceramico-ultra-hd-15-enerfilms-usa-2\/"]}]},{"@type":"ImageObject","inLanguage":"en-US","@id":"https:\/\/vinylcolors.co\/en\/product\/polarizado-nano-ceramico-ultra-hd-15-enerfilms-usa-2\/#primaryimage","url":"https:\/\/vinylcolors.co\/wp-content\/uploads\/2026\/02\/Polarizado-Nano-Ceramico-Ultra-HD-35-ENERFILMS-USA-35-ROLLOCAJA.png","contentUrl":"https:\/\/vinylcolors.co\/wp-content\/uploads\/2026\/02\/Polarizado-Nano-Ceramico-Ultra-HD-35-ENERFILMS-USA-35-ROLLOCAJA.png","width":750,"height":1000,"caption":"Polarizado Nano Cer\u00e1mico Ultra HD 35% - ENERFILMS USA"},{"@type":"BreadcrumbList","@id":"https:\/\/vinylcolors.co\/en\/product\/polarizado-nano-ceramico-ultra-hd-15-enerfilms-usa-2\/#breadcrumb","itemListElement":[{"@type":"ListItem","position":1,"name":"Inicio","item":"https:\/\/vinylcolors.co\/en\/"},{"@type":"ListItem","position":2,"name":"Shop","item":"https:\/\/vinylcolors.co\/en\/shop\/"},{"@type":"ListItem","position":3,"name":"Polarizado Nano Cer\u00e1mico Ultra HD 35% &#8211; ENERFILMS USA"}]},{"@type":"WebSite","@id":"https:\/\/vinylcolors.co\/en\/#website","url":"https:\/\/vinylcolors.co\/en\/","name":"Vinyl Colors","description":"Competimos con calidad, servicio, y los mejores precios","publisher":{"@id":"https:\/\/vinylcolors.co\/en\/#organization"},"potentialAction":[{"@type":"SearchAction","target":{"@type":"EntryPoint","urlTemplate":"https:\/\/vinylcolors.co\/en\/?s={search_term_string}"},"query-input":{"@type":"PropertyValueSpecification","valueRequired":true,"valueName":"search_term_string"}}],"inLanguage":"en-US"},{"@type":["Organization","Place"],"@id":"https:\/\/vinylcolors.co\/en\/#organization","name":"Vinyl Colors","url":"https:\/\/vinylcolors.co\/en\/","logo":{"@id":"https:\/\/vinylcolors.co\/en\/product\/polarizado-nano-ceramico-ultra-hd-15-enerfilms-usa-2\/#local-main-organization-logo"},"image":{"@id":"https:\/\/vinylcolors.co\/en\/product\/polarizado-nano-ceramico-ultra-hd-15-enerfilms-usa-2\/#local-main-organization-logo"},"sameAs":["https:\/\/www.facebook.com\/vinyl.color","https:\/\/www.instagram.com\/vinyl.colors\/"],"telephone":[],"openingHoursSpecification":[{"@type":"OpeningHoursSpecification","dayOfWeek":["Monday","Tuesday","Wednesday","Thursday","Friday","Saturday","Sunday"],"opens":"09:00","closes":"17:00"}]},{"@type":"ImageObject","inLanguage":"en-US","@id":"https:\/\/vinylcolors.co\/en\/product\/polarizado-nano-ceramico-ultra-hd-15-enerfilms-usa-2\/#local-main-organization-logo","url":"https:\/\/vinylcolors.co\/wp-content\/uploads\/2025\/05\/logo-vinyl-colors.png","contentUrl":"https:\/\/vinylcolors.co\/wp-content\/uploads\/2025\/05\/logo-vinyl-colors.png","width":500,"height":83,"caption":"Vinyl Colors"}]},"og_availability":"instock","product_availability":"instock","product_condition":"new"},"_links":{"self":[{"href":"https:\/\/vinylcolors.co\/en\/wp-json\/wp\/v2\/product\/10394","targetHints":{"allow":["GET"]}}],"collection":[{"href":"https:\/\/vinylcolors.co\/en\/wp-json\/wp\/v2\/product"}],"about":[{"href":"https:\/\/vinylcolors.co\/en\/wp-json\/wp\/v2\/types\/product"}],"replies":[{"embeddable":true,"href":"https:\/\/vinylcolors.co\/en\/wp-json\/wp\/v2\/comments?post=10394"}],"wp:featuredmedia":[{"embeddable":true,"href":"https:\/\/vinylcolors.co\/en\/wp-json\/wp\/v2\/media\/10397"}],"wp:attachment":[{"href":"https:\/\/vinylcolors.co\/en\/wp-json\/wp\/v2\/media?parent=10394"}],"wp:term":[{"taxonomy":"product_brand","embeddable":true,"href":"https:\/\/vinylcolors.co\/en\/wp-json\/wp\/v2\/product_brand?post=10394"},{"taxonomy":"product_cat","embeddable":true,"href":"https:\/\/vinylcolors.co\/en\/wp-json\/wp\/v2\/product_cat?post=10394"},{"taxonomy":"product_tag","embeddable":true,"href":"https:\/\/vinylcolors.co\/en\/wp-json\/wp\/v2\/product_tag?post=10394"}],"curies":[{"name":"wp","href":"https:\/\/api.w.org\/{rel}","templated":true}]}}