{"id":10410,"date":"2026-02-26T13:54:06","date_gmt":"2026-02-26T18:54:06","guid":{"rendered":"https:\/\/h3j.aec.mytemp.website\/?post_type=product&#038;p=10410"},"modified":"2026-03-03T10:15:10","modified_gmt":"2026-03-03T15:15:10","slug":"polarizado-dyed-tenido-de-carbono-5-ir-80-enerfilms-usa","status":"publish","type":"product","link":"https:\/\/vinylcolors.co\/en\/product\/polarizado-dyed-tenido-de-carbono-5-ir-80-enerfilms-usa\/","title":{"rendered":"Polarizado Dyed (Te\u00f1ido de Carbono) 5% IR 80 &#8211; ENERFILMS USA"},"content":{"rendered":"<h4><strong>Especificaciones t\u00e9cnicas:<\/strong><\/h4>\n<ul>\n<li><strong>Privacidad Avanzada (5% VLT):<\/strong> Su transmitancia de luz visible del 5% oscurece significativamente los cristales, protegiendo tus pertenencias de miradas exteriores.<\/li>\n<li><strong>Tecnolog\u00eda de Carbono (Sin Decoloraci\u00f3n):<\/strong> Fabricada como una pel\u00edcula te\u00f1ida de carbono de 1 mm, es altamente resistente a la p\u00e9rdida de color por el sol.<\/li>\n<li><strong>Alta Protecci\u00f3n Solar:<\/strong> Logra un bloqueo del 99% de los rayos ultravioleta y un excelente rechazo de infrarrojos (calor) del 80%. Su Energ\u00eda Solar Total Rechazada (TSER) es del 81.5%, lo que se traduce en un interior mucho m\u00e1s fresco.<\/li>\n<li><strong>Instalaci\u00f3n Eficiente:<\/strong> Permite una contracci\u00f3n r\u00e1pida con pistola de calor. Cuenta con un tack inicial de $500 \\le F &lt; 700$ y una fuerza de retenci\u00f3n de $1000 \\le F &lt; 1400$.<\/li>\n<li><strong>Garant\u00eda:<\/strong> Respaldo de f\u00e1brica de 2 a\u00f1os.<\/li>\n<\/ul>\n<p><strong>Informaci\u00f3n adicional:<\/strong><\/p>\n<ul>\n<li><strong>Medidas (Tama\u00f1o del rollo):<\/strong> 1.52 m \/ 60 m.<\/li>\n<\/ul>\n<table>\n<thead>\n<tr>\n<td><strong>Par\u00e1metros T\u00e9cnicos<\/strong><\/td>\n<td><strong>Resultados<\/strong><\/td>\n<\/tr>\n<\/thead>\n<tbody>\n<tr>\n<td><strong>Tama\u00f1o de rollo<\/strong><\/td>\n<td>1.52 m \/ 60 m<\/td>\n<\/tr>\n<tr>\n<td><strong>Transmitancia de luz visible<\/strong><\/td>\n<td>5%<\/td>\n<\/tr>\n<tr>\n<td><strong>Rechazo de infrarrojos<\/strong><\/td>\n<td>80%<\/td>\n<\/tr>\n<tr>\n<td><strong>Rechazo ultravioleta<\/strong><\/td>\n<td>99%<\/td>\n<\/tr>\n<tr>\n<td><strong>Espesor del material principal (mm)<\/strong><\/td>\n<td>1 mm<\/td>\n<\/tr>\n<tr>\n<td><strong>Nivel de neblina<\/strong><\/td>\n<td>Normal<\/td>\n<\/tr>\n<tr>\n<td><strong>Tack inicial (gf\/25 mm)<\/strong><\/td>\n<td>$500 \\le F &lt; 700$<\/td>\n<\/tr>\n<tr>\n<td><strong>Fuerza de retenci\u00f3n (gf\/25 mm)<\/strong><\/td>\n<td>$1000 \\le F &lt; 1400$<\/td>\n<\/tr>\n<tr>\n<td><strong>Factor de sombra<\/strong><\/td>\n<td>0.213<\/td>\n<\/tr>\n<tr>\n<td><strong>Energ\u00eda solar total rechazada (TSER)<\/strong><\/td>\n<td>81.5%<\/td>\n<\/tr>\n<tr>\n<td><strong>Garant\u00eda<\/strong><\/td>\n<td>2 a\u00f1os<\/td>\n<\/tr>\n<\/tbody>\n<\/table>","protected":false},"excerpt":{"rendered":"<h5>Nuestro Polarizado Dyed 5% (IR 80) de la marca ENERFILMS USA es la alternativa perfecta para los conductores en Bogot\u00e1 y Colombia que buscan un alto nivel de privacidad y un estilo elegante, manteniendo un poco m\u00e1s de entrada de luz que los tonos m\u00e1s extremos. Esta pel\u00edcula te\u00f1ida de carbono de 1 mm destaca por su f\u00f3rmula sin decoloraci\u00f3n, garantizando que el tono oscuro perdure frente a las exigencias clim\u00e1ticas. Adem\u00e1s, su propiedad de contracci\u00f3n r\u00e1pida facilita enormemente el trabajo de termoformado para los instaladores profesionales.<\/h5>","protected":false},"featured_media":10413,"comment_status":"open","ping_status":"closed","template":"","meta":{"inline_featured_image":false},"product_brand":[107],"product_cat":[95,204],"product_tag":[389,386],"class_list":{"0":"post-10410","1":"product","2":"type-product","3":"status-publish","4":"has-post-thumbnail","6":"product_brand-enerfimls-usa","7":"product_cat-decorativo-vehicular","8":"product_cat-polarizado-vehicular","9":"product_tag-dyed","10":"product_tag-polarizado","11":"pa_medidas-1-52-x-60","14":"instock","15":"taxable","16":"shipping-taxable","17":"purchasable","18":"product-type-simple"},"yoast_head":"<!-- This site is optimized with the Yoast SEO Premium plugin v27.4 (Yoast SEO v27.4) - https:\/\/yoast.com\/product\/yoast-seo-premium-wordpress\/ -->\n<title>Polarizado ENERFILMS Dyed 5% alta Privacidad | Vinyl Colors<\/title>\n<meta name=\"description\" content=\"Compra el Polarizado Dyed 5% de ENERFILMS en Colombia. M\u00e1xima privacidad, pel\u00edcula te\u00f1ida de carbono sin decoloraci\u00f3n y 80% rechazo IR. \u00a1Pide online!\" \/>\n<meta name=\"robots\" content=\"index, follow, max-snippet:-1, max-image-preview:large, max-video-preview:-1\" \/>\n<link rel=\"canonical\" href=\"https:\/\/vinylcolors.co\/en\/product\/polarizado-dyed-tenido-de-carbono-5-ir-80-enerfilms-usa\/\" \/>\n<meta property=\"og:locale\" content=\"en_US\" \/>\n<meta property=\"og:type\" content=\"article\" \/>\n<meta property=\"og:title\" content=\"Polarizado Dyed (Te\u00f1ido de Carbono) 5% IR 80 - ENERFILMS USA\" \/>\n<meta property=\"og:description\" content=\"Compra el Polarizado Dyed 5% de ENERFILMS en Colombia. M\u00e1xima privacidad, pel\u00edcula te\u00f1ida de carbono sin decoloraci\u00f3n y 80% rechazo IR. \u00a1Pide online!\" \/>\n<meta property=\"og:url\" content=\"https:\/\/vinylcolors.co\/en\/product\/polarizado-dyed-tenido-de-carbono-5-ir-80-enerfilms-usa\/\" \/>\n<meta property=\"og:site_name\" content=\"Vinyl Colors\" \/>\n<meta property=\"article:publisher\" content=\"https:\/\/www.facebook.com\/vinyl.color\" \/>\n<meta property=\"article:modified_time\" content=\"2026-03-03T15:15:10+00:00\" \/>\n<meta property=\"og:image\" content=\"https:\/\/vinylcolors.co\/wp-content\/uploads\/2026\/02\/Polarizado-Dyed-Tenido-de-Carbono-5-IR-80-ENERFILMS-USA-ROLLOCAJA.png\" \/>\n\t<meta property=\"og:image:width\" content=\"750\" \/>\n\t<meta property=\"og:image:height\" content=\"1000\" \/>\n\t<meta property=\"og:image:type\" content=\"image\/png\" \/>\n<meta name=\"twitter:card\" content=\"summary_large_image\" \/>\n<meta name=\"twitter:label1\" content=\"Price\" \/>\n\t<meta name=\"twitter:data1\" content=\"&#036;&nbsp;365.000\" \/>\n\t<meta name=\"twitter:label2\" content=\"Availability\" \/>\n\t<meta name=\"twitter:data2\" content=\"In stock\" \/>\n<script type=\"application\/ld+json\" class=\"yoast-schema-graph\">{\"@context\":\"https:\\\/\\\/schema.org\",\"@graph\":[{\"@type\":\"WebPage\",\"@id\":\"https:\\\/\\\/vinylcolors.co\\\/en\\\/product\\\/polarizado-dyed-tenido-de-carbono-5-ir-80-enerfilms-usa\\\/\",\"url\":\"https:\\\/\\\/vinylcolors.co\\\/en\\\/product\\\/polarizado-dyed-tenido-de-carbono-5-ir-80-enerfilms-usa\\\/\",\"name\":\"Polarizado ENERFILMS Dyed 5% alta Privacidad | Vinyl Colors\",\"isPartOf\":{\"@id\":\"https:\\\/\\\/vinylcolors.co\\\/en\\\/#website\"},\"primaryImageOfPage\":{\"@id\":\"https:\\\/\\\/vinylcolors.co\\\/en\\\/product\\\/polarizado-dyed-tenido-de-carbono-5-ir-80-enerfilms-usa\\\/#primaryimage\"},\"image\":{\"@id\":\"https:\\\/\\\/vinylcolors.co\\\/en\\\/product\\\/polarizado-dyed-tenido-de-carbono-5-ir-80-enerfilms-usa\\\/#primaryimage\"},\"thumbnailUrl\":\"https:\\\/\\\/vinylcolors.co\\\/wp-content\\\/uploads\\\/2026\\\/02\\\/Polarizado-Dyed-Tenido-de-Carbono-5-IR-80-ENERFILMS-USA-ROLLOCAJA.png\",\"datePublished\":\"2026-02-26T18:54:06+00:00\",\"dateModified\":\"2026-03-03T15:15:10+00:00\",\"description\":\"Compra el Polarizado Dyed 5% de ENERFILMS en Colombia. M\u00e1xima privacidad, pel\u00edcula te\u00f1ida de carbono sin decoloraci\u00f3n y 80% rechazo IR. \u00a1Pide online!\",\"breadcrumb\":{\"@id\":\"https:\\\/\\\/vinylcolors.co\\\/en\\\/product\\\/polarizado-dyed-tenido-de-carbono-5-ir-80-enerfilms-usa\\\/#breadcrumb\"},\"inLanguage\":\"en-US\",\"potentialAction\":[{\"@type\":\"ReadAction\",\"target\":[\"https:\\\/\\\/vinylcolors.co\\\/en\\\/product\\\/polarizado-dyed-tenido-de-carbono-5-ir-80-enerfilms-usa\\\/\"]}]},{\"@type\":\"ImageObject\",\"inLanguage\":\"en-US\",\"@id\":\"https:\\\/\\\/vinylcolors.co\\\/en\\\/product\\\/polarizado-dyed-tenido-de-carbono-5-ir-80-enerfilms-usa\\\/#primaryimage\",\"url\":\"https:\\\/\\\/vinylcolors.co\\\/wp-content\\\/uploads\\\/2026\\\/02\\\/Polarizado-Dyed-Tenido-de-Carbono-5-IR-80-ENERFILMS-USA-ROLLOCAJA.png\",\"contentUrl\":\"https:\\\/\\\/vinylcolors.co\\\/wp-content\\\/uploads\\\/2026\\\/02\\\/Polarizado-Dyed-Tenido-de-Carbono-5-IR-80-ENERFILMS-USA-ROLLOCAJA.png\",\"width\":750,\"height\":1000,\"caption\":\"Polarizado Dyed (Te\u00f1ido de Carbono) 5% IR 80 - ENERFILMS USA\"},{\"@type\":\"BreadcrumbList\",\"@id\":\"https:\\\/\\\/vinylcolors.co\\\/en\\\/product\\\/polarizado-dyed-tenido-de-carbono-5-ir-80-enerfilms-usa\\\/#breadcrumb\",\"itemListElement\":[{\"@type\":\"ListItem\",\"position\":1,\"name\":\"Inicio\",\"item\":\"https:\\\/\\\/vinylcolors.co\\\/en\\\/\"},{\"@type\":\"ListItem\",\"position\":2,\"name\":\"Shop\",\"item\":\"https:\\\/\\\/vinylcolors.co\\\/en\\\/shop\\\/\"},{\"@type\":\"ListItem\",\"position\":3,\"name\":\"Polarizado Dyed (Te\u00f1ido de Carbono) 5% IR 80 &#8211; ENERFILMS USA\"}]},{\"@type\":\"WebSite\",\"@id\":\"https:\\\/\\\/vinylcolors.co\\\/en\\\/#website\",\"url\":\"https:\\\/\\\/vinylcolors.co\\\/en\\\/\",\"name\":\"Vinyl Colors\",\"description\":\"Competimos con calidad, servicio, y los mejores precios\",\"publisher\":{\"@id\":\"https:\\\/\\\/vinylcolors.co\\\/en\\\/#organization\"},\"potentialAction\":[{\"@type\":\"SearchAction\",\"target\":{\"@type\":\"EntryPoint\",\"urlTemplate\":\"https:\\\/\\\/vinylcolors.co\\\/en\\\/?s={search_term_string}\"},\"query-input\":{\"@type\":\"PropertyValueSpecification\",\"valueRequired\":true,\"valueName\":\"search_term_string\"}}],\"inLanguage\":\"en-US\"},{\"@type\":[\"Organization\",\"Place\"],\"@id\":\"https:\\\/\\\/vinylcolors.co\\\/en\\\/#organization\",\"name\":\"Vinyl Colors\",\"url\":\"https:\\\/\\\/vinylcolors.co\\\/en\\\/\",\"logo\":{\"@id\":\"https:\\\/\\\/vinylcolors.co\\\/en\\\/product\\\/polarizado-dyed-tenido-de-carbono-5-ir-80-enerfilms-usa\\\/#local-main-organization-logo\"},\"image\":{\"@id\":\"https:\\\/\\\/vinylcolors.co\\\/en\\\/product\\\/polarizado-dyed-tenido-de-carbono-5-ir-80-enerfilms-usa\\\/#local-main-organization-logo\"},\"sameAs\":[\"https:\\\/\\\/www.facebook.com\\\/vinyl.color\",\"https:\\\/\\\/www.instagram.com\\\/vinyl.colors\\\/\"],\"telephone\":[],\"openingHoursSpecification\":[{\"@type\":\"OpeningHoursSpecification\",\"dayOfWeek\":[\"Monday\",\"Tuesday\",\"Wednesday\",\"Thursday\",\"Friday\",\"Saturday\",\"Sunday\"],\"opens\":\"09:00\",\"closes\":\"17:00\"}]},{\"@type\":\"ImageObject\",\"inLanguage\":\"en-US\",\"@id\":\"https:\\\/\\\/vinylcolors.co\\\/en\\\/product\\\/polarizado-dyed-tenido-de-carbono-5-ir-80-enerfilms-usa\\\/#local-main-organization-logo\",\"url\":\"https:\\\/\\\/vinylcolors.co\\\/wp-content\\\/uploads\\\/2025\\\/05\\\/logo-vinyl-colors.png\",\"contentUrl\":\"https:\\\/\\\/vinylcolors.co\\\/wp-content\\\/uploads\\\/2025\\\/05\\\/logo-vinyl-colors.png\",\"width\":500,\"height\":83,\"caption\":\"Vinyl Colors\"}]}<\/script>\n<meta property=\"product:price:amount\" content=\"365000\" \/>\n<meta property=\"product:price:currency\" content=\"COP\" \/>\n<meta property=\"og:availability\" content=\"instock\" \/>\n<meta property=\"product:availability\" content=\"instock\" \/>\n<meta property=\"product:condition\" content=\"new\" \/>\n<!-- \/ Yoast SEO Premium plugin. -->","yoast_head_json":{"title":"Polarizado ENERFILMS Dyed 5% alta Privacidad | Vinyl Colors","description":"Compra el Polarizado Dyed 5% de ENERFILMS en Colombia. M\u00e1xima privacidad, pel\u00edcula te\u00f1ida de carbono sin decoloraci\u00f3n y 80% rechazo IR. \u00a1Pide online!","robots":{"index":"index","follow":"follow","max-snippet":"max-snippet:-1","max-image-preview":"max-image-preview:large","max-video-preview":"max-video-preview:-1"},"canonical":"https:\/\/vinylcolors.co\/en\/product\/polarizado-dyed-tenido-de-carbono-5-ir-80-enerfilms-usa\/","og_locale":"en_US","og_type":"article","og_title":"Polarizado Dyed (Te\u00f1ido de Carbono) 5% IR 80 - ENERFILMS USA","og_description":"Compra el Polarizado Dyed 5% de ENERFILMS en Colombia. M\u00e1xima privacidad, pel\u00edcula te\u00f1ida de carbono sin decoloraci\u00f3n y 80% rechazo IR. \u00a1Pide online!","og_url":"https:\/\/vinylcolors.co\/en\/product\/polarizado-dyed-tenido-de-carbono-5-ir-80-enerfilms-usa\/","og_site_name":"Vinyl Colors","article_publisher":"https:\/\/www.facebook.com\/vinyl.color","article_modified_time":"2026-03-03T15:15:10+00:00","og_image":[{"width":750,"height":1000,"url":"https:\/\/vinylcolors.co\/wp-content\/uploads\/2026\/02\/Polarizado-Dyed-Tenido-de-Carbono-5-IR-80-ENERFILMS-USA-ROLLOCAJA.png","type":"image\/png"}],"twitter_card":"summary_large_image","twitter_misc":{"Price":"&#36;&nbsp;365.000","Availability":"In stock"},"schema":{"@context":"https:\/\/schema.org","@graph":[{"@type":"WebPage","@id":"https:\/\/vinylcolors.co\/en\/product\/polarizado-dyed-tenido-de-carbono-5-ir-80-enerfilms-usa\/","url":"https:\/\/vinylcolors.co\/en\/product\/polarizado-dyed-tenido-de-carbono-5-ir-80-enerfilms-usa\/","name":"Polarizado ENERFILMS Dyed 5% alta Privacidad | Vinyl Colors","isPartOf":{"@id":"https:\/\/vinylcolors.co\/en\/#website"},"primaryImageOfPage":{"@id":"https:\/\/vinylcolors.co\/en\/product\/polarizado-dyed-tenido-de-carbono-5-ir-80-enerfilms-usa\/#primaryimage"},"image":{"@id":"https:\/\/vinylcolors.co\/en\/product\/polarizado-dyed-tenido-de-carbono-5-ir-80-enerfilms-usa\/#primaryimage"},"thumbnailUrl":"https:\/\/vinylcolors.co\/wp-content\/uploads\/2026\/02\/Polarizado-Dyed-Tenido-de-Carbono-5-IR-80-ENERFILMS-USA-ROLLOCAJA.png","datePublished":"2026-02-26T18:54:06+00:00","dateModified":"2026-03-03T15:15:10+00:00","description":"Compra el Polarizado Dyed 5% de ENERFILMS en Colombia. M\u00e1xima privacidad, pel\u00edcula te\u00f1ida de carbono sin decoloraci\u00f3n y 80% rechazo IR. \u00a1Pide online!","breadcrumb":{"@id":"https:\/\/vinylcolors.co\/en\/product\/polarizado-dyed-tenido-de-carbono-5-ir-80-enerfilms-usa\/#breadcrumb"},"inLanguage":"en-US","potentialAction":[{"@type":"ReadAction","target":["https:\/\/vinylcolors.co\/en\/product\/polarizado-dyed-tenido-de-carbono-5-ir-80-enerfilms-usa\/"]}]},{"@type":"ImageObject","inLanguage":"en-US","@id":"https:\/\/vinylcolors.co\/en\/product\/polarizado-dyed-tenido-de-carbono-5-ir-80-enerfilms-usa\/#primaryimage","url":"https:\/\/vinylcolors.co\/wp-content\/uploads\/2026\/02\/Polarizado-Dyed-Tenido-de-Carbono-5-IR-80-ENERFILMS-USA-ROLLOCAJA.png","contentUrl":"https:\/\/vinylcolors.co\/wp-content\/uploads\/2026\/02\/Polarizado-Dyed-Tenido-de-Carbono-5-IR-80-ENERFILMS-USA-ROLLOCAJA.png","width":750,"height":1000,"caption":"Polarizado Dyed (Te\u00f1ido de Carbono) 5% IR 80 - ENERFILMS USA"},{"@type":"BreadcrumbList","@id":"https:\/\/vinylcolors.co\/en\/product\/polarizado-dyed-tenido-de-carbono-5-ir-80-enerfilms-usa\/#breadcrumb","itemListElement":[{"@type":"ListItem","position":1,"name":"Inicio","item":"https:\/\/vinylcolors.co\/en\/"},{"@type":"ListItem","position":2,"name":"Shop","item":"https:\/\/vinylcolors.co\/en\/shop\/"},{"@type":"ListItem","position":3,"name":"Polarizado Dyed (Te\u00f1ido de Carbono) 5% IR 80 &#8211; ENERFILMS USA"}]},{"@type":"WebSite","@id":"https:\/\/vinylcolors.co\/en\/#website","url":"https:\/\/vinylcolors.co\/en\/","name":"Vinyl Colors","description":"Competimos con calidad, servicio, y los mejores precios","publisher":{"@id":"https:\/\/vinylcolors.co\/en\/#organization"},"potentialAction":[{"@type":"SearchAction","target":{"@type":"EntryPoint","urlTemplate":"https:\/\/vinylcolors.co\/en\/?s={search_term_string}"},"query-input":{"@type":"PropertyValueSpecification","valueRequired":true,"valueName":"search_term_string"}}],"inLanguage":"en-US"},{"@type":["Organization","Place"],"@id":"https:\/\/vinylcolors.co\/en\/#organization","name":"Vinyl Colors","url":"https:\/\/vinylcolors.co\/en\/","logo":{"@id":"https:\/\/vinylcolors.co\/en\/product\/polarizado-dyed-tenido-de-carbono-5-ir-80-enerfilms-usa\/#local-main-organization-logo"},"image":{"@id":"https:\/\/vinylcolors.co\/en\/product\/polarizado-dyed-tenido-de-carbono-5-ir-80-enerfilms-usa\/#local-main-organization-logo"},"sameAs":["https:\/\/www.facebook.com\/vinyl.color","https:\/\/www.instagram.com\/vinyl.colors\/"],"telephone":[],"openingHoursSpecification":[{"@type":"OpeningHoursSpecification","dayOfWeek":["Monday","Tuesday","Wednesday","Thursday","Friday","Saturday","Sunday"],"opens":"09:00","closes":"17:00"}]},{"@type":"ImageObject","inLanguage":"en-US","@id":"https:\/\/vinylcolors.co\/en\/product\/polarizado-dyed-tenido-de-carbono-5-ir-80-enerfilms-usa\/#local-main-organization-logo","url":"https:\/\/vinylcolors.co\/wp-content\/uploads\/2025\/05\/logo-vinyl-colors.png","contentUrl":"https:\/\/vinylcolors.co\/wp-content\/uploads\/2025\/05\/logo-vinyl-colors.png","width":500,"height":83,"caption":"Vinyl Colors"}]},"product_price_amount":"365000","product_price_currency":"COP","og_availability":"instock","product_availability":"instock","product_condition":"new"},"_links":{"self":[{"href":"https:\/\/vinylcolors.co\/en\/wp-json\/wp\/v2\/product\/10410","targetHints":{"allow":["GET"]}}],"collection":[{"href":"https:\/\/vinylcolors.co\/en\/wp-json\/wp\/v2\/product"}],"about":[{"href":"https:\/\/vinylcolors.co\/en\/wp-json\/wp\/v2\/types\/product"}],"replies":[{"embeddable":true,"href":"https:\/\/vinylcolors.co\/en\/wp-json\/wp\/v2\/comments?post=10410"}],"wp:featuredmedia":[{"embeddable":true,"href":"https:\/\/vinylcolors.co\/en\/wp-json\/wp\/v2\/media\/10413"}],"wp:attachment":[{"href":"https:\/\/vinylcolors.co\/en\/wp-json\/wp\/v2\/media?parent=10410"}],"wp:term":[{"taxonomy":"product_brand","embeddable":true,"href":"https:\/\/vinylcolors.co\/en\/wp-json\/wp\/v2\/product_brand?post=10410"},{"taxonomy":"product_cat","embeddable":true,"href":"https:\/\/vinylcolors.co\/en\/wp-json\/wp\/v2\/product_cat?post=10410"},{"taxonomy":"product_tag","embeddable":true,"href":"https:\/\/vinylcolors.co\/en\/wp-json\/wp\/v2\/product_tag?post=10410"}],"curies":[{"name":"wp","href":"https:\/\/api.w.org\/{rel}","templated":true}]}}