{"id":8950,"date":"2025-08-23T09:23:04","date_gmt":"2025-08-23T14:23:04","guid":{"rendered":"https:\/\/h3j.aec.mytemp.website\/?post_type=product&#038;p=8950"},"modified":"2026-03-03T10:36:00","modified_gmt":"2026-03-03T15:36:00","slug":"plotter-de-corte-graphtec-ce8000-series","status":"publish","type":"product","link":"https:\/\/vinylcolors.co\/en\/product\/plotter-de-corte-graphtec-ce8000-series\/","title":{"rendered":"Plotter de Corte Graphtec CE8000 Series"},"content":{"rendered":"<ul>\n<li><strong>Caracter\u00edsticas destacadas<\/strong> del PLOTTER DE CORTE CE8000 SERIES<\/li>\n<li><strong>Alta rigidez y precisi\u00f3n mejorada<\/strong>, superior al modelo anterior CE7000, que garantiza cortes perfectos y fiables.<\/li>\n<li><strong>Conectividad moderna<\/strong>: incluye <strong>Wireless LAN<\/strong>, Ethernet y USB para m\u00e1xima flexibilidad en tu flujo de trabajo.<\/li>\n<li><strong>Control intuitivo<\/strong> mediante <strong>pantalla t\u00e1ctil m\u00e1s teclas mec\u00e1nicas<\/strong>, con men\u00fa por \u00edconos para una operaci\u00f3n r\u00e1pida y sencilla.<\/li>\n<li><strong>Sistema ARMS 8\/9<\/strong> (Advanced Registration Mark Sensing System), que permite cortes con precisi\u00f3n perfecta en procesos de impresi\u00f3n y corte (print &amp; cut).<\/li>\n<li><strong>Media Set Assist<\/strong> y <strong>Fan Media Assist<\/strong>: rodillos ajustables y ventiladores internos aseguran una alimentaci\u00f3n estable del material, incluso en rollos largos.<\/li>\n<li><strong>Sistema DataLink con lectura de c\u00f3digos de barras<\/strong>, ideal para corte continuo y automatizado desde USB o PC, sin depender del software del RIP.<\/li>\n<li><strong>Forza de corte superior<\/strong>, hasta 450 gf (4.41 N), y gran velocidad de corte \u2014hasta 39\u2033\/s en diagonal seg\u00fan modelo\u2014 garantizando rapidez y precisi\u00f3n.<\/li>\n<li><strong>Alta precisi\u00f3n y repetibilidad<\/strong>, con tolerancia de solo 0.1 mm en trayectorias de hasta 2 m.<\/li>\n<li>Compatible con multitud de materiales de hasta 0.25 mm de grosor (vinilo, fluorescente, reflectivo) y admite diversos punzones y herramientas.<\/li>\n<li>Viene con el software <strong>Graphtec Studio 2<\/strong> y el plugin <strong>Cutting Master 5<\/strong>, compatibles con Windows y Mac, junto con soporte para comandos GP-GL y HP-GL\u2122.<\/li>\n<li><strong>Opciones de modelo disponibles<\/strong><\/li>\n<\/ul>\n<table>\n<thead>\n<tr>\n<td>\n<ul>\n<li><strong>Modelo<\/strong><\/li>\n<\/ul>\n<\/td>\n<td>\n<ul>\n<li><strong>Ancho de Corte M\u00e1ximo<\/strong><\/li>\n<\/ul>\n<\/td>\n<td>\n<ul>\n<li><strong>Rodillos de Presi\u00f3n<\/strong><\/li>\n<\/ul>\n<\/td>\n<td>\n<ul>\n<li><strong>Velocidad de Corte (45\u00ba)<\/strong><\/li>\n<\/ul>\n<\/td>\n<td>\n<ul>\n<li><strong>Peso Aprox.<\/strong><\/li>\n<\/ul>\n<\/td>\n<\/tr>\n<\/thead>\n<tbody>\n<tr>\n<td>\n<ul>\n<li>CE8000-60<\/li>\n<\/ul>\n<\/td>\n<td>\n<ul>\n<li>603 mm (~24\u2033)<\/li>\n<\/ul>\n<\/td>\n<td>\n<ul>\n<li>3<\/li>\n<\/ul>\n<\/td>\n<td>\n<ul>\n<li>36 in\/s<\/li>\n<\/ul>\n<\/td>\n<td>\n<ul>\n<li>~21 kg (46 lbs)<\/li>\n<\/ul>\n<\/td>\n<\/tr>\n<tr>\n<td>\n<ul>\n<li>CE8000-130<\/li>\n<\/ul>\n<\/td>\n<td>\n<ul>\n<li>1270 mm (~50\u2033)<\/li>\n<\/ul>\n<\/td>\n<td>\n<ul>\n<li>3<\/li>\n<\/ul>\n<\/td>\n<td>\n<ul>\n<li>39 in\/s<\/li>\n<\/ul>\n<\/td>\n<\/tr>\n<\/tbody>\n<\/table>\n<ul>\n<li><em>Nota: Las velocidades est\u00e1n basadas en cortes en diagonal (45\u00b0); aseguran rapidez sin comprometer precisi\u00f3n.<\/em><\/li>\n<\/ul>","protected":false},"excerpt":{"rendered":"<ul>\n<li>Lleva la producci\u00f3n de tus vinilos a otro nivel con el <strong>Graphtec CE8000 Series<\/strong>, un plotter de corte robusto y eficiente, dise\u00f1ado para ofrecer resultados profesionales en se\u00f1alizaci\u00f3n, rotulaci\u00f3n, POP, packaging y m\u00e1s. Su estructura reforzada y funciones avanzadas lo convierten en la herramienta ideal para estudios, imprentas y aplicaciones creativas de alto volumen.<br \/>\n<strong>\u00bfPor qu\u00e9 elegir el Graphtec CE8000? <\/strong><strong>Eficiencia total:<\/strong> acelera tu producci\u00f3n con cortes precisos y automatizaci\u00f3n avanzada.<strong>Calidad profesional:<\/strong> dise\u00f1o robusto y componentes premium para proyectos exigentes.<strong>Versatilidad m\u00e1xima:<\/strong> adapta tu equipo para rotulaci\u00f3n, packaging, branding, DTF, automotriz o industriales.<strong>Flujo optimizado:<\/strong> desde PC, USB o incluso sin ordenador, todo es m\u00e1s simple y r\u00e1pido.<\/li>\n<\/ul>","protected":false},"featured_media":8953,"comment_status":"open","ping_status":"closed","template":"","meta":{"inline_featured_image":false},"product_brand":[112],"product_cat":[152],"product_tag":[],"class_list":{"0":"post-8950","1":"product","2":"type-product","3":"status-publish","4":"has-post-thumbnail","6":"product_brand-graphtec-america","7":"product_cat-plotter-de-corte","8":"pa_ancho-de-corte-130-cm","9":"pa_ancho-de-corte-60-cm","12":"outofstock","13":"taxable","14":"shipping-taxable","15":"purchasable","16":"product-type-variable","17":"has-default-attributes"},"yoast_head":"<!-- This site is optimized with the Yoast SEO Premium plugin v27.4 (Yoast SEO v27.4) - https:\/\/yoast.com\/product\/yoast-seo-premium-wordpress\/ -->\n<title>Plotter de Corte Graphtec CE8000 Series - Vinyl Colors<\/title>\n<meta name=\"description\" content=\"Plotter de corte Graphtec CE8000: precisi\u00f3n, velocidad y conectividad avanzada. Ideal para vinilos, rotulaci\u00f3n, se\u00f1alizaci\u00f3n y producci\u00f3n profesional.\" \/>\n<meta name=\"robots\" content=\"index, follow, max-snippet:-1, max-image-preview:large, max-video-preview:-1\" \/>\n<link rel=\"canonical\" href=\"https:\/\/vinylcolors.co\/en\/product\/plotter-de-corte-graphtec-ce8000-series\/\" \/>\n<meta property=\"og:locale\" content=\"en_US\" \/>\n<meta property=\"og:type\" content=\"article\" \/>\n<meta property=\"og:title\" content=\"Plotter de Corte Graphtec CE8000 Series\" \/>\n<meta property=\"og:description\" content=\"Plotter de corte Graphtec CE8000: precisi\u00f3n, velocidad y conectividad avanzada. Ideal para vinilos, rotulaci\u00f3n, se\u00f1alizaci\u00f3n y producci\u00f3n profesional.\" \/>\n<meta property=\"og:url\" content=\"https:\/\/vinylcolors.co\/en\/product\/plotter-de-corte-graphtec-ce8000-series\/\" \/>\n<meta property=\"og:site_name\" content=\"Vinyl Colors\" \/>\n<meta property=\"article:publisher\" content=\"https:\/\/www.facebook.com\/vinyl.color\" \/>\n<meta property=\"article:modified_time\" content=\"2026-03-03T15:36:00+00:00\" \/>\n<meta property=\"og:image\" content=\"https:\/\/vinylcolors.co\/wp-content\/uploads\/2025\/08\/CE8000-130.png\" \/>\n\t<meta property=\"og:image:width\" content=\"591\" \/>\n\t<meta property=\"og:image:height\" content=\"443\" \/>\n\t<meta property=\"og:image:type\" content=\"image\/png\" \/>\n<meta name=\"twitter:card\" content=\"summary_large_image\" \/>\n<meta name=\"twitter:label1\" content=\"Availability\" \/>\n\t<meta name=\"twitter:data1\" content=\"Out of stock\" \/>\n<script type=\"application\/ld+json\" class=\"yoast-schema-graph\">{\"@context\":\"https:\\\/\\\/schema.org\",\"@graph\":[{\"@type\":\"WebPage\",\"@id\":\"https:\\\/\\\/vinylcolors.co\\\/en\\\/product\\\/plotter-de-corte-graphtec-ce8000-series\\\/\",\"url\":\"https:\\\/\\\/vinylcolors.co\\\/en\\\/product\\\/plotter-de-corte-graphtec-ce8000-series\\\/\",\"name\":\"Plotter de Corte Graphtec CE8000 Series - Vinyl Colors\",\"isPartOf\":{\"@id\":\"https:\\\/\\\/vinylcolors.co\\\/en\\\/#website\"},\"primaryImageOfPage\":{\"@id\":\"https:\\\/\\\/vinylcolors.co\\\/en\\\/product\\\/plotter-de-corte-graphtec-ce8000-series\\\/#primaryimage\"},\"image\":{\"@id\":\"https:\\\/\\\/vinylcolors.co\\\/en\\\/product\\\/plotter-de-corte-graphtec-ce8000-series\\\/#primaryimage\"},\"thumbnailUrl\":\"https:\\\/\\\/vinylcolors.co\\\/wp-content\\\/uploads\\\/2025\\\/08\\\/CE8000-130.png\",\"datePublished\":\"2025-08-23T14:23:04+00:00\",\"dateModified\":\"2026-03-03T15:36:00+00:00\",\"description\":\"Plotter de corte Graphtec CE8000: precisi\u00f3n, velocidad y conectividad avanzada. Ideal para vinilos, rotulaci\u00f3n, se\u00f1alizaci\u00f3n y producci\u00f3n profesional.\",\"breadcrumb\":{\"@id\":\"https:\\\/\\\/vinylcolors.co\\\/en\\\/product\\\/plotter-de-corte-graphtec-ce8000-series\\\/#breadcrumb\"},\"inLanguage\":\"en-US\",\"potentialAction\":[{\"@type\":\"ReadAction\",\"target\":[\"https:\\\/\\\/vinylcolors.co\\\/en\\\/product\\\/plotter-de-corte-graphtec-ce8000-series\\\/\"]}]},{\"@type\":\"ImageObject\",\"inLanguage\":\"en-US\",\"@id\":\"https:\\\/\\\/vinylcolors.co\\\/en\\\/product\\\/plotter-de-corte-graphtec-ce8000-series\\\/#primaryimage\",\"url\":\"https:\\\/\\\/vinylcolors.co\\\/wp-content\\\/uploads\\\/2025\\\/08\\\/CE8000-130.png\",\"contentUrl\":\"https:\\\/\\\/vinylcolors.co\\\/wp-content\\\/uploads\\\/2025\\\/08\\\/CE8000-130.png\",\"width\":591,\"height\":443},{\"@type\":\"BreadcrumbList\",\"@id\":\"https:\\\/\\\/vinylcolors.co\\\/en\\\/product\\\/plotter-de-corte-graphtec-ce8000-series\\\/#breadcrumb\",\"itemListElement\":[{\"@type\":\"ListItem\",\"position\":1,\"name\":\"Inicio\",\"item\":\"https:\\\/\\\/vinylcolors.co\\\/en\\\/\"},{\"@type\":\"ListItem\",\"position\":2,\"name\":\"Shop\",\"item\":\"https:\\\/\\\/vinylcolors.co\\\/en\\\/shop\\\/\"},{\"@type\":\"ListItem\",\"position\":3,\"name\":\"Plotter de Corte Graphtec CE8000 Series\"}]},{\"@type\":\"WebSite\",\"@id\":\"https:\\\/\\\/vinylcolors.co\\\/en\\\/#website\",\"url\":\"https:\\\/\\\/vinylcolors.co\\\/en\\\/\",\"name\":\"Vinyl Colors\",\"description\":\"Competimos con calidad, servicio, y los mejores precios\",\"publisher\":{\"@id\":\"https:\\\/\\\/vinylcolors.co\\\/en\\\/#organization\"},\"potentialAction\":[{\"@type\":\"SearchAction\",\"target\":{\"@type\":\"EntryPoint\",\"urlTemplate\":\"https:\\\/\\\/vinylcolors.co\\\/en\\\/?s={search_term_string}\"},\"query-input\":{\"@type\":\"PropertyValueSpecification\",\"valueRequired\":true,\"valueName\":\"search_term_string\"}}],\"inLanguage\":\"en-US\"},{\"@type\":[\"Organization\",\"Place\"],\"@id\":\"https:\\\/\\\/vinylcolors.co\\\/en\\\/#organization\",\"name\":\"Vinyl Colors\",\"url\":\"https:\\\/\\\/vinylcolors.co\\\/en\\\/\",\"logo\":{\"@id\":\"https:\\\/\\\/vinylcolors.co\\\/en\\\/product\\\/plotter-de-corte-graphtec-ce8000-series\\\/#local-main-organization-logo\"},\"image\":{\"@id\":\"https:\\\/\\\/vinylcolors.co\\\/en\\\/product\\\/plotter-de-corte-graphtec-ce8000-series\\\/#local-main-organization-logo\"},\"sameAs\":[\"https:\\\/\\\/www.facebook.com\\\/vinyl.color\",\"https:\\\/\\\/www.instagram.com\\\/vinyl.colors\\\/\"],\"telephone\":[],\"openingHoursSpecification\":[{\"@type\":\"OpeningHoursSpecification\",\"dayOfWeek\":[\"Monday\",\"Tuesday\",\"Wednesday\",\"Thursday\",\"Friday\",\"Saturday\",\"Sunday\"],\"opens\":\"09:00\",\"closes\":\"17:00\"}]},{\"@type\":\"ImageObject\",\"inLanguage\":\"en-US\",\"@id\":\"https:\\\/\\\/vinylcolors.co\\\/en\\\/product\\\/plotter-de-corte-graphtec-ce8000-series\\\/#local-main-organization-logo\",\"url\":\"https:\\\/\\\/vinylcolors.co\\\/wp-content\\\/uploads\\\/2025\\\/05\\\/logo-vinyl-colors.png\",\"contentUrl\":\"https:\\\/\\\/vinylcolors.co\\\/wp-content\\\/uploads\\\/2025\\\/05\\\/logo-vinyl-colors.png\",\"width\":500,\"height\":83,\"caption\":\"Vinyl Colors\"}]}<\/script>\n<meta property=\"og:availability\" content=\"out of stock\" \/>\n<meta property=\"product:availability\" content=\"out of stock\" \/>\n<meta property=\"product:condition\" content=\"new\" \/>\n<!-- \/ Yoast SEO Premium plugin. -->","yoast_head_json":{"title":"Plotter de Corte Graphtec CE8000 Series - Vinyl Colors","description":"Plotter de corte Graphtec CE8000: precisi\u00f3n, velocidad y conectividad avanzada. Ideal para vinilos, rotulaci\u00f3n, se\u00f1alizaci\u00f3n y producci\u00f3n profesional.","robots":{"index":"index","follow":"follow","max-snippet":"max-snippet:-1","max-image-preview":"max-image-preview:large","max-video-preview":"max-video-preview:-1"},"canonical":"https:\/\/vinylcolors.co\/en\/product\/plotter-de-corte-graphtec-ce8000-series\/","og_locale":"en_US","og_type":"article","og_title":"Plotter de Corte Graphtec CE8000 Series","og_description":"Plotter de corte Graphtec CE8000: precisi\u00f3n, velocidad y conectividad avanzada. Ideal para vinilos, rotulaci\u00f3n, se\u00f1alizaci\u00f3n y producci\u00f3n profesional.","og_url":"https:\/\/vinylcolors.co\/en\/product\/plotter-de-corte-graphtec-ce8000-series\/","og_site_name":"Vinyl Colors","article_publisher":"https:\/\/www.facebook.com\/vinyl.color","article_modified_time":"2026-03-03T15:36:00+00:00","og_image":[{"width":591,"height":443,"url":"https:\/\/vinylcolors.co\/wp-content\/uploads\/2025\/08\/CE8000-130.png","type":"image\/png"}],"twitter_card":"summary_large_image","twitter_misc":{"Availability":"Out of stock"},"schema":{"@context":"https:\/\/schema.org","@graph":[{"@type":"WebPage","@id":"https:\/\/vinylcolors.co\/en\/product\/plotter-de-corte-graphtec-ce8000-series\/","url":"https:\/\/vinylcolors.co\/en\/product\/plotter-de-corte-graphtec-ce8000-series\/","name":"Plotter de Corte Graphtec CE8000 Series - Vinyl Colors","isPartOf":{"@id":"https:\/\/vinylcolors.co\/en\/#website"},"primaryImageOfPage":{"@id":"https:\/\/vinylcolors.co\/en\/product\/plotter-de-corte-graphtec-ce8000-series\/#primaryimage"},"image":{"@id":"https:\/\/vinylcolors.co\/en\/product\/plotter-de-corte-graphtec-ce8000-series\/#primaryimage"},"thumbnailUrl":"https:\/\/vinylcolors.co\/wp-content\/uploads\/2025\/08\/CE8000-130.png","datePublished":"2025-08-23T14:23:04+00:00","dateModified":"2026-03-03T15:36:00+00:00","description":"Plotter de corte Graphtec CE8000: precisi\u00f3n, velocidad y conectividad avanzada. Ideal para vinilos, rotulaci\u00f3n, se\u00f1alizaci\u00f3n y producci\u00f3n profesional.","breadcrumb":{"@id":"https:\/\/vinylcolors.co\/en\/product\/plotter-de-corte-graphtec-ce8000-series\/#breadcrumb"},"inLanguage":"en-US","potentialAction":[{"@type":"ReadAction","target":["https:\/\/vinylcolors.co\/en\/product\/plotter-de-corte-graphtec-ce8000-series\/"]}]},{"@type":"ImageObject","inLanguage":"en-US","@id":"https:\/\/vinylcolors.co\/en\/product\/plotter-de-corte-graphtec-ce8000-series\/#primaryimage","url":"https:\/\/vinylcolors.co\/wp-content\/uploads\/2025\/08\/CE8000-130.png","contentUrl":"https:\/\/vinylcolors.co\/wp-content\/uploads\/2025\/08\/CE8000-130.png","width":591,"height":443},{"@type":"BreadcrumbList","@id":"https:\/\/vinylcolors.co\/en\/product\/plotter-de-corte-graphtec-ce8000-series\/#breadcrumb","itemListElement":[{"@type":"ListItem","position":1,"name":"Inicio","item":"https:\/\/vinylcolors.co\/en\/"},{"@type":"ListItem","position":2,"name":"Shop","item":"https:\/\/vinylcolors.co\/en\/shop\/"},{"@type":"ListItem","position":3,"name":"Plotter de Corte Graphtec CE8000 Series"}]},{"@type":"WebSite","@id":"https:\/\/vinylcolors.co\/en\/#website","url":"https:\/\/vinylcolors.co\/en\/","name":"Vinyl Colors","description":"Competimos con calidad, servicio, y los mejores precios","publisher":{"@id":"https:\/\/vinylcolors.co\/en\/#organization"},"potentialAction":[{"@type":"SearchAction","target":{"@type":"EntryPoint","urlTemplate":"https:\/\/vinylcolors.co\/en\/?s={search_term_string}"},"query-input":{"@type":"PropertyValueSpecification","valueRequired":true,"valueName":"search_term_string"}}],"inLanguage":"en-US"},{"@type":["Organization","Place"],"@id":"https:\/\/vinylcolors.co\/en\/#organization","name":"Vinyl Colors","url":"https:\/\/vinylcolors.co\/en\/","logo":{"@id":"https:\/\/vinylcolors.co\/en\/product\/plotter-de-corte-graphtec-ce8000-series\/#local-main-organization-logo"},"image":{"@id":"https:\/\/vinylcolors.co\/en\/product\/plotter-de-corte-graphtec-ce8000-series\/#local-main-organization-logo"},"sameAs":["https:\/\/www.facebook.com\/vinyl.color","https:\/\/www.instagram.com\/vinyl.colors\/"],"telephone":[],"openingHoursSpecification":[{"@type":"OpeningHoursSpecification","dayOfWeek":["Monday","Tuesday","Wednesday","Thursday","Friday","Saturday","Sunday"],"opens":"09:00","closes":"17:00"}]},{"@type":"ImageObject","inLanguage":"en-US","@id":"https:\/\/vinylcolors.co\/en\/product\/plotter-de-corte-graphtec-ce8000-series\/#local-main-organization-logo","url":"https:\/\/vinylcolors.co\/wp-content\/uploads\/2025\/05\/logo-vinyl-colors.png","contentUrl":"https:\/\/vinylcolors.co\/wp-content\/uploads\/2025\/05\/logo-vinyl-colors.png","width":500,"height":83,"caption":"Vinyl Colors"}]},"og_availability":"out of stock","product_availability":"out of stock","product_condition":"new"},"_links":{"self":[{"href":"https:\/\/vinylcolors.co\/en\/wp-json\/wp\/v2\/product\/8950","targetHints":{"allow":["GET"]}}],"collection":[{"href":"https:\/\/vinylcolors.co\/en\/wp-json\/wp\/v2\/product"}],"about":[{"href":"https:\/\/vinylcolors.co\/en\/wp-json\/wp\/v2\/types\/product"}],"replies":[{"embeddable":true,"href":"https:\/\/vinylcolors.co\/en\/wp-json\/wp\/v2\/comments?post=8950"}],"wp:featuredmedia":[{"embeddable":true,"href":"https:\/\/vinylcolors.co\/en\/wp-json\/wp\/v2\/media\/8953"}],"wp:attachment":[{"href":"https:\/\/vinylcolors.co\/en\/wp-json\/wp\/v2\/media?parent=8950"}],"wp:term":[{"taxonomy":"product_brand","embeddable":true,"href":"https:\/\/vinylcolors.co\/en\/wp-json\/wp\/v2\/product_brand?post=8950"},{"taxonomy":"product_cat","embeddable":true,"href":"https:\/\/vinylcolors.co\/en\/wp-json\/wp\/v2\/product_cat?post=8950"},{"taxonomy":"product_tag","embeddable":true,"href":"https:\/\/vinylcolors.co\/en\/wp-json\/wp\/v2\/product_tag?post=8950"}],"curies":[{"name":"wp","href":"https:\/\/api.w.org\/{rel}","templated":true}]}}