{"id":9390,"date":"2025-09-24T13:44:46","date_gmt":"2025-09-24T18:44:46","guid":{"rendered":"https:\/\/h3j.aec.mytemp.website\/?post_type=product&#038;p=9390"},"modified":"2026-02-20T13:33:27","modified_gmt":"2026-02-20T18:33:27","slug":"vinilo-textil-pu-elite","status":"publish","type":"product","link":"https:\/\/vinylcolors.co\/en\/product\/vinilo-textil-pu-elite\/","title":{"rendered":"Vinilo Textil PU Elite"},"content":{"rendered":"<ul data-start=\"1246\" data-end=\"1726\">\n<li data-start=\"1246\" data-end=\"1269\">\n<p data-start=\"1248\" data-end=\"1269\"><strong data-start=\"1248\" data-end=\"1260\">Espesor:<\/strong> 70 \u00b5m.<\/p>\n<\/li>\n<li data-start=\"1270\" data-end=\"1305\">\n<p data-start=\"1272\" data-end=\"1305\"><strong data-start=\"1272\" data-end=\"1285\">Material:<\/strong> Poliuretano (PU).<\/p>\n<\/li>\n<li data-start=\"1306\" data-end=\"1360\">\n<p data-start=\"1308\" data-end=\"1360\"><strong data-start=\"1308\" data-end=\"1320\">Acabado:<\/strong> Suave y delgado para mayor comodidad.<\/p>\n<\/li>\n<li data-start=\"1361\" data-end=\"1423\">\n<p data-start=\"1363\" data-end=\"1423\"><strong data-start=\"1363\" data-end=\"1394\">Condici\u00f3n de transferencia:<\/strong> 130 \u00b0C durante 6 segundos.<\/p>\n<\/li>\n<li data-start=\"1424\" data-end=\"1462\">\n<p data-start=\"1426\" data-end=\"1462\"><strong data-start=\"1426\" data-end=\"1446\">Medida de rollo:<\/strong> 51 cm x 25 m.<\/p>\n<\/li>\n<li data-start=\"1463\" data-end=\"1537\">\n<p data-start=\"1465\" data-end=\"1537\"><strong data-start=\"1465\" data-end=\"1504\">Elasticidad y estiramiento superior<\/strong>, ideal para prendas ajustadas.<\/p>\n<\/li>\n<li data-start=\"1538\" data-end=\"1581\">\n<p data-start=\"1540\" data-end=\"1581\"><strong data-start=\"1540\" data-end=\"1578\">F\u00e1cil de cortar, depilar y aplicar<\/strong>.<\/p>\n<\/li>\n<li data-start=\"1582\" data-end=\"1657\">\n<p data-start=\"1584\" data-end=\"1657\"><strong data-start=\"1584\" data-end=\"1608\">Durabilidad superior<\/strong>, resistente a m\u00faltiples lavados (hasta 60 \u00b0C).<\/p>\n<\/li>\n<li data-start=\"1658\" data-end=\"1726\">\n<p data-start=\"1660\" data-end=\"1726\">Compatible con <strong data-start=\"1675\" data-end=\"1723\">lycra, spandex, algod\u00f3n, poli\u00e9ster y mezclas<\/strong>.<\/p>\n<\/li>\n<\/ul>","protected":false},"excerpt":{"rendered":"<p>El <strong data-start=\"310\" data-end=\"336\">Vinilo Textil PU Elite<\/strong> es un material termo-adhesivo de <strong data-start=\"370\" data-end=\"411\">poliuretano (PU) ultrafino y flexible<\/strong>, dise\u00f1ado para brindar acabados profesionales en la personalizaci\u00f3n textil. Con un espesor de <strong data-start=\"506\" data-end=\"519\">70 micras<\/strong>, ofrece una gran elasticidad y capacidad de estiramiento, lo que lo hace perfecto para prendas deportivas, moda y textiles ajustados.<\/p>","protected":false},"featured_media":9391,"comment_status":"open","ping_status":"closed","template":"","meta":{"inline_featured_image":false},"product_brand":[],"product_cat":[126,94],"product_tag":[],"class_list":{"0":"post-9390","1":"product","2":"type-product","3":"status-publish","4":"has-post-thumbnail","6":"product_cat-pu-elite","7":"product_cat-vinilo-textil","8":"pa_acabado-mate","9":"pa_color-azul-navy","10":"pa_color-azul-royal-fuerte","11":"pa_color-blanco","12":"pa_color-coral","13":"pa_color-indi-pink","14":"pa_color-lilac","15":"pa_color-negro","16":"pa_color-purpura-fuerte","17":"pa_color-rojo-brillante","18":"pa_color-rojo-fuerte","19":"pa_color-rosado","20":"pa_color-turquesa","21":"pa_medidas-0-51-x-25-m","24":"instock","25":"taxable","26":"shipping-taxable","27":"purchasable","28":"product-type-variable"},"yoast_head":"<!-- This site is optimized with the Yoast SEO Premium plugin v27.3 (Yoast SEO v27.3) - https:\/\/yoast.com\/product\/yoast-seo-premium-wordpress\/ -->\n<title>Vinilo Textil PU Elite - Vinyl Colors<\/title>\n<meta name=\"description\" content=\"Vinilo Textil PU Elite ultrafino y el\u00e1stico, ideal para prendas deportivas y ajustadas. compatible con lycra, spandex, algod\u00f3n y poli\u00e9ster.\" \/>\n<meta name=\"robots\" content=\"index, follow, max-snippet:-1, max-image-preview:large, max-video-preview:-1\" \/>\n<link rel=\"canonical\" href=\"https:\/\/vinylcolors.co\/en\/product\/vinilo-textil-pu-elite\/\" \/>\n<meta property=\"og:locale\" content=\"en_US\" \/>\n<meta property=\"og:type\" content=\"article\" \/>\n<meta property=\"og:title\" content=\"Vinilo Textil PU Elite\" \/>\n<meta property=\"og:description\" content=\"Vinilo Textil PU Elite ultrafino y el\u00e1stico, ideal para prendas deportivas y ajustadas. compatible con lycra, spandex, algod\u00f3n y poli\u00e9ster.\" \/>\n<meta property=\"og:url\" content=\"https:\/\/vinylcolors.co\/en\/product\/vinilo-textil-pu-elite\/\" \/>\n<meta property=\"og:site_name\" content=\"Vinyl Colors\" \/>\n<meta property=\"article:publisher\" content=\"https:\/\/www.facebook.com\/vinyl.color\" \/>\n<meta property=\"article:modified_time\" content=\"2026-02-20T18:33:27+00:00\" \/>\n<meta property=\"og:image\" content=\"https:\/\/vinylcolors.co\/wp-content\/uploads\/2025\/09\/PERFIL-660x440.png\" \/>\n\t<meta property=\"og:image:width\" content=\"660\" \/>\n\t<meta property=\"og:image:height\" content=\"440\" \/>\n\t<meta property=\"og:image:type\" content=\"image\/png\" \/>\n<meta name=\"twitter:card\" content=\"summary_large_image\" \/>\n<meta name=\"twitter:label1\" content=\"Availability\" \/>\n\t<meta name=\"twitter:data1\" content=\"In stock\" \/>\n<script type=\"application\/ld+json\" class=\"yoast-schema-graph\">{\"@context\":\"https:\\\/\\\/schema.org\",\"@graph\":[{\"@type\":\"WebPage\",\"@id\":\"https:\\\/\\\/vinylcolors.co\\\/en\\\/product\\\/vinilo-textil-pu-elite\\\/\",\"url\":\"https:\\\/\\\/vinylcolors.co\\\/en\\\/product\\\/vinilo-textil-pu-elite\\\/\",\"name\":\"Vinilo Textil PU Elite - Vinyl Colors\",\"isPartOf\":{\"@id\":\"https:\\\/\\\/vinylcolors.co\\\/en\\\/#website\"},\"primaryImageOfPage\":{\"@id\":\"https:\\\/\\\/vinylcolors.co\\\/en\\\/product\\\/vinilo-textil-pu-elite\\\/#primaryimage\"},\"image\":{\"@id\":\"https:\\\/\\\/vinylcolors.co\\\/en\\\/product\\\/vinilo-textil-pu-elite\\\/#primaryimage\"},\"thumbnailUrl\":\"https:\\\/\\\/vinylcolors.co\\\/wp-content\\\/uploads\\\/2025\\\/09\\\/PERFIL.png\",\"datePublished\":\"2025-09-24T18:44:46+00:00\",\"dateModified\":\"2026-02-20T18:33:27+00:00\",\"description\":\"Vinilo Textil PU Elite ultrafino y el\u00e1stico, ideal para prendas deportivas y ajustadas. compatible con lycra, spandex, algod\u00f3n y poli\u00e9ster.\",\"breadcrumb\":{\"@id\":\"https:\\\/\\\/vinylcolors.co\\\/en\\\/product\\\/vinilo-textil-pu-elite\\\/#breadcrumb\"},\"inLanguage\":\"en-US\",\"potentialAction\":[{\"@type\":\"ReadAction\",\"target\":[\"https:\\\/\\\/vinylcolors.co\\\/en\\\/product\\\/vinilo-textil-pu-elite\\\/\"]}]},{\"@type\":\"ImageObject\",\"inLanguage\":\"en-US\",\"@id\":\"https:\\\/\\\/vinylcolors.co\\\/en\\\/product\\\/vinilo-textil-pu-elite\\\/#primaryimage\",\"url\":\"https:\\\/\\\/vinylcolors.co\\\/wp-content\\\/uploads\\\/2025\\\/09\\\/PERFIL.png\",\"contentUrl\":\"https:\\\/\\\/vinylcolors.co\\\/wp-content\\\/uploads\\\/2025\\\/09\\\/PERFIL.png\",\"width\":1536,\"height\":1024},{\"@type\":\"BreadcrumbList\",\"@id\":\"https:\\\/\\\/vinylcolors.co\\\/en\\\/product\\\/vinilo-textil-pu-elite\\\/#breadcrumb\",\"itemListElement\":[{\"@type\":\"ListItem\",\"position\":1,\"name\":\"Inicio\",\"item\":\"https:\\\/\\\/vinylcolors.co\\\/en\\\/\"},{\"@type\":\"ListItem\",\"position\":2,\"name\":\"Shop\",\"item\":\"https:\\\/\\\/vinylcolors.co\\\/en\\\/shop\\\/\"},{\"@type\":\"ListItem\",\"position\":3,\"name\":\"Vinilo Textil PU Elite\"}]},{\"@type\":\"WebSite\",\"@id\":\"https:\\\/\\\/vinylcolors.co\\\/en\\\/#website\",\"url\":\"https:\\\/\\\/vinylcolors.co\\\/en\\\/\",\"name\":\"Vinyl Colors\",\"description\":\"Competimos con calidad, servicio, y los mejores precios\",\"publisher\":{\"@id\":\"https:\\\/\\\/vinylcolors.co\\\/en\\\/#organization\"},\"potentialAction\":[{\"@type\":\"SearchAction\",\"target\":{\"@type\":\"EntryPoint\",\"urlTemplate\":\"https:\\\/\\\/vinylcolors.co\\\/en\\\/?s={search_term_string}\"},\"query-input\":{\"@type\":\"PropertyValueSpecification\",\"valueRequired\":true,\"valueName\":\"search_term_string\"}}],\"inLanguage\":\"en-US\"},{\"@type\":[\"Organization\",\"Place\"],\"@id\":\"https:\\\/\\\/vinylcolors.co\\\/en\\\/#organization\",\"name\":\"Vinyl Colors\",\"url\":\"https:\\\/\\\/vinylcolors.co\\\/en\\\/\",\"logo\":{\"@id\":\"https:\\\/\\\/vinylcolors.co\\\/en\\\/product\\\/vinilo-textil-pu-elite\\\/#local-main-organization-logo\"},\"image\":{\"@id\":\"https:\\\/\\\/vinylcolors.co\\\/en\\\/product\\\/vinilo-textil-pu-elite\\\/#local-main-organization-logo\"},\"sameAs\":[\"https:\\\/\\\/www.facebook.com\\\/vinyl.color\",\"https:\\\/\\\/www.instagram.com\\\/vinyl.colors\\\/\"],\"telephone\":[],\"openingHoursSpecification\":[{\"@type\":\"OpeningHoursSpecification\",\"dayOfWeek\":[\"Monday\",\"Tuesday\",\"Wednesday\",\"Thursday\",\"Friday\",\"Saturday\",\"Sunday\"],\"opens\":\"09:00\",\"closes\":\"17:00\"}]},{\"@type\":\"ImageObject\",\"inLanguage\":\"en-US\",\"@id\":\"https:\\\/\\\/vinylcolors.co\\\/en\\\/product\\\/vinilo-textil-pu-elite\\\/#local-main-organization-logo\",\"url\":\"https:\\\/\\\/vinylcolors.co\\\/wp-content\\\/uploads\\\/2025\\\/05\\\/logo-vinyl-colors.png\",\"contentUrl\":\"https:\\\/\\\/vinylcolors.co\\\/wp-content\\\/uploads\\\/2025\\\/05\\\/logo-vinyl-colors.png\",\"width\":500,\"height\":83,\"caption\":\"Vinyl Colors\"}]}<\/script>\n<meta property=\"og:availability\" content=\"instock\" \/>\n<meta property=\"product:availability\" content=\"instock\" \/>\n<meta property=\"product:condition\" content=\"new\" \/>\n<!-- \/ Yoast SEO Premium plugin. -->","yoast_head_json":{"title":"Vinilo Textil PU Elite - Vinyl Colors","description":"Vinilo Textil PU Elite ultrafino y el\u00e1stico, ideal para prendas deportivas y ajustadas. compatible con lycra, spandex, algod\u00f3n y poli\u00e9ster.","robots":{"index":"index","follow":"follow","max-snippet":"max-snippet:-1","max-image-preview":"max-image-preview:large","max-video-preview":"max-video-preview:-1"},"canonical":"https:\/\/vinylcolors.co\/en\/product\/vinilo-textil-pu-elite\/","og_locale":"en_US","og_type":"article","og_title":"Vinilo Textil PU Elite","og_description":"Vinilo Textil PU Elite ultrafino y el\u00e1stico, ideal para prendas deportivas y ajustadas. compatible con lycra, spandex, algod\u00f3n y poli\u00e9ster.","og_url":"https:\/\/vinylcolors.co\/en\/product\/vinilo-textil-pu-elite\/","og_site_name":"Vinyl Colors","article_publisher":"https:\/\/www.facebook.com\/vinyl.color","article_modified_time":"2026-02-20T18:33:27+00:00","og_image":[{"width":660,"height":440,"url":"https:\/\/vinylcolors.co\/wp-content\/uploads\/2025\/09\/PERFIL-660x440.png","type":"image\/png"}],"twitter_card":"summary_large_image","twitter_misc":{"Availability":"In stock"},"schema":{"@context":"https:\/\/schema.org","@graph":[{"@type":"WebPage","@id":"https:\/\/vinylcolors.co\/en\/product\/vinilo-textil-pu-elite\/","url":"https:\/\/vinylcolors.co\/en\/product\/vinilo-textil-pu-elite\/","name":"Vinilo Textil PU Elite - Vinyl Colors","isPartOf":{"@id":"https:\/\/vinylcolors.co\/en\/#website"},"primaryImageOfPage":{"@id":"https:\/\/vinylcolors.co\/en\/product\/vinilo-textil-pu-elite\/#primaryimage"},"image":{"@id":"https:\/\/vinylcolors.co\/en\/product\/vinilo-textil-pu-elite\/#primaryimage"},"thumbnailUrl":"https:\/\/vinylcolors.co\/wp-content\/uploads\/2025\/09\/PERFIL.png","datePublished":"2025-09-24T18:44:46+00:00","dateModified":"2026-02-20T18:33:27+00:00","description":"Vinilo Textil PU Elite ultrafino y el\u00e1stico, ideal para prendas deportivas y ajustadas. compatible con lycra, spandex, algod\u00f3n y poli\u00e9ster.","breadcrumb":{"@id":"https:\/\/vinylcolors.co\/en\/product\/vinilo-textil-pu-elite\/#breadcrumb"},"inLanguage":"en-US","potentialAction":[{"@type":"ReadAction","target":["https:\/\/vinylcolors.co\/en\/product\/vinilo-textil-pu-elite\/"]}]},{"@type":"ImageObject","inLanguage":"en-US","@id":"https:\/\/vinylcolors.co\/en\/product\/vinilo-textil-pu-elite\/#primaryimage","url":"https:\/\/vinylcolors.co\/wp-content\/uploads\/2025\/09\/PERFIL.png","contentUrl":"https:\/\/vinylcolors.co\/wp-content\/uploads\/2025\/09\/PERFIL.png","width":1536,"height":1024},{"@type":"BreadcrumbList","@id":"https:\/\/vinylcolors.co\/en\/product\/vinilo-textil-pu-elite\/#breadcrumb","itemListElement":[{"@type":"ListItem","position":1,"name":"Inicio","item":"https:\/\/vinylcolors.co\/en\/"},{"@type":"ListItem","position":2,"name":"Shop","item":"https:\/\/vinylcolors.co\/en\/shop\/"},{"@type":"ListItem","position":3,"name":"Vinilo Textil PU Elite"}]},{"@type":"WebSite","@id":"https:\/\/vinylcolors.co\/en\/#website","url":"https:\/\/vinylcolors.co\/en\/","name":"Vinyl Colors","description":"Competimos con calidad, servicio, y los mejores precios","publisher":{"@id":"https:\/\/vinylcolors.co\/en\/#organization"},"potentialAction":[{"@type":"SearchAction","target":{"@type":"EntryPoint","urlTemplate":"https:\/\/vinylcolors.co\/en\/?s={search_term_string}"},"query-input":{"@type":"PropertyValueSpecification","valueRequired":true,"valueName":"search_term_string"}}],"inLanguage":"en-US"},{"@type":["Organization","Place"],"@id":"https:\/\/vinylcolors.co\/en\/#organization","name":"Vinyl Colors","url":"https:\/\/vinylcolors.co\/en\/","logo":{"@id":"https:\/\/vinylcolors.co\/en\/product\/vinilo-textil-pu-elite\/#local-main-organization-logo"},"image":{"@id":"https:\/\/vinylcolors.co\/en\/product\/vinilo-textil-pu-elite\/#local-main-organization-logo"},"sameAs":["https:\/\/www.facebook.com\/vinyl.color","https:\/\/www.instagram.com\/vinyl.colors\/"],"telephone":[],"openingHoursSpecification":[{"@type":"OpeningHoursSpecification","dayOfWeek":["Monday","Tuesday","Wednesday","Thursday","Friday","Saturday","Sunday"],"opens":"09:00","closes":"17:00"}]},{"@type":"ImageObject","inLanguage":"en-US","@id":"https:\/\/vinylcolors.co\/en\/product\/vinilo-textil-pu-elite\/#local-main-organization-logo","url":"https:\/\/vinylcolors.co\/wp-content\/uploads\/2025\/05\/logo-vinyl-colors.png","contentUrl":"https:\/\/vinylcolors.co\/wp-content\/uploads\/2025\/05\/logo-vinyl-colors.png","width":500,"height":83,"caption":"Vinyl Colors"}]},"og_availability":"instock","product_availability":"instock","product_condition":"new"},"_links":{"self":[{"href":"https:\/\/vinylcolors.co\/en\/wp-json\/wp\/v2\/product\/9390","targetHints":{"allow":["GET"]}}],"collection":[{"href":"https:\/\/vinylcolors.co\/en\/wp-json\/wp\/v2\/product"}],"about":[{"href":"https:\/\/vinylcolors.co\/en\/wp-json\/wp\/v2\/types\/product"}],"replies":[{"embeddable":true,"href":"https:\/\/vinylcolors.co\/en\/wp-json\/wp\/v2\/comments?post=9390"}],"wp:featuredmedia":[{"embeddable":true,"href":"https:\/\/vinylcolors.co\/en\/wp-json\/wp\/v2\/media\/9391"}],"wp:attachment":[{"href":"https:\/\/vinylcolors.co\/en\/wp-json\/wp\/v2\/media?parent=9390"}],"wp:term":[{"taxonomy":"product_brand","embeddable":true,"href":"https:\/\/vinylcolors.co\/en\/wp-json\/wp\/v2\/product_brand?post=9390"},{"taxonomy":"product_cat","embeddable":true,"href":"https:\/\/vinylcolors.co\/en\/wp-json\/wp\/v2\/product_cat?post=9390"},{"taxonomy":"product_tag","embeddable":true,"href":"https:\/\/vinylcolors.co\/en\/wp-json\/wp\/v2\/product_tag?post=9390"}],"curies":[{"name":"wp","href":"https:\/\/api.w.org\/{rel}","templated":true}]}}